{"id":15882,"date":"2023-03-06T19:21:29","date_gmt":"2023-03-06T18:21:29","guid":{"rendered":"https:\/\/macchiaverde-bio.shop\/?post_type=product&#038;p=15882"},"modified":"2024-06-22T12:09:25","modified_gmt":"2024-06-22T10:09:25","slug":"stora-fyllda-oliver-med-mandel-i-burk-1-kg-gourmet-kvalitet-3x","status":"publish","type":"product","link":"https:\/\/macchiaverde-bio.shop\/sv\/produkt\/stora-fyllda-oliver-med-mandel-i-burk-1-kg-gourmet-kvalitet-3x\/","title":{"rendered":"Olive ripiene grandi con mandorla i vasetto da 1 kg &#8211; kvalitetsgourmet (3x)"},"content":{"rendered":"","protected":false},"excerpt":{"rendered":"<p><strong>Stora oliver fyllda med mandel 1 kg<\/strong><br \/>\nMACCHIA VERDE-oliverna \u00e4r en rent hantverksm\u00e4ssig toppprodukt, denna lokala gourmetsort \u00e4r noggrant urk\u00e4rnad och fylld med en mandel av sorten &#8221;Filippo Cea&#8221; (du kan \u00e4ven k\u00f6pa denna separat hos oss). Oliverna \u00e4r fria fr\u00e5n all kemisk manipulation och bearbetas enligt traditionella standarder, de \u00e4r konserverade med ekologisk Macchia Verde olivolja, denna kryddiga olja b\u00f6r \u00e4ven anv\u00e4ndas efter att oliverna har \u00e4tits.<\/p>\n","protected":false},"featured_media":15922,"comment_status":"closed","ping_status":"closed","template":"","meta":[],"product_brand":[],"product_cat":[1506],"product_tag":[],"class_list":{"0":"post-15882","1":"product","2":"type-product","3":"status-publish","4":"has-post-thumbnail","6":"product_cat-oliver","8":"first","9":"instock","10":"taxable","11":"shipping-taxable","12":"purchasable","13":"product-type-simple"},"_links":{"self":[{"href":"https:\/\/macchiaverde-bio.shop\/sv\/wp-json\/wp\/v2\/product\/15882","targetHints":{"allow":["GET"]}}],"collection":[{"href":"https:\/\/macchiaverde-bio.shop\/sv\/wp-json\/wp\/v2\/product"}],"about":[{"href":"https:\/\/macchiaverde-bio.shop\/sv\/wp-json\/wp\/v2\/types\/product"}],"replies":[{"embeddable":true,"href":"https:\/\/macchiaverde-bio.shop\/sv\/wp-json\/wp\/v2\/comments?post=15882"}],"wp:featuredmedia":[{"embeddable":true,"href":"https:\/\/macchiaverde-bio.shop\/sv\/wp-json\/wp\/v2\/media\/15922"}],"wp:attachment":[{"href":"https:\/\/macchiaverde-bio.shop\/sv\/wp-json\/wp\/v2\/media?parent=15882"}],"wp:term":[{"taxonomy":"product_brand","embeddable":true,"href":"https:\/\/macchiaverde-bio.shop\/sv\/wp-json\/wp\/v2\/product_brand?post=15882"},{"taxonomy":"product_cat","embeddable":true,"href":"https:\/\/macchiaverde-bio.shop\/sv\/wp-json\/wp\/v2\/product_cat?post=15882"},{"taxonomy":"product_tag","embeddable":true,"href":"https:\/\/macchiaverde-bio.shop\/sv\/wp-json\/wp\/v2\/product_tag?post=15882"}],"curies":[{"name":"wp","href":"https:\/\/api.w.org\/{rel}","templated":true}]}}