{"id":15851,"date":"2023-03-06T19:12:34","date_gmt":"2023-03-06T18:12:34","guid":{"rendered":"https:\/\/macchiaverde-bio.shop\/?post_type=product&#038;p=15851"},"modified":"2024-06-22T12:09:51","modified_gmt":"2024-06-22T10:09:51","slug":"oliver-kryddig-i-burk-1-kg-gourmet-kvalitet-3x","status":"publish","type":"product","link":"https:\/\/macchiaverde-bio.shop\/sv\/produkt\/oliver-kryddig-i-burk-1-kg-gourmet-kvalitet-3x\/","title":{"rendered":"Kryddiga oliver i burk 1 kg &#8211; gourmetkvalitet (3x)"},"content":{"rendered":"","protected":false},"excerpt":{"rendered":"<p><strong>Oliver i burk, stenade och inlagda 1 kg<\/strong><br \/>\nOliverna MACCHIA VERDE \u00e4r en rent hantverksm\u00e4ssig toppprodukt, dessa sm\u00e5 lokala oljor \u00e4r noggrant urk\u00e4rnade och inlagda med \u00f6rter och chili, givetvis med tillsats av v\u00e5r olivolja. Oliverna \u00e4r fria fr\u00e5n all kemisk manipulation och bearbetas enligt traditionella standarder, de \u00e4r konserverade med ekologisk Macchia Verde olivolja, denna kryddiga olja b\u00f6r \u00e4ven anv\u00e4ndas efter att oliverna har \u00e4tits.<\/p>\n","protected":false},"featured_media":15912,"comment_status":"open","ping_status":"closed","template":"","meta":[],"product_brand":[],"product_cat":[1506],"product_tag":[],"class_list":{"0":"post-15851","1":"product","2":"type-product","3":"status-publish","4":"has-post-thumbnail","6":"product_cat-oliver","8":"first","9":"instock","10":"taxable","11":"shipping-taxable","12":"purchasable","13":"product-type-simple"},"_links":{"self":[{"href":"https:\/\/macchiaverde-bio.shop\/sv\/wp-json\/wp\/v2\/product\/15851","targetHints":{"allow":["GET"]}}],"collection":[{"href":"https:\/\/macchiaverde-bio.shop\/sv\/wp-json\/wp\/v2\/product"}],"about":[{"href":"https:\/\/macchiaverde-bio.shop\/sv\/wp-json\/wp\/v2\/types\/product"}],"replies":[{"embeddable":true,"href":"https:\/\/macchiaverde-bio.shop\/sv\/wp-json\/wp\/v2\/comments?post=15851"}],"wp:featuredmedia":[{"embeddable":true,"href":"https:\/\/macchiaverde-bio.shop\/sv\/wp-json\/wp\/v2\/media\/15912"}],"wp:attachment":[{"href":"https:\/\/macchiaverde-bio.shop\/sv\/wp-json\/wp\/v2\/media?parent=15851"}],"wp:term":[{"taxonomy":"product_brand","embeddable":true,"href":"https:\/\/macchiaverde-bio.shop\/sv\/wp-json\/wp\/v2\/product_brand?post=15851"},{"taxonomy":"product_cat","embeddable":true,"href":"https:\/\/macchiaverde-bio.shop\/sv\/wp-json\/wp\/v2\/product_cat?post=15851"},{"taxonomy":"product_tag","embeddable":true,"href":"https:\/\/macchiaverde-bio.shop\/sv\/wp-json\/wp\/v2\/product_tag?post=15851"}],"curies":[{"name":"wp","href":"https:\/\/api.w.org\/{rel}","templated":true}]}}