{"id":15448,"date":"2022-12-22T22:53:08","date_gmt":"2022-12-22T21:53:08","guid":{"rendered":"https:\/\/macchiaverde-bio.shop\/?post_type=product&#038;p=15448"},"modified":"2024-06-22T12:10:15","modified_gmt":"2024-06-22T10:10:15","slug":"olivolja-presentask-set-4x","status":"publish","type":"product","link":"https:\/\/macchiaverde-bio.shop\/sv\/produkt\/olivolja-presentask-set-4x\/","title":{"rendered":"Olivolja presentf\u00f6rpackning (4x)"},"content":{"rendered":"","protected":false},"excerpt":{"rendered":"<p><strong>&#8211; Presentf\u00f6rpackning med olivolja (4x) &#8211; f\u00f6retag och privat<br \/>\n<\/strong><\/p>\n<p>Denna presentf\u00f6rpackning f\u00f6r mat\u00e4lskare kommer att bli en hit n\u00e4r man ger presenter till kr\u00e4sna m\u00e4nniskor.<\/p>\n<p>Setet inneh\u00e5ller valfritt ett urval av de presentf\u00f6rpackningar som erbjuds, v\u00e4lj och<br \/>\nI anteckningsf\u00e4ltet vid best\u00e4llning, anv\u00e4nd termen:<br \/>\n<strong>Presentf\u00f6rpackning 1<\/strong> <strong>x 4 eller 2<\/strong> eller ett val av alla 4 kartonger<strong><br \/>\n<\/strong>av t.ex. skriv <strong>presentf\u00f6rpackning 1<\/strong> <strong>x 1, presentf\u00f6rpackning 2 x 1, presentf\u00f6rpackning 3 x 1, presentf\u00f6rpackning 4 x 1<\/strong><\/p>\n<p>Smeraldo, en rik, fyllig gr\u00f6n olja av h\u00f6gsta kvalitet<br \/>\n\u00e4r pressad av 100% Coratina-oliver. \u00c5r efter \u00e5r har den deltagit i alla nationella och internationella t\u00e4vlingar och har bel\u00f6nats med upp till platinamedaljer i kategorierna Healthclaim och &#8221;Full Fruity&#8221;. Med sina upp till 1081mg\/kg polyfenoler (sk\u00f6rd 2021\/2022) \u00e4r den i toppen av internationell oljeproduktion.<br \/>\n1x Eliodoro, en balanserad gyllengul olja av h\u00f6gsta kvalitet<br \/>\nerh\u00e5lls fr\u00e5n 70% Coratina och 30% Ogliarola oliver. Den har deltagit i alla nationella och internationella t\u00e4vlingar och har bel\u00f6nats med guldmedaljer i kategorin &#8221;medium fruktig&#8221;.<\/p>\n","protected":false},"featured_media":15378,"comment_status":"open","ping_status":"closed","template":"","meta":[],"product_brand":[],"product_cat":[1193,1194],"product_tag":[1196,1192,1195,1191],"class_list":{"0":"post-15448","1":"product","2":"type-product","3":"status-publish","4":"has-post-thumbnail","6":"product_cat-olivolja-flaskor","7":"product_cat-presentfoerpackningar","8":"product_tag-erbjudande","9":"product_tag-fruktig-sv","10":"product_tag-intensiv-sv","11":"product_tag-olivenoel-sv","13":"first","14":"instock","15":"taxable","16":"shipping-taxable","17":"purchasable","18":"product-type-simple"},"_links":{"self":[{"href":"https:\/\/macchiaverde-bio.shop\/sv\/wp-json\/wp\/v2\/product\/15448","targetHints":{"allow":["GET"]}}],"collection":[{"href":"https:\/\/macchiaverde-bio.shop\/sv\/wp-json\/wp\/v2\/product"}],"about":[{"href":"https:\/\/macchiaverde-bio.shop\/sv\/wp-json\/wp\/v2\/types\/product"}],"replies":[{"embeddable":true,"href":"https:\/\/macchiaverde-bio.shop\/sv\/wp-json\/wp\/v2\/comments?post=15448"}],"wp:featuredmedia":[{"embeddable":true,"href":"https:\/\/macchiaverde-bio.shop\/sv\/wp-json\/wp\/v2\/media\/15378"}],"wp:attachment":[{"href":"https:\/\/macchiaverde-bio.shop\/sv\/wp-json\/wp\/v2\/media?parent=15448"}],"wp:term":[{"taxonomy":"product_brand","embeddable":true,"href":"https:\/\/macchiaverde-bio.shop\/sv\/wp-json\/wp\/v2\/product_brand?post=15448"},{"taxonomy":"product_cat","embeddable":true,"href":"https:\/\/macchiaverde-bio.shop\/sv\/wp-json\/wp\/v2\/product_cat?post=15448"},{"taxonomy":"product_tag","embeddable":true,"href":"https:\/\/macchiaverde-bio.shop\/sv\/wp-json\/wp\/v2\/product_tag?post=15448"}],"curies":[{"name":"wp","href":"https:\/\/api.w.org\/{rel}","templated":true}]}}