{"id":15408,"date":"2022-12-22T22:43:48","date_gmt":"2022-12-22T21:43:48","guid":{"rendered":"https:\/\/macchiaverde-bio.shop\/?post_type=product&#038;p=15408"},"modified":"2024-06-22T12:10:23","modified_gmt":"2024-06-22T10:10:23","slug":"ekologisk-olivolja-lo-smeraldo-flaskor-12-x-250-ml","status":"publish","type":"product","link":"https:\/\/macchiaverde-bio.shop\/sv\/produkt\/ekologisk-olivolja-lo-smeraldo-flaskor-12-x-250-ml\/","title":{"rendered":"Ekologisk olivolja &#8211; Lo Smeraldo &#8211; Flaskor 12 x 250 ml"},"content":{"rendered":"","protected":false},"excerpt":{"rendered":"<p><strong>&#8211; Kartong da 12 bottiglie &#8211;<\/strong><\/p>\n<p id=\"tw-target-text\" class=\"tw-data-text tw-text-large tw-ta\" dir=\"ltr\" data-placeholder=\"\u00dcbersetzung\"><span lang=\"de\">Smeraldo \u00e4r en gr\u00f6n olivolja med en kropp av h\u00f6g kvalitet, \u00e4ven den fr\u00e5n 100% Coratina-oliven. F\u00f6rra \u00e5ret deltog vi i b\u00e5de nationella och internationella t\u00e4vlingar och bel\u00f6nades med ett pris med Platinum Award i kategorierna &#8221;Fullfruktig&#8221; och &#8221;H\u00e4lsop\u00e5st\u00e5ende&#8221;, som bygger p\u00e5 den internationella produktionen av olivolja.<\/span><\/p>\n<p class=\"tw-data-text tw-text-large tw-ta\" dir=\"ltr\" data-placeholder=\"\u00dcbersetzung\"><span lang=\"de\">Grazie all&#8217;utilizzo esclusivo di <strong>oliv Coratina<\/strong> , Smeraldo si caratterizza per <strong>l&#8217;altissimo<\/strong> <strong>inneh\u00e5ll di polifenoli<\/strong> . Soprattutto alt inneh\u00e5llet i polifenoli ger all&#8217;olio di Coratina en gusto <strong>intensiv, fruttato e fresco<\/strong> . Olivens parfym \u00e4r klar och obekv\u00e4m, samma chiare-ton av frukt cruda al gusto och ton av mandorle verdi friskhet.<\/span><\/p>\n<p dir=\"ltr\" data-placeholder=\"\u00dcbersetzung\">Lo Smeraldo \u00e4r idealisk f\u00f6r <strong>pizza<\/strong> och <strong>primi<\/strong> piatti, inklusive focacce, <strong>kex<\/strong> och <strong>piatti alla griglia<\/strong> . Detta g\u00f6r ocks\u00e5 olivoljan idealisk f\u00f6r <strong>att marinera grigliate<\/strong> och halshuggning, s\u00e5 att det massiva inneh\u00e5llet av polifenoli tr\u00e4nger in i carne och transporterar aromen av arten.<\/p>\n","protected":false},"featured_media":15438,"comment_status":"closed","ping_status":"closed","template":"","meta":[],"product_brand":[],"product_cat":[1193],"product_tag":[],"class_list":{"0":"post-15408","1":"product","2":"type-product","3":"status-publish","4":"has-post-thumbnail","6":"product_cat-olivolja-flaskor","8":"first","9":"instock","10":"taxable","11":"shipping-taxable","12":"purchasable","13":"product-type-simple"},"_links":{"self":[{"href":"https:\/\/macchiaverde-bio.shop\/sv\/wp-json\/wp\/v2\/product\/15408","targetHints":{"allow":["GET"]}}],"collection":[{"href":"https:\/\/macchiaverde-bio.shop\/sv\/wp-json\/wp\/v2\/product"}],"about":[{"href":"https:\/\/macchiaverde-bio.shop\/sv\/wp-json\/wp\/v2\/types\/product"}],"replies":[{"embeddable":true,"href":"https:\/\/macchiaverde-bio.shop\/sv\/wp-json\/wp\/v2\/comments?post=15408"}],"wp:featuredmedia":[{"embeddable":true,"href":"https:\/\/macchiaverde-bio.shop\/sv\/wp-json\/wp\/v2\/media\/15438"}],"wp:attachment":[{"href":"https:\/\/macchiaverde-bio.shop\/sv\/wp-json\/wp\/v2\/media?parent=15408"}],"wp:term":[{"taxonomy":"product_brand","embeddable":true,"href":"https:\/\/macchiaverde-bio.shop\/sv\/wp-json\/wp\/v2\/product_brand?post=15408"},{"taxonomy":"product_cat","embeddable":true,"href":"https:\/\/macchiaverde-bio.shop\/sv\/wp-json\/wp\/v2\/product_cat?post=15408"},{"taxonomy":"product_tag","embeddable":true,"href":"https:\/\/macchiaverde-bio.shop\/sv\/wp-json\/wp\/v2\/product_tag?post=15408"}],"curies":[{"name":"wp","href":"https:\/\/api.w.org\/{rel}","templated":true}]}}