{"id":15398,"date":"2022-12-22T22:41:34","date_gmt":"2022-12-22T21:41:34","guid":{"rendered":"https:\/\/macchiaverde-bio.shop\/?post_type=product&#038;p=15398"},"modified":"2024-06-22T12:10:26","modified_gmt":"2024-06-22T10:10:26","slug":"ekologisk-olivolja-leliodoro-flaskor-12-x-250-ml","status":"publish","type":"product","link":"https:\/\/macchiaverde-bio.shop\/sv\/produkt\/ekologisk-olivolja-leliodoro-flaskor-12-x-250-ml\/","title":{"rendered":"Ekologisk olivolja &#8211; L&#8217;Eliodoro &#8211; Flaskor 12 x 250 ml"},"content":{"rendered":"","protected":false},"excerpt":{"rendered":"<p>&#8211;  <span><strong>Kartong f\u00f6r 12 bottiglie &#8211;<\/strong><br \/>\nEliodoro \u00e4r en balanserad olivolja, med h\u00f6gsta kvalitet, inklusive 70 % Coratina-oliven och 30 % Ogliarola. Den delas ut p\u00e5 nationella och internationella marknader, med en medalj i silver i kategorin &#8221;Fruttato medium&#8221;, och \u00e4r ett av barnen i denna kategori med ett inneh\u00e5ll av polifenoli di 714 mg \/ kg.<\/span><\/p>\n","protected":false},"featured_media":15358,"comment_status":"open","ping_status":"closed","template":"","meta":[],"product_brand":[],"product_cat":[1193],"product_tag":[1192,1195,1191],"class_list":{"0":"post-15398","1":"product","2":"type-product","3":"status-publish","4":"has-post-thumbnail","6":"product_cat-olivolja-flaskor","7":"product_tag-fruktig-sv","8":"product_tag-intensiv-sv","9":"product_tag-olivenoel-sv","11":"first","12":"instock","13":"taxable","14":"shipping-taxable","15":"purchasable","16":"product-type-simple"},"_links":{"self":[{"href":"https:\/\/macchiaverde-bio.shop\/sv\/wp-json\/wp\/v2\/product\/15398","targetHints":{"allow":["GET"]}}],"collection":[{"href":"https:\/\/macchiaverde-bio.shop\/sv\/wp-json\/wp\/v2\/product"}],"about":[{"href":"https:\/\/macchiaverde-bio.shop\/sv\/wp-json\/wp\/v2\/types\/product"}],"replies":[{"embeddable":true,"href":"https:\/\/macchiaverde-bio.shop\/sv\/wp-json\/wp\/v2\/comments?post=15398"}],"wp:featuredmedia":[{"embeddable":true,"href":"https:\/\/macchiaverde-bio.shop\/sv\/wp-json\/wp\/v2\/media\/15358"}],"wp:attachment":[{"href":"https:\/\/macchiaverde-bio.shop\/sv\/wp-json\/wp\/v2\/media?parent=15398"}],"wp:term":[{"taxonomy":"product_brand","embeddable":true,"href":"https:\/\/macchiaverde-bio.shop\/sv\/wp-json\/wp\/v2\/product_brand?post=15398"},{"taxonomy":"product_cat","embeddable":true,"href":"https:\/\/macchiaverde-bio.shop\/sv\/wp-json\/wp\/v2\/product_cat?post=15398"},{"taxonomy":"product_tag","embeddable":true,"href":"https:\/\/macchiaverde-bio.shop\/sv\/wp-json\/wp\/v2\/product_tag?post=15398"}],"curies":[{"name":"wp","href":"https:\/\/api.w.org\/{rel}","templated":true}]}}