{"id":15388,"date":"2022-12-22T22:38:56","date_gmt":"2022-12-22T21:38:56","guid":{"rendered":"https:\/\/macchiaverde-bio.shop\/?post_type=product&#038;p=15388"},"modified":"2024-06-22T12:10:54","modified_gmt":"2024-06-22T10:10:54","slug":"organisk-olivolja-klassisk-kapsel-5-l","status":"publish","type":"product","link":"https:\/\/macchiaverde-bio.shop\/sv\/produkt\/organisk-olivolja-klassisk-kapsel-5-l\/","title":{"rendered":"Ekologisk olivolja &#8211; Klassisk &#8211; Kanister 5 L"},"content":{"rendered":"","protected":false},"excerpt":{"rendered":"<p><strong>\u2013 Ekologisk olivolja &#8211; Classic &#8211; Kanister 5 L \u2013<\/strong><br \/>\nClassic \u00e4r en h\u00f6gkvalitativ, balanserad olivolja, en blandning av Coratina och Ogliarola oliver. Den har en gyllengul f\u00e4rg med gr\u00f6na reflektioner, medium fruktig, fyllig, med toner av mandel och kron\u00e4rtskockor. Den passar till ett brett utbud av r\u00e4tter och kan \u00e4ven beskrivas som &#8221;olivoljan f\u00f6r varje dag&#8221;.<\/p>\n","protected":false},"featured_media":15368,"comment_status":"open","ping_status":"closed","template":"","meta":[],"product_brand":[],"product_cat":[1211],"product_tag":[1192,1195,1191],"class_list":{"0":"post-15388","1":"product","2":"type-product","3":"status-publish","4":"has-post-thumbnail","6":"product_cat-olivolja-burk","7":"product_tag-fruktig-sv","8":"product_tag-intensiv-sv","9":"product_tag-olivenoel-sv","11":"first","12":"instock","13":"taxable","14":"shipping-taxable","15":"purchasable","16":"product-type-simple"},"_links":{"self":[{"href":"https:\/\/macchiaverde-bio.shop\/sv\/wp-json\/wp\/v2\/product\/15388","targetHints":{"allow":["GET"]}}],"collection":[{"href":"https:\/\/macchiaverde-bio.shop\/sv\/wp-json\/wp\/v2\/product"}],"about":[{"href":"https:\/\/macchiaverde-bio.shop\/sv\/wp-json\/wp\/v2\/types\/product"}],"replies":[{"embeddable":true,"href":"https:\/\/macchiaverde-bio.shop\/sv\/wp-json\/wp\/v2\/comments?post=15388"}],"wp:featuredmedia":[{"embeddable":true,"href":"https:\/\/macchiaverde-bio.shop\/sv\/wp-json\/wp\/v2\/media\/15368"}],"wp:attachment":[{"href":"https:\/\/macchiaverde-bio.shop\/sv\/wp-json\/wp\/v2\/media?parent=15388"}],"wp:term":[{"taxonomy":"product_brand","embeddable":true,"href":"https:\/\/macchiaverde-bio.shop\/sv\/wp-json\/wp\/v2\/product_brand?post=15388"},{"taxonomy":"product_cat","embeddable":true,"href":"https:\/\/macchiaverde-bio.shop\/sv\/wp-json\/wp\/v2\/product_cat?post=15388"},{"taxonomy":"product_tag","embeddable":true,"href":"https:\/\/macchiaverde-bio.shop\/sv\/wp-json\/wp\/v2\/product_tag?post=15388"}],"curies":[{"name":"wp","href":"https:\/\/api.w.org\/{rel}","templated":true}]}}