{"id":15318,"date":"2022-12-16T19:18:11","date_gmt":"2022-12-16T18:18:11","guid":{"rendered":"https:\/\/macchiaverde-bio.shop\/produkt\/blandade-oliver-220-g-6x\/"},"modified":"2024-06-22T12:11:05","modified_gmt":"2024-06-22T10:11:05","slug":"oliver-blandade-220-g-6x","status":"publish","type":"product","link":"https:\/\/macchiaverde-bio.shop\/sv\/produkt\/oliver-blandade-220-g-6x\/","title":{"rendered":"Blandade oliver 220 g (6x)"},"content":{"rendered":"","protected":false},"excerpt":{"rendered":"<p><strong>Oliver i burk 3 sorter 220 g (6x)<\/strong><\/p>\n<p>MACCHIA VERDE oliver \u00e4r en rent handgjord toppprodukt, du f\u00e5r 3 olika sorters oliver:<\/p>\n<p>1. Stora oliver fyllda med mandel<br \/>\n2. Blandade, stenade och inlagda sm\u00e5 oliver<br \/>\n3. Den lokala gourmetsorten &#8221;Termiti di Bitetto&#8221; inlagd med lager.<\/p>\n<p>Alla tre sorterna \u00e4r fria fr\u00e5n kemisk manipulation och bearbetade enligt traditionella standarder. De \u00e4r alla fyllda med MACCHIA VERDE BIO olivolja. Du b\u00f6r ocks\u00e5 anv\u00e4nda denna kryddiga olja om oliverna i den har \u00e4tits.<\/p>\n<p>Setet inneh\u00e5ller 1 glas av varje sort.<\/p>\n","protected":false},"featured_media":14953,"comment_status":"closed","ping_status":"closed","template":"","meta":[],"product_brand":[],"product_cat":[1504],"product_tag":[],"class_list":{"0":"post-15318","1":"product","2":"type-product","3":"status-publish","4":"has-post-thumbnail","6":"product_cat-gourmet-set","8":"first","9":"instock","10":"taxable","11":"shipping-taxable","12":"purchasable","13":"product-type-simple"},"_links":{"self":[{"href":"https:\/\/macchiaverde-bio.shop\/sv\/wp-json\/wp\/v2\/product\/15318","targetHints":{"allow":["GET"]}}],"collection":[{"href":"https:\/\/macchiaverde-bio.shop\/sv\/wp-json\/wp\/v2\/product"}],"about":[{"href":"https:\/\/macchiaverde-bio.shop\/sv\/wp-json\/wp\/v2\/types\/product"}],"replies":[{"embeddable":true,"href":"https:\/\/macchiaverde-bio.shop\/sv\/wp-json\/wp\/v2\/comments?post=15318"}],"wp:featuredmedia":[{"embeddable":true,"href":"https:\/\/macchiaverde-bio.shop\/sv\/wp-json\/wp\/v2\/media\/14953"}],"wp:attachment":[{"href":"https:\/\/macchiaverde-bio.shop\/sv\/wp-json\/wp\/v2\/media?parent=15318"}],"wp:term":[{"taxonomy":"product_brand","embeddable":true,"href":"https:\/\/macchiaverde-bio.shop\/sv\/wp-json\/wp\/v2\/product_brand?post=15318"},{"taxonomy":"product_cat","embeddable":true,"href":"https:\/\/macchiaverde-bio.shop\/sv\/wp-json\/wp\/v2\/product_cat?post=15318"},{"taxonomy":"product_tag","embeddable":true,"href":"https:\/\/macchiaverde-bio.shop\/sv\/wp-json\/wp\/v2\/product_tag?post=15318"}],"curies":[{"name":"wp","href":"https:\/\/api.w.org\/{rel}","templated":true}]}}