{"id":15315,"date":"2022-12-16T19:05:13","date_gmt":"2022-12-16T18:05:13","guid":{"rendered":"https:\/\/macchiaverde-bio.shop\/produkt\/paalaegg-graeddblandning-220-g-3x\/"},"modified":"2024-06-22T12:04:45","modified_gmt":"2024-06-22T10:04:45","slug":"bredblandad-220-g-3x","status":"publish","type":"product","link":"https:\/\/macchiaverde-bio.shop\/sv\/produkt\/bredblandad-220-g-3x\/","title":{"rendered":"P\u00e5l\u00e4gg, gr\u00e4ddblandning 220 g (3x)"},"content":{"rendered":"","protected":false},"excerpt":{"rendered":"<p><strong>Kr\u00e4mer\/kr\u00e4mer i burk 3 typer 220 g (3x)<\/strong><\/p>\n<p>De ekologiska bredbara kr\u00e4merna fr\u00e5n MACCHIA VERDE \u00e4r en toppprodukt som tillverkas helt f\u00f6r hand.<br \/>\n3 olika typer av kr\u00e4mer erh\u00e5lls:<\/p>\n<p>1. gjord av torkade k\u00f6rsb\u00e4rstomater<br \/>\n2. fr\u00e5n stora gr\u00f6na oliver<br \/>\n3. fr\u00e5n olika sorters gr\u00f6nsaker med kryddiga kryddor.<\/p>\n<p>Fri fr\u00e5n all kemisk manipulation, alla tre sorterna \u00e4r bearbetade enligt traditionella standarder och alla \u00e4r gjorda med MACCHIA VERDE BIO ekologisk olivolja.<\/p>\n<p>Setet inneh\u00e5ller 1 glas av varje sort.<\/p>\n","protected":false},"featured_media":15184,"comment_status":"open","ping_status":"closed","template":"","meta":[],"product_brand":[],"product_cat":[1504,1507],"product_tag":[],"class_list":{"0":"post-15315","1":"product","2":"type-product","3":"status-publish","4":"has-post-thumbnail","6":"product_cat-gourmet-set","7":"product_cat-paalaegg-kraemer","9":"first","10":"instock","11":"taxable","12":"shipping-taxable","13":"purchasable","14":"product-type-simple"},"_links":{"self":[{"href":"https:\/\/macchiaverde-bio.shop\/sv\/wp-json\/wp\/v2\/product\/15315","targetHints":{"allow":["GET"]}}],"collection":[{"href":"https:\/\/macchiaverde-bio.shop\/sv\/wp-json\/wp\/v2\/product"}],"about":[{"href":"https:\/\/macchiaverde-bio.shop\/sv\/wp-json\/wp\/v2\/types\/product"}],"replies":[{"embeddable":true,"href":"https:\/\/macchiaverde-bio.shop\/sv\/wp-json\/wp\/v2\/comments?post=15315"}],"wp:featuredmedia":[{"embeddable":true,"href":"https:\/\/macchiaverde-bio.shop\/sv\/wp-json\/wp\/v2\/media\/15184"}],"wp:attachment":[{"href":"https:\/\/macchiaverde-bio.shop\/sv\/wp-json\/wp\/v2\/media?parent=15315"}],"wp:term":[{"taxonomy":"product_brand","embeddable":true,"href":"https:\/\/macchiaverde-bio.shop\/sv\/wp-json\/wp\/v2\/product_brand?post=15315"},{"taxonomy":"product_cat","embeddable":true,"href":"https:\/\/macchiaverde-bio.shop\/sv\/wp-json\/wp\/v2\/product_cat?post=15315"},{"taxonomy":"product_tag","embeddable":true,"href":"https:\/\/macchiaverde-bio.shop\/sv\/wp-json\/wp\/v2\/product_tag?post=15315"}],"curies":[{"name":"wp","href":"https:\/\/api.w.org\/{rel}","templated":true}]}}