{"id":15312,"date":"2022-12-16T18:45:48","date_gmt":"2022-12-16T17:45:48","guid":{"rendered":"https:\/\/macchiaverde-bio.shop\/produkt\/oliver-i-burk-1-kg-gourmetkvalitet\/"},"modified":"2024-06-22T12:05:03","modified_gmt":"2024-06-22T10:05:03","slug":"oliver-i-burk-1-kg","status":"publish","type":"product","link":"https:\/\/macchiaverde-bio.shop\/sv\/produkt\/oliver-i-burk-1-kg\/","title":{"rendered":"Oliver i burk 1 kg &#8211; gourmetkvalitet"},"content":{"rendered":"","protected":false},"excerpt":{"rendered":"<p><strong>Oliver i burk, sort &#8221;Termiti di Bitetto&#8221; 1 kg<\/strong><br \/>\nMACCHIA VERDE oliver \u00e4r en f\u00f6rstklassig, rent hantverksprodukt, den lokala gourmetsorten &#8221;Termiti di Bitetto&#8221; konserverad med lagerolja. Oliverna \u00e4r fria fr\u00e5n all kemisk manipulation och bearbetas enligt traditionella standarder, de \u00e4r marinerade med ekologisk Macchia Verde olivolja, denna kryddiga lagerolja b\u00f6r \u00e4ven anv\u00e4ndas efter att oliverna har \u00e4tits.<\/p>\n","protected":false},"featured_media":14943,"comment_status":"open","ping_status":"closed","template":"","meta":[],"product_brand":[],"product_cat":[1506],"product_tag":[],"class_list":{"0":"post-15312","1":"product","2":"type-product","3":"status-publish","4":"has-post-thumbnail","6":"product_cat-oliver","8":"first","9":"instock","10":"taxable","11":"shipping-taxable","12":"purchasable","13":"product-type-simple"},"_links":{"self":[{"href":"https:\/\/macchiaverde-bio.shop\/sv\/wp-json\/wp\/v2\/product\/15312","targetHints":{"allow":["GET"]}}],"collection":[{"href":"https:\/\/macchiaverde-bio.shop\/sv\/wp-json\/wp\/v2\/product"}],"about":[{"href":"https:\/\/macchiaverde-bio.shop\/sv\/wp-json\/wp\/v2\/types\/product"}],"replies":[{"embeddable":true,"href":"https:\/\/macchiaverde-bio.shop\/sv\/wp-json\/wp\/v2\/comments?post=15312"}],"wp:featuredmedia":[{"embeddable":true,"href":"https:\/\/macchiaverde-bio.shop\/sv\/wp-json\/wp\/v2\/media\/14943"}],"wp:attachment":[{"href":"https:\/\/macchiaverde-bio.shop\/sv\/wp-json\/wp\/v2\/media?parent=15312"}],"wp:term":[{"taxonomy":"product_brand","embeddable":true,"href":"https:\/\/macchiaverde-bio.shop\/sv\/wp-json\/wp\/v2\/product_brand?post=15312"},{"taxonomy":"product_cat","embeddable":true,"href":"https:\/\/macchiaverde-bio.shop\/sv\/wp-json\/wp\/v2\/product_cat?post=15312"},{"taxonomy":"product_tag","embeddable":true,"href":"https:\/\/macchiaverde-bio.shop\/sv\/wp-json\/wp\/v2\/product_tag?post=15312"}],"curies":[{"name":"wp","href":"https:\/\/api.w.org\/{rel}","templated":true}]}}