{"id":15309,"date":"2022-12-16T18:25:46","date_gmt":"2022-12-16T17:25:46","guid":{"rendered":"https:\/\/macchiaverde-bio.shop\/produkt\/ekologiska-mandlar-2-x-500-g\/"},"modified":"2024-06-22T12:05:27","modified_gmt":"2024-06-22T10:05:27","slug":"ekologisk-mandlar-2-x-500-g","status":"publish","type":"product","link":"https:\/\/macchiaverde-bio.shop\/sv\/produkt\/ekologisk-mandlar-2-x-500-g\/","title":{"rendered":"Ekologiska mandlar 2 x 500 g"},"content":{"rendered":"","protected":false},"excerpt":{"rendered":"<p>Ekologiska mandlar av sorten &#8221;Filippo Cea&#8221; 500 gx 2<br \/>\nMandeln av sorten &#8221;Filippo Cea&#8221; anses av finsmakare vara mandelns drottning och \u00e4r mandeln par excellence f\u00f6r konditorer i Apulien, d\u00e4r den huvudsakligen odlas. Det \u00e4r o\u00f6vertr\u00e4ffat inte bara n\u00e4r det g\u00e4ller smak, utan ocks\u00e5 n\u00e4r det g\u00e4ller inneh\u00e5llet av vitaminer och sp\u00e5r\u00e4mnen. De kommer till oss i ekologisk kvalitet, nyskalade och f\u00f6rpackade.<\/p>\n","protected":false},"featured_media":15114,"comment_status":"open","ping_status":"closed","template":"","meta":[],"product_brand":[],"product_cat":[1504,1505],"product_tag":[],"class_list":{"0":"post-15309","1":"product","2":"type-product","3":"status-publish","4":"has-post-thumbnail","6":"product_cat-gourmet-set","7":"product_cat-mandlar-sv","8":"product_shipping_class-reduzierte-pauschale-sv","10":"first","11":"instock","12":"taxable","13":"shipping-taxable","14":"purchasable","15":"product-type-simple"},"_links":{"self":[{"href":"https:\/\/macchiaverde-bio.shop\/sv\/wp-json\/wp\/v2\/product\/15309","targetHints":{"allow":["GET"]}}],"collection":[{"href":"https:\/\/macchiaverde-bio.shop\/sv\/wp-json\/wp\/v2\/product"}],"about":[{"href":"https:\/\/macchiaverde-bio.shop\/sv\/wp-json\/wp\/v2\/types\/product"}],"replies":[{"embeddable":true,"href":"https:\/\/macchiaverde-bio.shop\/sv\/wp-json\/wp\/v2\/comments?post=15309"}],"wp:featuredmedia":[{"embeddable":true,"href":"https:\/\/macchiaverde-bio.shop\/sv\/wp-json\/wp\/v2\/media\/15114"}],"wp:attachment":[{"href":"https:\/\/macchiaverde-bio.shop\/sv\/wp-json\/wp\/v2\/media?parent=15309"}],"wp:term":[{"taxonomy":"product_brand","embeddable":true,"href":"https:\/\/macchiaverde-bio.shop\/sv\/wp-json\/wp\/v2\/product_brand?post=15309"},{"taxonomy":"product_cat","embeddable":true,"href":"https:\/\/macchiaverde-bio.shop\/sv\/wp-json\/wp\/v2\/product_cat?post=15309"},{"taxonomy":"product_tag","embeddable":true,"href":"https:\/\/macchiaverde-bio.shop\/sv\/wp-json\/wp\/v2\/product_tag?post=15309"}],"curies":[{"name":"wp","href":"https:\/\/api.w.org\/{rel}","templated":true}]}}