{"id":13780,"date":"2015-03-08T22:24:30","date_gmt":"2015-03-08T21:24:30","guid":{"rendered":"https:\/\/macchiaverde-bio.shop\/produkt\/ekologisk-olivolja-lo-smeraldo-flaskor-3-x-500-ml\/"},"modified":"2026-02-09T23:08:57","modified_gmt":"2026-02-09T22:08:57","slug":"ekologisk-olivolja-lo-smeraldo-flaskor-3-x-500-ml","status":"publish","type":"product","link":"https:\/\/macchiaverde-bio.shop\/sv\/produkt\/ekologisk-olivolja-lo-smeraldo-flaskor-3-x-500-ml\/","title":{"rendered":"Ekologisk olivolja &#8211; Lo Smeraldo &#8211; Flaskor 3 x 500 ml"},"content":{"rendered":"","protected":false},"excerpt":{"rendered":"<p>EXTRA VIRGIN OLIVOLJA<br \/>\n&#8211; KALLPRESSAD &#8211;<br \/>\n<strong>&#8211; 3 flaskor kartong &#8211;<\/strong><\/p>\n<p id=\"tw-target-text\" class=\"tw-data-text tw-text-large tw-ta\" dir=\"ltr\" data-placeholder=\"\u00dcbersetzung\"><span lang=\"de\">Smeraldo (Smaragden) \u00e4r en frodig gr\u00f6n och fyllig olivolja av h\u00f6gsta kvalitet, den \u00e4r pressad av 100% Coratina-oliver. \u00c5r efter \u00e5r har den deltagit i alla nationella och internationella t\u00e4vlingar och har bel\u00f6nats med en <strong>platinamedalj<\/strong> i kategorin <strong>&#8221;Full Fruity&#8221;<\/strong> .<br \/>\n<\/span><\/p>\n<p class=\"tw-data-text tw-text-large tw-ta\" dir=\"ltr\" data-placeholder=\"\u00dcbersetzung\"><span lang=\"de\">P\u00e5 grund av den exklusiva anv\u00e4ndningen av <strong>Coratina-oliver<\/strong> k\u00e4nnetecknas Smeraldo av sin extremt <strong>h\u00f6ga<\/strong> <strong>polyfenolhalt<\/strong> . Speciellt den h\u00f6ga polyfenolhalten ger oljan fr\u00e5n Coratina en <strong>intensiv, fruktig, fr\u00e4sch<\/strong> smak. Doften av oliver \u00e4r tydlig och omissk\u00e4nnlig, det finns tydliga toner av r\u00e5 frukt efter smak och inslag av f\u00e4rsk gr\u00f6n mandel.<\/span><\/p>\n<p dir=\"ltr\" data-placeholder=\"\u00dcbersetzung\">Smeraldo \u00e4r idealisk f\u00f6r <strong>pizza<\/strong> och <strong>pastar\u00e4tter<\/strong> , s\u00e5v\u00e4l som focaccia, <strong>biff<\/strong> och <strong>grillade r\u00e4tter<\/strong> . Det \u00e4r ocks\u00e5 den idealiska olivoljan f\u00f6r <strong>att g\u00f6ra grillmarinader<\/strong> och pickles, eftersom det maximala inneh\u00e5llet av polyfenoler g\u00f6r att den tr\u00e4nger djupt in i k\u00f6ttet och transporterar aromerna av kryddorna<\/p>\n","protected":false},"featured_media":13666,"comment_status":"open","ping_status":"closed","template":"","meta":[],"product_brand":[],"product_cat":[1193],"product_tag":[1192,1195,1191],"class_list":{"0":"post-13780","1":"product","2":"type-product","3":"status-publish","4":"has-post-thumbnail","6":"product_cat-olivolja-flaskor","7":"product_tag-fruktig-sv","8":"product_tag-intensiv-sv","9":"product_tag-olivenoel-sv","11":"first","12":"instock","13":"taxable","14":"shipping-taxable","15":"purchasable","16":"product-type-simple"},"_links":{"self":[{"href":"https:\/\/macchiaverde-bio.shop\/sv\/wp-json\/wp\/v2\/product\/13780","targetHints":{"allow":["GET"]}}],"collection":[{"href":"https:\/\/macchiaverde-bio.shop\/sv\/wp-json\/wp\/v2\/product"}],"about":[{"href":"https:\/\/macchiaverde-bio.shop\/sv\/wp-json\/wp\/v2\/types\/product"}],"replies":[{"embeddable":true,"href":"https:\/\/macchiaverde-bio.shop\/sv\/wp-json\/wp\/v2\/comments?post=13780"}],"wp:featuredmedia":[{"embeddable":true,"href":"https:\/\/macchiaverde-bio.shop\/sv\/wp-json\/wp\/v2\/media\/13666"}],"wp:attachment":[{"href":"https:\/\/macchiaverde-bio.shop\/sv\/wp-json\/wp\/v2\/media?parent=13780"}],"wp:term":[{"taxonomy":"product_brand","embeddable":true,"href":"https:\/\/macchiaverde-bio.shop\/sv\/wp-json\/wp\/v2\/product_brand?post=13780"},{"taxonomy":"product_cat","embeddable":true,"href":"https:\/\/macchiaverde-bio.shop\/sv\/wp-json\/wp\/v2\/product_cat?post=13780"},{"taxonomy":"product_tag","embeddable":true,"href":"https:\/\/macchiaverde-bio.shop\/sv\/wp-json\/wp\/v2\/product_tag?post=13780"}],"curies":[{"name":"wp","href":"https:\/\/api.w.org\/{rel}","templated":true}]}}