{"id":13779,"date":"2019-02-09T15:05:01","date_gmt":"2019-02-09T14:05:01","guid":{"rendered":"https:\/\/macchiaverde-bio.shop\/produkt\/ekologisk-olivolja-lo-smeraldo-flaskor-6-x-250-ml\/"},"modified":"2024-06-22T12:08:08","modified_gmt":"2024-06-22T10:08:08","slug":"ekologisk-olivolja-lo-smeraldo-flaskor-6-x-250-ml","status":"publish","type":"product","link":"https:\/\/macchiaverde-bio.shop\/sv\/produkt\/ekologisk-olivolja-lo-smeraldo-flaskor-6-x-250-ml\/","title":{"rendered":"Ekologisk olivolja &#8211; Lo Smeraldo &#8211; Flaskor 6 x 250 ml"},"content":{"rendered":"","protected":false},"excerpt":{"rendered":"<p><strong>&#8211; kartong med 6 flaskor &#8211;<\/strong><\/p>\n<p>Smeraldo \u00e4r en rik, fyllig gr\u00f6n olivolja av premiumkvalitet, pressad av 100 % Coratina-oliver. \u00c5r efter \u00e5r har den deltagit i alla nationella och internationella t\u00e4vlingar, vunnit guldmedaljer i kategorin &#8221;full frukt&#8221; och \u00e4r en av de fr\u00e4msta internationella produkterna. Tack vare den exklusiva anv\u00e4ndningen av <strong>Coratina-oliver<\/strong> k\u00e4nnetecknas Smeraldo av en <strong>mycket h\u00f6g polyfenolhalt<\/strong> . Framf\u00f6r allt ger det h\u00f6ga polyfenolinneh\u00e5llet Coratina-oljan en intensiv, fruktig och fr\u00e4sch smak. Doften av oliverna \u00e4r tydlig och omissk\u00e4nnlig, i gommen finns toner av r\u00e5 frukt och en hint av f\u00e4rsk gr\u00f6n mandel.<\/p>\n<p>Smeraldo \u00e4r idealisk f\u00f6r <strong>pizza<\/strong> och f\u00f6rr\u00e4tter, focaccia, <strong>biffar och grillade r\u00e4tter<\/strong> . Det \u00e4r ocks\u00e5 den idealiska olivoljan f\u00f6r <strong>beredning av marinader<\/strong> och grillkryddor, eftersom den h\u00f6ga polyfenolhalten s\u00e4kerst\u00e4ller att den tr\u00e4nger djupt in i k\u00f6ttet och \u00f6verf\u00f6r k\u00f6ttets smaker.<\/p>\n","protected":false},"featured_media":13663,"comment_status":"closed","ping_status":"closed","template":"","meta":[],"product_brand":[],"product_cat":[1193],"product_tag":[1192,1195,1222],"class_list":{"0":"post-13779","1":"product","2":"type-product","3":"status-publish","4":"has-post-thumbnail","6":"product_cat-olivolja-flaskor","7":"product_tag-fruktig-sv","8":"product_tag-intensiv-sv","9":"product_tag-polyphenole-sv","11":"first","12":"instock","13":"taxable","14":"shipping-taxable","15":"purchasable","16":"product-type-simple"},"_links":{"self":[{"href":"https:\/\/macchiaverde-bio.shop\/sv\/wp-json\/wp\/v2\/product\/13779","targetHints":{"allow":["GET"]}}],"collection":[{"href":"https:\/\/macchiaverde-bio.shop\/sv\/wp-json\/wp\/v2\/product"}],"about":[{"href":"https:\/\/macchiaverde-bio.shop\/sv\/wp-json\/wp\/v2\/types\/product"}],"replies":[{"embeddable":true,"href":"https:\/\/macchiaverde-bio.shop\/sv\/wp-json\/wp\/v2\/comments?post=13779"}],"wp:featuredmedia":[{"embeddable":true,"href":"https:\/\/macchiaverde-bio.shop\/sv\/wp-json\/wp\/v2\/media\/13663"}],"wp:attachment":[{"href":"https:\/\/macchiaverde-bio.shop\/sv\/wp-json\/wp\/v2\/media?parent=13779"}],"wp:term":[{"taxonomy":"product_brand","embeddable":true,"href":"https:\/\/macchiaverde-bio.shop\/sv\/wp-json\/wp\/v2\/product_brand?post=13779"},{"taxonomy":"product_cat","embeddable":true,"href":"https:\/\/macchiaverde-bio.shop\/sv\/wp-json\/wp\/v2\/product_cat?post=13779"},{"taxonomy":"product_tag","embeddable":true,"href":"https:\/\/macchiaverde-bio.shop\/sv\/wp-json\/wp\/v2\/product_tag?post=13779"}],"curies":[{"name":"wp","href":"https:\/\/api.w.org\/{rel}","templated":true}]}}