{"id":13777,"date":"2019-12-09T18:40:29","date_gmt":"2019-12-09T17:40:29","guid":{"rendered":"https:\/\/macchiaverde-bio.shop\/produkt\/ekologisk-olivolja-leliodoro-flaskor-3-x-500-ml\/"},"modified":"2024-06-22T12:07:52","modified_gmt":"2024-06-22T10:07:52","slug":"ekologisk-olivolja-leliodoro-flaskor-3-x-500-ml","status":"publish","type":"product","link":"https:\/\/macchiaverde-bio.shop\/sv\/produkt\/ekologisk-olivolja-leliodoro-flaskor-3-x-500-ml\/","title":{"rendered":"Ekologisk olivolja &#8211; L&#8217;Eliodoro &#8211; Flaskor 3 x 500 ml"},"content":{"rendered":"","protected":false},"excerpt":{"rendered":"<p>EXTRA VIRGIN OLIVOLJA<br \/>\n&#8211; KALLPRESSAD &#8211;<br \/>\n<strong>&#8211; 3 flaskor kartong &#8211;<\/strong><br \/>\nH\u00f6gkvalitativ olivolja av extraklassen, som erh\u00e5lls direkt fr\u00e5n v\u00e5ra oliver och endast i en mekanisk process. V\u00e5r EXTRA VIRGIN MACCHIA VERDE BIO olivolja \u00e4r en hantverksprodukt gjord av frukten av tradition, passion och k\u00e4rlek till landet. Den framst\u00e4lls uteslutande av ekologiska oliver f\u00f6r att skydda naturen och milj\u00f6n och kontrolleras noggrant i varje produktionsled.<\/p>\n","protected":false},"featured_media":13668,"comment_status":"open","ping_status":"closed","template":"","meta":[],"product_brand":[],"product_cat":[1193],"product_tag":[1192,1195,1191],"class_list":{"0":"post-13777","1":"product","2":"type-product","3":"status-publish","4":"has-post-thumbnail","6":"product_cat-olivolja-flaskor","7":"product_tag-fruktig-sv","8":"product_tag-intensiv-sv","9":"product_tag-olivenoel-sv","11":"first","12":"instock","13":"taxable","14":"shipping-taxable","15":"purchasable","16":"product-type-simple"},"_links":{"self":[{"href":"https:\/\/macchiaverde-bio.shop\/sv\/wp-json\/wp\/v2\/product\/13777","targetHints":{"allow":["GET"]}}],"collection":[{"href":"https:\/\/macchiaverde-bio.shop\/sv\/wp-json\/wp\/v2\/product"}],"about":[{"href":"https:\/\/macchiaverde-bio.shop\/sv\/wp-json\/wp\/v2\/types\/product"}],"replies":[{"embeddable":true,"href":"https:\/\/macchiaverde-bio.shop\/sv\/wp-json\/wp\/v2\/comments?post=13777"}],"wp:featuredmedia":[{"embeddable":true,"href":"https:\/\/macchiaverde-bio.shop\/sv\/wp-json\/wp\/v2\/media\/13668"}],"wp:attachment":[{"href":"https:\/\/macchiaverde-bio.shop\/sv\/wp-json\/wp\/v2\/media?parent=13777"}],"wp:term":[{"taxonomy":"product_brand","embeddable":true,"href":"https:\/\/macchiaverde-bio.shop\/sv\/wp-json\/wp\/v2\/product_brand?post=13777"},{"taxonomy":"product_cat","embeddable":true,"href":"https:\/\/macchiaverde-bio.shop\/sv\/wp-json\/wp\/v2\/product_cat?post=13777"},{"taxonomy":"product_tag","embeddable":true,"href":"https:\/\/macchiaverde-bio.shop\/sv\/wp-json\/wp\/v2\/product_tag?post=13777"}],"curies":[{"name":"wp","href":"https:\/\/api.w.org\/{rel}","templated":true}]}}