{"id":13770,"date":"2020-03-12T00:00:28","date_gmt":"2020-03-11T23:00:28","guid":{"rendered":"https:\/\/macchiaverde-bio.shop\/produkt\/ekologisk-olivolja-lo-smeraldo-bag-in-box-5-l\/"},"modified":"2024-06-22T12:06:52","modified_gmt":"2024-06-22T10:06:52","slug":"bio-olivolja-lo-smeraldo-paase-i-laada-5-l","status":"publish","type":"product","link":"https:\/\/macchiaverde-bio.shop\/sv\/produkt\/bio-olivolja-lo-smeraldo-paase-i-laada-5-l\/","title":{"rendered":"Ekologisk olivolja &#8211; Lo Smeraldo &#8211; Bag In Box 5 L"},"content":{"rendered":"","protected":false},"excerpt":{"rendered":"<p><strong>&#8211; Lo Smeraldo &#8211; Bag In Box 5 L &#8211;<\/strong><br \/>\nSmeraldo \u00e4r en gr\u00f6n och fyllig olja av h\u00f6gsta kvalitet, pressad av 100% Coratina-oliver. Den har deltagit i alla nationella och internationella t\u00e4vlingar \u00e5r efter \u00e5r och har bel\u00f6nats med guld och platina i kategorin &#8221;Full Fruit&#8221;. Med 1246 mg\/kg polyfenoler \u00e4r det en av de fr\u00e4msta internationella olivoljaproducenterna. I den praktiska &#8221;Bag in Box&#8221; h\u00e5ller sig olivoljan lika fr\u00e4sch som f\u00f6rsta dagen, \u00e4nda till sista droppen.<\/p>\n","protected":false},"featured_media":13654,"comment_status":"open","ping_status":"closed","template":"","meta":[],"product_brand":[],"product_cat":[1188,1189],"product_tag":[1196,1192,1195,1191],"class_list":{"0":"post-13770","1":"product","2":"type-product","3":"status-publish","4":"has-post-thumbnail","6":"product_cat-olivolja-bag-in-box","7":"product_cat-specialerbjudanden","8":"product_tag-erbjudande","9":"product_tag-fruktig-sv","10":"product_tag-intensiv-sv","11":"product_tag-olivenoel-sv","13":"first","14":"instock","15":"taxable","16":"shipping-taxable","17":"purchasable","18":"product-type-simple"},"_links":{"self":[{"href":"https:\/\/macchiaverde-bio.shop\/sv\/wp-json\/wp\/v2\/product\/13770","targetHints":{"allow":["GET"]}}],"collection":[{"href":"https:\/\/macchiaverde-bio.shop\/sv\/wp-json\/wp\/v2\/product"}],"about":[{"href":"https:\/\/macchiaverde-bio.shop\/sv\/wp-json\/wp\/v2\/types\/product"}],"replies":[{"embeddable":true,"href":"https:\/\/macchiaverde-bio.shop\/sv\/wp-json\/wp\/v2\/comments?post=13770"}],"wp:featuredmedia":[{"embeddable":true,"href":"https:\/\/macchiaverde-bio.shop\/sv\/wp-json\/wp\/v2\/media\/13654"}],"wp:attachment":[{"href":"https:\/\/macchiaverde-bio.shop\/sv\/wp-json\/wp\/v2\/media?parent=13770"}],"wp:term":[{"taxonomy":"product_brand","embeddable":true,"href":"https:\/\/macchiaverde-bio.shop\/sv\/wp-json\/wp\/v2\/product_brand?post=13770"},{"taxonomy":"product_cat","embeddable":true,"href":"https:\/\/macchiaverde-bio.shop\/sv\/wp-json\/wp\/v2\/product_cat?post=13770"},{"taxonomy":"product_tag","embeddable":true,"href":"https:\/\/macchiaverde-bio.shop\/sv\/wp-json\/wp\/v2\/product_tag?post=13770"}],"curies":[{"name":"wp","href":"https:\/\/api.w.org\/{rel}","templated":true}]}}