{"id":13769,"date":"2020-03-12T00:26:16","date_gmt":"2020-03-11T23:26:16","guid":{"rendered":"https:\/\/macchiaverde-bio.shop\/produkt\/ekologisk-olivolja-leliodoro-bag-in-box-5-l\/"},"modified":"2024-06-22T12:06:44","modified_gmt":"2024-06-22T10:06:44","slug":"bio-olivolja-leliodoro-paase-i-laada-5-l","status":"publish","type":"product","link":"https:\/\/macchiaverde-bio.shop\/sv\/produkt\/bio-olivolja-leliodoro-paase-i-laada-5-l\/","title":{"rendered":"Ekologisk olivolja &#8211; L&#8217;Eliodoro &#8211; Bag In Box 5 L"},"content":{"rendered":"","protected":false},"excerpt":{"rendered":"<p>\u2013 <strong>Sacchetto in scatola da 5 liter \u2013<\/strong><br \/>\nL&#8217;Eliodoro (The Heliodor) \u00e4r en gyllengul och balanserad olivolja av h\u00f6gsta kvalitet, den kommer fr\u00e5n 70% Coratina och 30% fr\u00e5n Ogliarola-oliver. Den har vunnit utm\u00e4rkelser i nationella och internationella t\u00e4vlingar, inklusive en silvermedalj i kategorin &#8221;Medium Fruity&#8221; med sina 714 mg\/kg polyfenoler, den \u00e4r en av de ledande i sin klass. I den praktiska \u201dBag in Box\u201d h\u00e5ller sig olivoljan lika fr\u00e4sch som f\u00f6rsta dagen \u00e4nda till sista droppen.<\/p>\n","protected":false},"featured_media":13651,"comment_status":"open","ping_status":"closed","template":"","meta":[],"product_brand":[],"product_cat":[1188,1189],"product_tag":[1196,1192,1195,1191],"class_list":{"0":"post-13769","1":"product","2":"type-product","3":"status-publish","4":"has-post-thumbnail","6":"product_cat-olivolja-bag-in-box","7":"product_cat-specialerbjudanden","8":"product_tag-erbjudande","9":"product_tag-fruktig-sv","10":"product_tag-intensiv-sv","11":"product_tag-olivenoel-sv","13":"first","14":"instock","15":"taxable","16":"shipping-taxable","17":"purchasable","18":"product-type-simple"},"_links":{"self":[{"href":"https:\/\/macchiaverde-bio.shop\/sv\/wp-json\/wp\/v2\/product\/13769","targetHints":{"allow":["GET"]}}],"collection":[{"href":"https:\/\/macchiaverde-bio.shop\/sv\/wp-json\/wp\/v2\/product"}],"about":[{"href":"https:\/\/macchiaverde-bio.shop\/sv\/wp-json\/wp\/v2\/types\/product"}],"replies":[{"embeddable":true,"href":"https:\/\/macchiaverde-bio.shop\/sv\/wp-json\/wp\/v2\/comments?post=13769"}],"wp:featuredmedia":[{"embeddable":true,"href":"https:\/\/macchiaverde-bio.shop\/sv\/wp-json\/wp\/v2\/media\/13651"}],"wp:attachment":[{"href":"https:\/\/macchiaverde-bio.shop\/sv\/wp-json\/wp\/v2\/media?parent=13769"}],"wp:term":[{"taxonomy":"product_brand","embeddable":true,"href":"https:\/\/macchiaverde-bio.shop\/sv\/wp-json\/wp\/v2\/product_brand?post=13769"},{"taxonomy":"product_cat","embeddable":true,"href":"https:\/\/macchiaverde-bio.shop\/sv\/wp-json\/wp\/v2\/product_cat?post=13769"},{"taxonomy":"product_tag","embeddable":true,"href":"https:\/\/macchiaverde-bio.shop\/sv\/wp-json\/wp\/v2\/product_tag?post=13769"}],"curies":[{"name":"wp","href":"https:\/\/api.w.org\/{rel}","templated":true}]}}