{"id":13767,"date":"2020-03-13T00:49:11","date_gmt":"2020-03-12T23:49:11","guid":{"rendered":"https:\/\/macchiaverde-bio.shop\/produkt\/ekologisk-olivolja-lo-smeraldo-flaskor-6-x-500-ml\/"},"modified":"2025-02-25T18:26:59","modified_gmt":"2025-02-25T17:26:59","slug":"ekologisk-olivolja-lo-smeraldo-flaskor-6-x-500-ml","status":"publish","type":"product","link":"https:\/\/macchiaverde-bio.shop\/sv\/produkt\/ekologisk-olivolja-lo-smeraldo-flaskor-6-x-500-ml\/","title":{"rendered":"Ekologisk olivolja &#8211; Lo Smeraldo &#8211; Flaskor 6 x 500 ml"},"content":{"rendered":"","protected":false},"excerpt":{"rendered":"<p>EXTRA VIRGIN OLIVOLJA<br \/>\n&#8211; KALLPRESSAD &#8211;<br \/>\n<strong>&#8211; kartong med 6 flaskor &#8211;<\/strong><\/p>\n<p>Smeraldo \u00e4r en rik, fyllig gr\u00f6n olivolja av premiumkvalitet, pressad av 100 % Coratina-oliver. Den har deltagit i alla nationella och internationella t\u00e4vlingar \u00e5r efter \u00e5r och \u00e4r en av de fr\u00e4msta internationella producenterna. Tack vare den exklusiva anv\u00e4ndningen av <strong>Coratina-oliver<\/strong> k\u00e4nnetecknas Smeraldo av en <strong>mycket h\u00f6g polyfenolhalt<\/strong> . Framf\u00f6r allt ger det h\u00f6ga polyfenolinneh\u00e5llet Coratina-oljan en intensiv, fruktig och fr\u00e4sch smak. Doften av oliverna \u00e4r tydlig och omissk\u00e4nnlig, i gommen finns toner av r\u00e5 frukt och en hint av f\u00e4rsk gr\u00f6n mandel.<\/p>\n<p>Smeraldo \u00e4r idealisk f\u00f6r <strong>pizza<\/strong> och f\u00f6rr\u00e4tter, focaccia, <strong>biffar och grillade r\u00e4tter<\/strong> . Det \u00e4r ocks\u00e5 den idealiska olivoljan f\u00f6r <strong>beredning av marinader<\/strong> och grillkryddor, eftersom den h\u00f6ga polyfenolhalten s\u00e4kerst\u00e4ller att den tr\u00e4nger djupt in i k\u00f6ttet och \u00f6verf\u00f6r k\u00f6ttets smaker.<\/p>\n","protected":false},"featured_media":13665,"comment_status":"open","ping_status":"closed","template":"","meta":[],"product_brand":[],"product_cat":[1193,1189],"product_tag":[1196,1192,1195,1191],"class_list":{"0":"post-13767","1":"product","2":"type-product","3":"status-publish","4":"has-post-thumbnail","6":"product_cat-olivolja-flaskor","7":"product_cat-specialerbjudanden","8":"product_tag-erbjudande","9":"product_tag-fruktig-sv","10":"product_tag-intensiv-sv","11":"product_tag-olivenoel-sv","12":"product_shipping_class-speditions-kosten-sv","14":"first","15":"instock","16":"taxable","17":"shipping-taxable","18":"purchasable","19":"product-type-simple"},"_links":{"self":[{"href":"https:\/\/macchiaverde-bio.shop\/sv\/wp-json\/wp\/v2\/product\/13767","targetHints":{"allow":["GET"]}}],"collection":[{"href":"https:\/\/macchiaverde-bio.shop\/sv\/wp-json\/wp\/v2\/product"}],"about":[{"href":"https:\/\/macchiaverde-bio.shop\/sv\/wp-json\/wp\/v2\/types\/product"}],"replies":[{"embeddable":true,"href":"https:\/\/macchiaverde-bio.shop\/sv\/wp-json\/wp\/v2\/comments?post=13767"}],"wp:featuredmedia":[{"embeddable":true,"href":"https:\/\/macchiaverde-bio.shop\/sv\/wp-json\/wp\/v2\/media\/13665"}],"wp:attachment":[{"href":"https:\/\/macchiaverde-bio.shop\/sv\/wp-json\/wp\/v2\/media?parent=13767"}],"wp:term":[{"taxonomy":"product_brand","embeddable":true,"href":"https:\/\/macchiaverde-bio.shop\/sv\/wp-json\/wp\/v2\/product_brand?post=13767"},{"taxonomy":"product_cat","embeddable":true,"href":"https:\/\/macchiaverde-bio.shop\/sv\/wp-json\/wp\/v2\/product_cat?post=13767"},{"taxonomy":"product_tag","embeddable":true,"href":"https:\/\/macchiaverde-bio.shop\/sv\/wp-json\/wp\/v2\/product_tag?post=13767"}],"curies":[{"name":"wp","href":"https:\/\/api.w.org\/{rel}","templated":true}]}}