{"id":13766,"date":"2020-03-16T00:31:53","date_gmt":"2020-03-15T23:31:53","guid":{"rendered":"https:\/\/macchiaverde-bio.shop\/produkt\/ekologisk-olivolja-leliodoro-bag-in-box-2-x-5-l\/"},"modified":"2024-06-22T12:06:24","modified_gmt":"2024-06-22T10:06:24","slug":"bio-olivolja-eliodoro-paase-i-laada-2-x-5-l","status":"publish","type":"product","link":"https:\/\/macchiaverde-bio.shop\/sv\/produkt\/bio-olivolja-eliodoro-paase-i-laada-2-x-5-l\/","title":{"rendered":"Ekologisk olivolja &#8211; L&#8217;Eliodoro &#8211; Bag In Box 2 x 5 L"},"content":{"rendered":"","protected":false},"excerpt":{"rendered":"<p>&#8211; <strong>2 x 5 liter sacchetto i scatola &#8211;<\/strong><br \/>\nEliodoro \u00e4r en gyllene olivolja med utm\u00e4rkt j\u00e4mvikt av h\u00f6g kvalitet, med 70 % Coratina och 30 % Ogliarola olivolja. Det \u00e4r ett pris i nationella och internationella t\u00e4vlingar f\u00f6r alla silvermedaljer i kategorin &#8221;Fruttato medium&#8221;, med max 714 mg\/kg polyfenoli och \u00e4r en av de ledande i denna kategori. I den praktiska &#8221;bag in box&#8221; \u00e4r olivens olja nyberedd varje dag, kom f\u00f6rsta dagen.<\/p>\n","protected":false},"featured_media":13652,"comment_status":"open","ping_status":"closed","template":"","meta":[],"product_brand":[],"product_cat":[1188,1189],"product_tag":[1196,1192,1195,1191],"class_list":{"0":"post-13766","1":"product","2":"type-product","3":"status-publish","4":"has-post-thumbnail","6":"product_cat-olivolja-bag-in-box","7":"product_cat-specialerbjudanden","8":"product_tag-erbjudande","9":"product_tag-fruktig-sv","10":"product_tag-intensiv-sv","11":"product_tag-olivenoel-sv","13":"first","14":"instock","15":"taxable","16":"shipping-taxable","17":"purchasable","18":"product-type-simple"},"_links":{"self":[{"href":"https:\/\/macchiaverde-bio.shop\/sv\/wp-json\/wp\/v2\/product\/13766","targetHints":{"allow":["GET"]}}],"collection":[{"href":"https:\/\/macchiaverde-bio.shop\/sv\/wp-json\/wp\/v2\/product"}],"about":[{"href":"https:\/\/macchiaverde-bio.shop\/sv\/wp-json\/wp\/v2\/types\/product"}],"replies":[{"embeddable":true,"href":"https:\/\/macchiaverde-bio.shop\/sv\/wp-json\/wp\/v2\/comments?post=13766"}],"wp:featuredmedia":[{"embeddable":true,"href":"https:\/\/macchiaverde-bio.shop\/sv\/wp-json\/wp\/v2\/media\/13652"}],"wp:attachment":[{"href":"https:\/\/macchiaverde-bio.shop\/sv\/wp-json\/wp\/v2\/media?parent=13766"}],"wp:term":[{"taxonomy":"product_brand","embeddable":true,"href":"https:\/\/macchiaverde-bio.shop\/sv\/wp-json\/wp\/v2\/product_brand?post=13766"},{"taxonomy":"product_cat","embeddable":true,"href":"https:\/\/macchiaverde-bio.shop\/sv\/wp-json\/wp\/v2\/product_cat?post=13766"},{"taxonomy":"product_tag","embeddable":true,"href":"https:\/\/macchiaverde-bio.shop\/sv\/wp-json\/wp\/v2\/product_tag?post=13766"}],"curies":[{"name":"wp","href":"https:\/\/api.w.org\/{rel}","templated":true}]}}