{"id":13765,"date":"2020-03-16T01:32:16","date_gmt":"2020-03-16T00:32:16","guid":{"rendered":"https:\/\/macchiaverde-bio.shop\/produkt\/ekologisk-olivolja-lo-smeraldo-bag-in-box-2-x-5-l\/"},"modified":"2024-06-22T12:06:16","modified_gmt":"2024-06-22T10:06:16","slug":"ekologisk-olivolja-lo-smeraldo-paase-i-laada-2-x-5-l","status":"publish","type":"product","link":"https:\/\/macchiaverde-bio.shop\/sv\/produkt\/ekologisk-olivolja-lo-smeraldo-paase-i-laada-2-x-5-l\/","title":{"rendered":"Ekologisk olivolja &#8211; Lo Smeraldo &#8211; Bag in Box 2 x 5 L"},"content":{"rendered":"","protected":false},"excerpt":{"rendered":"<p>&#8211; <strong>2 BaginBox om 5 liter i kartong<\/strong> &#8211;<br \/>\nSmeraldo \u00e4r en briljant gr\u00f6n oliv, med en h\u00f6gkvalitativ kropp, gjord av 100% Coratina oliv. F\u00f6rra \u00e5ret deltog vi i b\u00e5de nationella och internationella t\u00e4vlingar och vann en silvermedalj och en platinamedalj i kategorin &#8221;Fruit Intense&#8221;, med max <strong>1246 mg<\/strong> \/kg polyfenoler, med max 5-6 olivolja. I den praktiska &#8217;Bag in Box&#8217; kommer olivoljan f\u00e4rsk fr\u00e5n \u00e5rets f\u00f6rsta dag.<\/p>\n","protected":false},"featured_media":13655,"comment_status":"closed","ping_status":"closed","template":"","meta":[],"product_brand":[],"product_cat":[1188,1189],"product_tag":[1196,1192,1195,1191],"class_list":{"0":"post-13765","1":"product","2":"type-product","3":"status-publish","4":"has-post-thumbnail","6":"product_cat-olivolja-bag-in-box","7":"product_cat-specialerbjudanden","8":"product_tag-erbjudande","9":"product_tag-fruktig-sv","10":"product_tag-intensiv-sv","11":"product_tag-olivenoel-sv","12":"product_shipping_class-speditions-kosten-sv","14":"first","15":"instock","16":"taxable","17":"shipping-taxable","18":"purchasable","19":"product-type-simple"},"_links":{"self":[{"href":"https:\/\/macchiaverde-bio.shop\/sv\/wp-json\/wp\/v2\/product\/13765","targetHints":{"allow":["GET"]}}],"collection":[{"href":"https:\/\/macchiaverde-bio.shop\/sv\/wp-json\/wp\/v2\/product"}],"about":[{"href":"https:\/\/macchiaverde-bio.shop\/sv\/wp-json\/wp\/v2\/types\/product"}],"replies":[{"embeddable":true,"href":"https:\/\/macchiaverde-bio.shop\/sv\/wp-json\/wp\/v2\/comments?post=13765"}],"wp:featuredmedia":[{"embeddable":true,"href":"https:\/\/macchiaverde-bio.shop\/sv\/wp-json\/wp\/v2\/media\/13655"}],"wp:attachment":[{"href":"https:\/\/macchiaverde-bio.shop\/sv\/wp-json\/wp\/v2\/media?parent=13765"}],"wp:term":[{"taxonomy":"product_brand","embeddable":true,"href":"https:\/\/macchiaverde-bio.shop\/sv\/wp-json\/wp\/v2\/product_brand?post=13765"},{"taxonomy":"product_cat","embeddable":true,"href":"https:\/\/macchiaverde-bio.shop\/sv\/wp-json\/wp\/v2\/product_cat?post=13765"},{"taxonomy":"product_tag","embeddable":true,"href":"https:\/\/macchiaverde-bio.shop\/sv\/wp-json\/wp\/v2\/product_tag?post=13765"}],"curies":[{"name":"wp","href":"https:\/\/api.w.org\/{rel}","templated":true}]}}