{"id":13764,"date":"2020-03-16T01:48:54","date_gmt":"2020-03-16T00:48:54","guid":{"rendered":"https:\/\/macchiaverde-bio.shop\/produkt\/ekologisk-olivolja-leliodoro-flaskor-6-x-500-ml\/"},"modified":"2024-06-22T12:06:08","modified_gmt":"2024-06-22T10:06:08","slug":"ekologisk-olivolja-leliodoro-flaskor-6-x-500-ml","status":"publish","type":"product","link":"https:\/\/macchiaverde-bio.shop\/sv\/produkt\/ekologisk-olivolja-leliodoro-flaskor-6-x-500-ml\/","title":{"rendered":"Ekologisk olivolja &#8211; L&#8217;Eliodoro &#8211; Flaskor 6 x 500 ml"},"content":{"rendered":"","protected":false},"excerpt":{"rendered":"<p>EXTRA VIRGIN OLIVOLJA<br \/>\n&#8211; KALLPRESSAD &#8211;<br \/>\n<strong>&#8211; kartong med 6 flaskor &#8211;<\/strong><br \/>\nL&#8217;Eliodoro \u00e4r en balanserad, gyllengul olivolja av h\u00f6gsta kvalitet, erh\u00e5llen fr\u00e5n 70% Coratina och 30% Ogliarola-oliver. Den har vunnit priser p\u00e5 nationella och internationella t\u00e4vlingar, bland annat en silvermedalj i kategorin &#8221;Medium Fruity&#8221;, och \u00e4r bland de b\u00e4sta i sin kategori med en polyfenolhalt p\u00e5 714 mg\/kg.<\/p>\n","protected":false},"featured_media":13667,"comment_status":"closed","ping_status":"closed","template":"","meta":[],"product_brand":[],"product_cat":[1193,1189],"product_tag":[1192,1195,1191],"class_list":{"0":"post-13764","1":"product","2":"type-product","3":"status-publish","4":"has-post-thumbnail","6":"product_cat-olivolja-flaskor","7":"product_cat-specialerbjudanden","8":"product_tag-fruktig-sv","9":"product_tag-intensiv-sv","10":"product_tag-olivenoel-sv","12":"first","13":"instock","14":"taxable","15":"shipping-taxable","16":"purchasable","17":"product-type-simple"},"_links":{"self":[{"href":"https:\/\/macchiaverde-bio.shop\/sv\/wp-json\/wp\/v2\/product\/13764","targetHints":{"allow":["GET"]}}],"collection":[{"href":"https:\/\/macchiaverde-bio.shop\/sv\/wp-json\/wp\/v2\/product"}],"about":[{"href":"https:\/\/macchiaverde-bio.shop\/sv\/wp-json\/wp\/v2\/types\/product"}],"replies":[{"embeddable":true,"href":"https:\/\/macchiaverde-bio.shop\/sv\/wp-json\/wp\/v2\/comments?post=13764"}],"wp:featuredmedia":[{"embeddable":true,"href":"https:\/\/macchiaverde-bio.shop\/sv\/wp-json\/wp\/v2\/media\/13667"}],"wp:attachment":[{"href":"https:\/\/macchiaverde-bio.shop\/sv\/wp-json\/wp\/v2\/media?parent=13764"}],"wp:term":[{"taxonomy":"product_brand","embeddable":true,"href":"https:\/\/macchiaverde-bio.shop\/sv\/wp-json\/wp\/v2\/product_brand?post=13764"},{"taxonomy":"product_cat","embeddable":true,"href":"https:\/\/macchiaverde-bio.shop\/sv\/wp-json\/wp\/v2\/product_cat?post=13764"},{"taxonomy":"product_tag","embeddable":true,"href":"https:\/\/macchiaverde-bio.shop\/sv\/wp-json\/wp\/v2\/product_tag?post=13764"}],"curies":[{"name":"wp","href":"https:\/\/api.w.org\/{rel}","templated":true}]}}