{"id":13763,"date":"2020-04-05T04:05:37","date_gmt":"2020-04-05T02:05:37","guid":{"rendered":"https:\/\/macchiaverde-bio.shop\/produkt\/olivolja-presentfoerpackning-1\/"},"modified":"2024-06-22T12:06:00","modified_gmt":"2024-06-22T10:06:00","slug":"presentfoerpackning-med-olivolja-1","status":"publish","type":"product","link":"https:\/\/macchiaverde-bio.shop\/sv\/produkt\/presentfoerpackning-med-olivolja-1\/","title":{"rendered":"Olivolja presentf\u00f6rpackning 1"},"content":{"rendered":"","protected":false},"excerpt":{"rendered":"<p><strong>&#8211; Presentf\u00f6rpackning f\u00f6r olivolja &#8211;<\/strong><br \/>\nDetta gourmetpresentpaket \u00e4r en hit bland presenter till den kr\u00e4sna.<\/p>\n<p>Det inneh\u00e5ller:<br \/>\nEn 500 ml flaska Smeraldo, en rik, fyllig gr\u00f6n olja av h\u00f6gsta kvalitet, pressad av 100% Coratina-oliver. Den har deltagit \u00e5r efter \u00e5r i alla nationella och internationella t\u00e4vlingar, vunnit guldmedaljer i kategorin &#8221;Full Fruity&#8221; och ligger i framkant av internationell olivoljaproduktion med sina polyfenoler p\u00e5 1081 mg\/kg (2021\/2022 sk\u00f6rd).<\/p>\n<p>Filippo Cea&#8221; mandlar, mandelkungen n\u00e4r det g\u00e4ller smak och ingredienser (tack vare deras kalcium, magnesium, kalium och vitamin E och B),<\/p>\n<p>och v\u00e5ra j\u00e4tteoliver fyllda i saltlake i v\u00e5r olivolja.<\/p>\n","protected":false},"featured_media":13611,"comment_status":"open","ping_status":"closed","template":"","meta":[],"product_brand":[],"product_cat":[1193,1194],"product_tag":[1196,1192,1195,1191],"class_list":{"0":"post-13763","1":"product","2":"type-product","3":"status-publish","4":"has-post-thumbnail","6":"product_cat-olivolja-flaskor","7":"product_cat-presentfoerpackningar","8":"product_tag-erbjudande","9":"product_tag-fruktig-sv","10":"product_tag-intensiv-sv","11":"product_tag-olivenoel-sv","13":"first","14":"instock","15":"taxable","16":"shipping-taxable","17":"purchasable","18":"product-type-simple"},"_links":{"self":[{"href":"https:\/\/macchiaverde-bio.shop\/sv\/wp-json\/wp\/v2\/product\/13763","targetHints":{"allow":["GET"]}}],"collection":[{"href":"https:\/\/macchiaverde-bio.shop\/sv\/wp-json\/wp\/v2\/product"}],"about":[{"href":"https:\/\/macchiaverde-bio.shop\/sv\/wp-json\/wp\/v2\/types\/product"}],"replies":[{"embeddable":true,"href":"https:\/\/macchiaverde-bio.shop\/sv\/wp-json\/wp\/v2\/comments?post=13763"}],"wp:featuredmedia":[{"embeddable":true,"href":"https:\/\/macchiaverde-bio.shop\/sv\/wp-json\/wp\/v2\/media\/13611"}],"wp:attachment":[{"href":"https:\/\/macchiaverde-bio.shop\/sv\/wp-json\/wp\/v2\/media?parent=13763"}],"wp:term":[{"taxonomy":"product_brand","embeddable":true,"href":"https:\/\/macchiaverde-bio.shop\/sv\/wp-json\/wp\/v2\/product_brand?post=13763"},{"taxonomy":"product_cat","embeddable":true,"href":"https:\/\/macchiaverde-bio.shop\/sv\/wp-json\/wp\/v2\/product_cat?post=13763"},{"taxonomy":"product_tag","embeddable":true,"href":"https:\/\/macchiaverde-bio.shop\/sv\/wp-json\/wp\/v2\/product_tag?post=13763"}],"curies":[{"name":"wp","href":"https:\/\/api.w.org\/{rel}","templated":true}]}}