{"id":13758,"date":"2020-04-05T04:36:31","date_gmt":"2020-04-05T02:36:31","guid":{"rendered":"https:\/\/macchiaverde-bio.shop\/produkt\/presentfoerpackning-med-olivolja-2\/"},"modified":"2024-06-22T12:05:47","modified_gmt":"2024-06-22T10:05:47","slug":"presentfoerpackning-med-olivolja-2","status":"publish","type":"product","link":"https:\/\/macchiaverde-bio.shop\/sv\/produkt\/presentfoerpackning-med-olivolja-2\/","title":{"rendered":"Presentf\u00f6rpackning med olivolja 2"},"content":{"rendered":"","protected":false},"excerpt":{"rendered":"<p><strong>&#8211; Presentf\u00f6rpackning olivolja &#8211;<\/strong><br \/>\nDenna presentf\u00f6rpackning f\u00f6r mat\u00e4lskare kommer att bli en hit n\u00e4r man ger presenter till kr\u00e4sna m\u00e4nniskor.<\/p>\n<p>Den inneh\u00e5ller tv\u00e5 500 ml flaskor:<br \/>\n1 x Smeraldo, en rik, fyllig gr\u00f6n olja av h\u00f6gsta kvalitet<br \/>\n\u00e4r pressad av 100% Coratina-oliver. \u00c5r efter \u00e5r har den deltagit i alla nationella och internationella t\u00e4vlingar och har bel\u00f6nats med en guldmedalj i kategorin &#8221;full frukt&#8221;. Med sina 710 mg\/kg polyfenoler (sk\u00f6rd 2019\/2020) \u00e4r den i toppen av internationell oljeproduktion.<br \/>\n1x Eliodoro, en balanserad gyllengul olja av h\u00f6gsta kvalitet<br \/>\nerh\u00e5lls fr\u00e5n 70% Coratina och 30% Ogliarola oliver. Den har deltagit i alla nationella och internationella t\u00e4vlingar och har bel\u00f6nats med silvermedaljer i kategorin &#8221;medium-fruity&#8221;.<\/p>\n","protected":false},"featured_media":13613,"comment_status":"open","ping_status":"closed","template":"","meta":[],"product_brand":[],"product_cat":[1193,1194],"product_tag":[1196,1192,1195,1191],"class_list":{"0":"post-13758","1":"product","2":"type-product","3":"status-publish","4":"has-post-thumbnail","6":"product_cat-olivolja-flaskor","7":"product_cat-presentfoerpackningar","8":"product_tag-erbjudande","9":"product_tag-fruktig-sv","10":"product_tag-intensiv-sv","11":"product_tag-olivenoel-sv","13":"first","14":"instock","15":"taxable","16":"shipping-taxable","17":"purchasable","18":"product-type-simple"},"_links":{"self":[{"href":"https:\/\/macchiaverde-bio.shop\/sv\/wp-json\/wp\/v2\/product\/13758","targetHints":{"allow":["GET"]}}],"collection":[{"href":"https:\/\/macchiaverde-bio.shop\/sv\/wp-json\/wp\/v2\/product"}],"about":[{"href":"https:\/\/macchiaverde-bio.shop\/sv\/wp-json\/wp\/v2\/types\/product"}],"replies":[{"embeddable":true,"href":"https:\/\/macchiaverde-bio.shop\/sv\/wp-json\/wp\/v2\/comments?post=13758"}],"wp:featuredmedia":[{"embeddable":true,"href":"https:\/\/macchiaverde-bio.shop\/sv\/wp-json\/wp\/v2\/media\/13613"}],"wp:attachment":[{"href":"https:\/\/macchiaverde-bio.shop\/sv\/wp-json\/wp\/v2\/media?parent=13758"}],"wp:term":[{"taxonomy":"product_brand","embeddable":true,"href":"https:\/\/macchiaverde-bio.shop\/sv\/wp-json\/wp\/v2\/product_brand?post=13758"},{"taxonomy":"product_cat","embeddable":true,"href":"https:\/\/macchiaverde-bio.shop\/sv\/wp-json\/wp\/v2\/product_cat?post=13758"},{"taxonomy":"product_tag","embeddable":true,"href":"https:\/\/macchiaverde-bio.shop\/sv\/wp-json\/wp\/v2\/product_tag?post=13758"}],"curies":[{"name":"wp","href":"https:\/\/api.w.org\/{rel}","templated":true}]}}