{"id":13757,"date":"2020-04-29T00:57:50","date_gmt":"2020-04-28T22:57:50","guid":{"rendered":"https:\/\/macchiaverde-bio.shop\/produkt\/ekologisk-olivolja-lo-smeraldo-leliodoro-bag-in-box-2-x-5-l\/"},"modified":"2024-06-22T12:05:35","modified_gmt":"2024-06-22T10:05:35","slug":"ekologisk-olivolja-lo-smeraldo-leliodoro-paase-i-laada-2-x-5-l","status":"publish","type":"product","link":"https:\/\/macchiaverde-bio.shop\/sv\/produkt\/ekologisk-olivolja-lo-smeraldo-leliodoro-paase-i-laada-2-x-5-l\/","title":{"rendered":"Ekologisk olivolja &#8211; Lo Smeraldo + L&#8217;Eliodoro &#8211; Bag in Box 2 x 5 L"},"content":{"rendered":"","protected":false},"excerpt":{"rendered":"<p><strong>Ekologisk olivolja: Smeraldo + Eliodoro &#8211; 2 x 5 liters p\u00e5se i kartong &#8211;<\/strong><\/p>\n<p>Lo Smeraldo \u00e4r en premium, rik och fyllig gr\u00f6n olja pressad av 100 % Coratina-oliver. Den har deltagit i alla nationella och internationella t\u00e4vlingar \u00e5r efter \u00e5r och har bel\u00f6nats med flera platinapriser i kategorin &#8221;full fruktig&#8221;. Med <strong>1246 mg\/kg<\/strong> polyfenoler \u00e4r det en av de ledande internationella olivoljorna. Eliodoro \u00e4r en balanserad, gyllengul olja av h\u00f6gsta kvalitet, erh\u00e5llen fr\u00e5n 70 procent Coratina och 30 procent Ogliarola-oliver. Den har bel\u00f6nats med silvermedaljer i kategorin &#8221;medium fruity&#8221; vid nationella och internationella t\u00e4vlingar och ligger i topp i denna kategori med 714 mg\/kg polyfenoler.<\/p>\n","protected":false},"featured_media":13653,"comment_status":"closed","ping_status":"closed","template":"","meta":[],"product_brand":[],"product_cat":[1188,1189],"product_tag":[1192,1191],"class_list":{"0":"post-13757","1":"product","2":"type-product","3":"status-publish","4":"has-post-thumbnail","6":"product_cat-olivolja-bag-in-box","7":"product_cat-specialerbjudanden","8":"product_tag-fruktig-sv","9":"product_tag-olivenoel-sv","11":"first","12":"instock","13":"taxable","14":"shipping-taxable","15":"purchasable","16":"product-type-simple"},"_links":{"self":[{"href":"https:\/\/macchiaverde-bio.shop\/sv\/wp-json\/wp\/v2\/product\/13757","targetHints":{"allow":["GET"]}}],"collection":[{"href":"https:\/\/macchiaverde-bio.shop\/sv\/wp-json\/wp\/v2\/product"}],"about":[{"href":"https:\/\/macchiaverde-bio.shop\/sv\/wp-json\/wp\/v2\/types\/product"}],"replies":[{"embeddable":true,"href":"https:\/\/macchiaverde-bio.shop\/sv\/wp-json\/wp\/v2\/comments?post=13757"}],"wp:featuredmedia":[{"embeddable":true,"href":"https:\/\/macchiaverde-bio.shop\/sv\/wp-json\/wp\/v2\/media\/13653"}],"wp:attachment":[{"href":"https:\/\/macchiaverde-bio.shop\/sv\/wp-json\/wp\/v2\/media?parent=13757"}],"wp:term":[{"taxonomy":"product_brand","embeddable":true,"href":"https:\/\/macchiaverde-bio.shop\/sv\/wp-json\/wp\/v2\/product_brand?post=13757"},{"taxonomy":"product_cat","embeddable":true,"href":"https:\/\/macchiaverde-bio.shop\/sv\/wp-json\/wp\/v2\/product_cat?post=13757"},{"taxonomy":"product_tag","embeddable":true,"href":"https:\/\/macchiaverde-bio.shop\/sv\/wp-json\/wp\/v2\/product_tag?post=13757"}],"curies":[{"name":"wp","href":"https:\/\/api.w.org\/{rel}","templated":true}]}}