{"id":13783,"date":"2015-03-02T17:09:45","date_gmt":"2015-03-02T16:09:45","guid":{"rendered":"https:\/\/macchiaverde-bio.shop\/kontanter\/"},"modified":"2025-12-24T12:09:38","modified_gmt":"2025-12-24T11:09:38","slug":"kontanter","status":"publish","type":"page","link":"https:\/\/macchiaverde-bio.shop\/sv\/kontanter\/","title":{"rendered":"Kontanter"},"content":{"rendered":"\n<div class=\"woocommerce\"><\/div>\n\n\n\t<section class=\"section\" id=\"section_41233574\">\n\t\t<div class=\"section-bg fill\" >\n\t\t\t\t\t\t\t\t\t\n\t\t\t\n\t<div class=\"is-border\"\n\t\tstyle=\"border-color:rgb(235, 235, 235);border-width:1px 0px 0px 0px;\">\n\t<\/div>\n\n\t\t<\/div>\n\n\t\t\n\n\t\t<div class=\"section-content relative\">\n\t\t\t\n\n<div class=\"row\"  id=\"row-707551238\">\n\n\n\t<div id=\"col-1659656847\" class=\"col medium-1 small-12 large-1\"  >\n\t\t\t\t<div class=\"col-inner\"  >\n\t\t\t\n\t\t\t\n\n\t<div id=\"text-1770633296\" class=\"text\">\n\t\t\n\n\n\t\t\n<style>\n#text-1770633296 {\n  text-align: center;\n}\n<\/style>\n\t<\/div>\n\t\n\n\t\t<\/div>\n\t\t\t\t\t<\/div>\n\n\t\n\n\t<div id=\"col-822402414\" class=\"col medium-10 small-12 large-10\"  >\n\t\t\t\t<div class=\"col-inner\"  >\n\t\t\t\n\t\t\t\n\n\t<div id=\"text-1262678476\" class=\"text\">\n\t\t\n\n<h6 style=\"text-align: center;\"><strong>K\u00e4ra kunder, fr\u00e5n och med den 24 december och under hela helgerna kan det f\u00f6rekomma st\u00f6rningar och f\u00f6rseningar med budtj\u00e4nsterna, s\u00e5 bli inte f\u00f6rv\u00e5nade om det tar l\u00e4ngre tid \u00e4n vanligt f\u00f6r era varor att n\u00e5 er!<\/strong><\/h6>\n\t\t\n<style>\n#text-1262678476 {\n  font-size: 1.35rem;\n  text-align: center;\n  color: rgb(208, 30, 30);\n}\n#text-1262678476 > * {\n  color: rgb(208, 30, 30);\n}\n<\/style>\n\t<\/div>\n\t\n\n\t\t<\/div>\n\t\t\t\t\t<\/div>\n\n\t\n\n\t<div id=\"col-1825722042\" class=\"col medium-1 small-12 large-1\"  >\n\t\t\t\t<div class=\"col-inner\"  >\n\t\t\t\n\t\t\t\n\n\n\n\t\t<\/div>\n\t\t\t\t\t<\/div>\n\n\t\n\n<\/div>\n\n\t\t<\/div>\n\n\t\t\n<style>\n#section_41233574 {\n  padding-top: 30px;\n  padding-bottom: 30px;\n  min-height: 100px;\n  background-color: rgb(245, 245, 245);\n}\n<\/style>\n\t<\/section>\n\t\n\n","protected":false},"excerpt":{"rendered":"","protected":false},"author":1,"featured_media":0,"parent":0,"menu_order":9,"comment_status":"closed","ping_status":"closed","template":"","meta":{"footnotes":""},"class_list":["post-13783","page","type-page","status-publish","hentry"],"_links":{"self":[{"href":"https:\/\/macchiaverde-bio.shop\/sv\/wp-json\/wp\/v2\/pages\/13783","targetHints":{"allow":["GET"]}}],"collection":[{"href":"https:\/\/macchiaverde-bio.shop\/sv\/wp-json\/wp\/v2\/pages"}],"about":[{"href":"https:\/\/macchiaverde-bio.shop\/sv\/wp-json\/wp\/v2\/types\/page"}],"author":[{"embeddable":true,"href":"https:\/\/macchiaverde-bio.shop\/sv\/wp-json\/wp\/v2\/users\/1"}],"replies":[{"embeddable":true,"href":"https:\/\/macchiaverde-bio.shop\/sv\/wp-json\/wp\/v2\/comments?post=13783"}],"version-history":[{"count":3,"href":"https:\/\/macchiaverde-bio.shop\/sv\/wp-json\/wp\/v2\/pages\/13783\/revisions"}],"predecessor-version":[{"id":25397,"href":"https:\/\/macchiaverde-bio.shop\/sv\/wp-json\/wp\/v2\/pages\/13783\/revisions\/25397"}],"wp:attachment":[{"href":"https:\/\/macchiaverde-bio.shop\/sv\/wp-json\/wp\/v2\/media?parent=13783"}],"curies":[{"name":"wp","href":"https:\/\/api.w.org\/{rel}","templated":true}]}}