{"id":13754,"date":"2019-08-21T19:34:58","date_gmt":"2019-08-21T17:34:58","guid":{"rendered":"https:\/\/macchiaverde-bio.shop\/betingelser\/"},"modified":"2022-04-20T15:53:21","modified_gmt":"2022-04-20T13:53:21","slug":"betingelser","status":"publish","type":"page","link":"https:\/\/macchiaverde-bio.shop\/sv\/betingelser\/","title":{"rendered":"Betingelser"},"content":{"rendered":"\n<h2 class=\"wp-block-heading\">Anv\u00e4ndarvillkor<\/h2>\n\n<h5 class=\"wp-block-heading\">1. allm\u00e4n<\/h5>\n\n<p>Alla tj\u00e4nster som tillhandah\u00e5lls av <strong>MACCHIA VERDE BIO<\/strong> f\u00f6r kunden eller bes\u00f6karen \u00e4r uteslutande baserade p\u00e5 f\u00f6ljande allm\u00e4nna villkor. Avvikande f\u00f6reskrifter \u00e4r endast giltiga om de har avtalats individuellt mellan olivoljebruket och kunden.<\/p>\n\n<h5 class=\"wp-block-heading\">2. Ing\u00e5ende av kontrakt<\/h5>\n\n<p>2.1 Webbutikens erbjudanden utg\u00f6r en icke-bindande k\u00f6pf\u00f6rfr\u00e5gan till kunden att best\u00e4lla varor i n\u00e4tbutiken.<\/p>\n\n<p>2.2 Genom att best\u00e4lla \u00f6nskade varor p\u00e5 Internet l\u00e4mnar kunden ett bindande erbjudande om att ing\u00e5 ett k\u00f6peavtal.<\/p>\n\n<p>2.3 Olivoljebruket Macchia Verde Bio bekr\u00e4ftar mottagandet av best\u00e4llningen omedelbart, senast efter mottagandet av best\u00e4llningen. Orderbekr\u00e4ftelsen utg\u00f6r inte ett juridiskt godk\u00e4nnande fr\u00e5n v\u00e5r sida. Erbjudandet accepteras f\u00f6rst av oss n\u00e4r vi tar med varorna till dig f\u00f6r frakt. Du kommer att f\u00e5 en skriftlig leveransbekr\u00e4ftelse via e-post. Kunden \u00e4r dock bunden till sitt erbjudande i h\u00f6gst 14 dagar, om inte andra \u00f6verenskommelser har tr\u00e4ffats (ombest\u00e4llning, leverans n\u00e4r tillg\u00e4nglig igen).<\/p>\n\n<p>2.4 Avtalets f\u00f6rem\u00e5l \u00e4r de varor som kunden best\u00e4llt. Med h\u00e4nsyn till kvaliteten g\u00e4ller beskrivningen av erbjudandet, annars g\u00e4ller 434 \u00a7 1 mom Klausul 3 BGB.<\/p>\n\n<h5 class=\"wp-block-heading\">3. Avtal om returkostnader, \u00e5ngerr\u00e4tt, uteslutning av \u00e5ngerr\u00e4tt<\/h5>\n\n<p>Avtal om kostnadsb\u00e4rande: Om du utnyttjar din \u00e5ngerr\u00e4tt f\u00e5r du st\u00e5 f\u00f6r de ordinarie kostnaderna f\u00f6r returen om de levererade varorna motsvarar de best\u00e4llda och om priset p\u00e5 varan som ska returneras inte \u00f6verstiger ett belopp p\u00e5 40 euro eller om du betalar ett h\u00f6gre pris \u00e4nnu inte l\u00e4mnat vederlaget eller en avtalsenlig delbetalning f\u00f6r varan vid tidpunkten f\u00f6r \u00e5terkallelsen. Annars \u00e4r returen gratis f\u00f6r dig.<\/p>\n\n<p>\u00c5ngerr\u00e4tt:<br\/>De best\u00e4mmelser som kan ses <a href=\"https:\/\/macchiaverde-bio.shop\/widerrufsbelehrung\/\"><strong><em>h\u00e4r<\/em><\/strong><\/a> g\u00e4ller.<\/p>\n\n<p>Uteslutning av \u00e5ngerr\u00e4tten:<br\/>om varorna har tillverkats enligt kundens specifikationer eller varit tydligt skr\u00e4ddarsydda efter dina personliga behov eller inte \u00e4r l\u00e4mpliga f\u00f6r retur p\u00e5 grund av sin natur. Dessutom g\u00e4ller de andra fall av 312d \u00a7 mom. 4 BGB<\/p>\n\n<h5 class=\"wp-block-heading\">4. Leverans<\/h5>\n\n<p>4.1. Alla varor kommer att levereras omg\u00e5ende, f\u00f6rutsatt att de finns i lager. Din best\u00e4llning kommer att levereras till de l\u00e4nder inom EU som kan v\u00e4ljas i kassan.<\/p>\n\n<p>4.2. Leveranstiden inom Europeiska Unionen \u00e4r vanligtvis 5-7 dagar, om inget annat anges. Du kan f\u00e5 mer information med sp\u00e5rningsnumret p\u00e5 f\u00f6rs\u00e4ndelsens sp\u00e5rning eller p\u00e5 informationssidorna f\u00f6r respektive logistiker.<\/p>\n\n<p>4.3. Om en vara tillf\u00e4lligt \u00e4r otillg\u00e4nglig och d\u00e4rf\u00f6r inte \u00e4r tillg\u00e4nglig kommer vi att informera dig via e-post om f\u00f6rv\u00e4ntad leveranstid eller erbjuda dig en alternativ vara.<\/p>\n\n<h5 class=\"wp-block-heading\">5. F\u00f6rpacknings- &amp; fraktkostnader<\/h5>\n\n<p>Best\u00e4mmelserna om emballage och fraktkostnader g\u00e4ller, som kan ses <a href=\"https:\/\/macchiaverde-bio.shop\/versandarten\/\"><strong><em>h\u00e4r<\/em><\/strong><\/a> .<\/p>\n\n<h5 class=\"wp-block-heading\">6. Betalning, \u00e4gander\u00e4ttsf\u00f6rbeh\u00e5ll<\/h5>\n\n<p>6.1 Alla priser som visas \u00e4r bruttopriser i euro och inkluderar den lagstadgade momsen fr\u00e5n Republiken Italien med 4 % eller 21 %. Priserna g\u00e4ller samma dag som best\u00e4llningar l\u00e4mnas.<\/p>\n\n<p>6.2 De betalningsmetoder som erbjuds i kassan g\u00e4ller. N\u00e4r best\u00e4llningen \u00e4r genomf\u00f6rd sker en f\u00f6rauktorisation som auktoriseras n\u00e4r fakturan utf\u00e4rdas. Detta sker samtidigt som frisl\u00e4ppandet f\u00f6r utskick. Du kommer att f\u00e5 ett separat meddelande om detta. Dessutom g\u00e4ller betalningsvillkoren f\u00f6r tj\u00e4nsteleverant\u00f6ren PayPal Inc. och Stripe Inc.<\/p>\n\n<p>6.3 De levererade varorna f\u00f6rblir v\u00e5r egendom tills full betalning har erlagts (\u00e4gander\u00e4ttsf\u00f6rbeh\u00e5ll enligt \u00a7\u00a7158, 449 BGB). Kunden m\u00e5ste omedelbart informera oss om verkst\u00e4llighets\u00e5tg\u00e4rder fr\u00e5n tredje part i f\u00f6rh\u00e5llande till de varor som omfattas av \u00e4gander\u00e4ttsf\u00f6rbeh\u00e5ll och \u00f6verl\u00e4mna de handlingar som kr\u00e4vs f\u00f6r ett ingripande; detta g\u00e4ller \u00e4ven f\u00f6r neds\u00e4ttningar av annat slag.Oavsett detta m\u00e5ste kunden i f\u00f6rv\u00e4g informera tredje part om r\u00e4ttigheterna till varan.<\/p>\n\n<h5 class=\"wp-block-heading\">7. Garanti<\/h5>\n\n<p>Om till\u00e4ggsutf\u00f6randet har skett genom ers\u00e4ttningsleverans \u00e4r kunden skyldig att inom 30 dagar p\u00e5 v\u00e5r bekostnad returnera den f\u00f6rst levererade varan till oss. Den defekta varan ska returneras i enlighet med lagstadgade best\u00e4mmelser. Vi f\u00f6rbeh\u00e5ller oss r\u00e4tten att kr\u00e4va skadest\u00e5nd enligt lagstadgade villkor. Biavtal \u00e4r endast giltiga i skriftlig form.<\/p>\n\n<h5 class=\"wp-block-heading\">8. Ansvar f\u00f6r defekter<\/h5>\n\n<p>8.1 olivenoele.com \u00e4r ansvarig i fall av upps\u00e5t eller grov v\u00e5rdsl\u00f6shet enligt lagstadgade best\u00e4mmelser. Ansvaret f\u00f6r garantier \u00e4r oberoende av culpa. Webbutiken ansvarar endast f\u00f6r ringa v\u00e5rdsl\u00f6shet i enlighet med best\u00e4mmelserna i produktansvarslagen, f\u00f6r skada p\u00e5 liv, lem eller h\u00e4lsa eller f\u00f6r brott mot v\u00e4sentliga avtalsf\u00f6rpliktelser. Skadest\u00e5ndsanspr\u00e5ket f\u00f6r det l\u00e4tt oaktsamma brottet mot v\u00e4sentliga avtalsf\u00f6rpliktelser \u00e4r dock begr\u00e4nsat till den f\u00f6r kontraktet typiska f\u00f6rutsebara skadan, i den m\u00e5n det inte f\u00f6religger n\u00e5got ansvar f\u00f6r skada p\u00e5 liv, lem eller h\u00e4lsa. N\u00e4tbutiken ansvarar i samma utstr\u00e4ckning f\u00f6r st\u00e4llf\u00f6retr\u00e4dares och representanters fel.<\/p>\n\n<p>8.2 Regleringen i ovanst\u00e5ende stycke (8.1) omfattar ers\u00e4ttning f\u00f6r skador ut\u00f6ver tj\u00e4nsten, skadest\u00e5ndsers\u00e4ttning i st\u00e4llet f\u00f6r tj\u00e4nsten och kravet p\u00e5 ers\u00e4ttning f\u00f6r bortkastade kostnader, oavsett r\u00e4ttslig orsak, inklusive ansvar f\u00f6r fel, dr\u00f6jsm\u00e5l eller om\u00f6jlighet.<\/p>\n\n<h5 class=\"wp-block-heading\">9. Sekretess<\/h5>\n\n<p>V\u00e5r dataskyddsdeklaration g\u00e4ller, som <a href=\"https:\/\/macchiaverde-bio.shop\/datenschutzerklaerung\/\"><strong><em>kan<\/em><\/strong><\/a> n\u00e5s h\u00e4r.<\/p>\n\n<h5 class=\"wp-block-heading\">10. Upphovsr\u00e4tt<\/h5>\n\n<p>Inneh\u00e5llet och verken som skapats av Macchia Verde Bio p\u00e5 dessa sidor \u00e4r f\u00f6rem\u00e5l f\u00f6r tysk upphovsr\u00e4ttslagstiftning. Duplicering, redigering, distribution och all form av utnyttjande utanf\u00f6r upphovsr\u00e4ttens gr\u00e4nser kr\u00e4ver skriftligt medgivande fr\u00e5n respektive f\u00f6rfattare eller skapare. Nedladdningar och kopior av denna webbplats \u00e4r endast till\u00e5tna f\u00f6r privat, icke-kommersiellt bruk. I den m\u00e5n inneh\u00e5llet p\u00e5 denna webbplats inte har skapats av operat\u00f6ren, respekteras tredje parts upphovsr\u00e4tt. S\u00e4rskilt inneh\u00e5ll fr\u00e5n tredje part markeras som s\u00e5dant. Skulle du \u00e4nd\u00e5 bli medveten om ett upphovsr\u00e4ttsintr\u00e5ng ber vi dig att informera oss om detta. S\u00e5 snart vi blir medvetna om lag\u00f6vertr\u00e4delser kommer vi att ta bort s\u00e5dant inneh\u00e5ll omedelbart.<\/p>\n\n<h5 class=\"wp-block-heading\">11. Inneh\u00e5ll och l\u00e4nkar p\u00e5 v\u00e5ra webbplatser<\/h5>\n\n<p>11.1 Inneh\u00e5llet p\u00e5 v\u00e5r webbplats skapades med st\u00f6rsta omsorg. Vi kan dock inte garantera att inneh\u00e5llet \u00e4r korrekt, fullst\u00e4ndigt eller uppdaterat. Som tj\u00e4nsteleverant\u00f6r \u00e4r vi enligt \u00a7 7 Abs.1 TMG ansvarar f\u00f6r sitt eget inneh\u00e5ll p\u00e5 dessa sidor enligt allm\u00e4nna lagar. Enligt 8 till 10 \u00a7\u00a7 TMG \u00e4r vi som tj\u00e4nsteleverant\u00f6r dock inte skyldiga att \u00f6vervaka \u00f6verf\u00f6rd eller lagrad tredjepartsinformation eller att utreda omst\u00e4ndigheter som tyder p\u00e5 olaglig verksamhet. Skyldigheter att ta bort eller blockera anv\u00e4ndningen av information enligt allm\u00e4nna lagar f\u00f6rblir op\u00e5verkade. Ansvar i detta avseende \u00e4r dock endast m\u00f6jligt fr\u00e5n den tidpunkt d\u00e5 k\u00e4nnedom om ett specifikt lag\u00f6vertr\u00e4delse \u00e4r k\u00e4nt. S\u00e5 snart vi blir medvetna om n\u00e5gra brott mot lagen kommer vi att ta bort detta inneh\u00e5ll omedelbart.<\/p>\n\n<p>11.2 V\u00e5rt erbjudande inneh\u00e5ller l\u00e4nkar till externa tredjepartswebbplatser \u00f6ver vars inneh\u00e5ll vi inte har n\u00e5got inflytande \u00f6ver.<br\/>Vi kan d\u00e4rf\u00f6r inte ta n\u00e5got ansvar f\u00f6r detta tredjepartsinneh\u00e5ll. Respektive leverant\u00f6r eller operat\u00f6r av sidorna \u00e4r alltid ansvarig f\u00f6r inneh\u00e5llet p\u00e5 de l\u00e4nkade sidorna.<\/p>\n\n<p>De l\u00e4nkade sidorna kontrollerades f\u00f6r eventuella lag\u00f6vertr\u00e4delser vid tidpunkten f\u00f6r l\u00e4nkningen. Olagligt inneh\u00e5ll kunde inte k\u00e4nnas igen vid tidpunkten f\u00f6r l\u00e4nkningen. En permanent kontroll av inneh\u00e5llet p\u00e5 de l\u00e4nkade sidorna \u00e4r dock inte rimlig utan konkreta bevis p\u00e5 ett intr\u00e5ng. S\u00e5 snart vi blir medvetna om lag\u00f6vertr\u00e4delser kommer vi att ta bort s\u00e5dana l\u00e4nkar omedelbart.<\/p>\n\n<h5 class=\"wp-block-heading\">12. Slutbest\u00e4mmelser<\/h5>\n\n<p>Giltigheten av FN:s k\u00f6plag \u00e4r utesluten, tysk lag g\u00e4ller. Med en best\u00e4llning accepteras de allm\u00e4nna villkoren f\u00f6r webbutiken.<br\/>Om kunden inte har en allm\u00e4n jurisdiktion i Tyskland eller i en annan EU-medlemsstat \u00e4r jurisdiktionen f\u00f6r alla tvister som h\u00e4rr\u00f6r fr\u00e5n detta avtal v\u00e5r verksamhetsort: <strong>District Court of Bari<\/strong> (BA)<\/p>\n\n<p>S\u00e4ljaren har i f\u00f6rh\u00e5llande till sin webbutik[https:\/\/macchiaverde-bio .shop\/wp_mvbs] omfattas av OnTrustNets kvalitetskriterier &#8221;OnTrustNet Verified Online Shop&#8221;, som kan ses p\u00e5 f\u00f6ljande l\u00e4nk https:\/\/ontrust.net\/shop-guetesiegel-bedingungen.<\/p>\n","protected":false},"excerpt":{"rendered":"<p>Anv\u00e4ndarvillkor 1. allm\u00e4n Alla tj\u00e4nster som tillhandah\u00e5lls av MACCHIA VERDE BIO f\u00f6r kunden eller bes\u00f6karen \u00e4r uteslutande baserade p\u00e5 f\u00f6ljande allm\u00e4nna villkor. Avvikande f\u00f6reskrifter \u00e4r endast giltiga om de har avtalats individuellt mellan olivoljebruket och kunden. 2. Ing\u00e5ende av kontrakt 2.1 Webbutikens erbjudanden utg\u00f6r en icke-bindande k\u00f6pf\u00f6rfr\u00e5gan till kunden att best\u00e4lla varor i n\u00e4tbutiken. 2.2 [&#8230;]\n","protected":false},"author":1,"featured_media":0,"parent":0,"menu_order":8,"comment_status":"closed","ping_status":"closed","template":"","meta":{"footnotes":""},"class_list":["post-13754","page","type-page","status-publish","hentry"],"_links":{"self":[{"href":"https:\/\/macchiaverde-bio.shop\/sv\/wp-json\/wp\/v2\/pages\/13754","targetHints":{"allow":["GET"]}}],"collection":[{"href":"https:\/\/macchiaverde-bio.shop\/sv\/wp-json\/wp\/v2\/pages"}],"about":[{"href":"https:\/\/macchiaverde-bio.shop\/sv\/wp-json\/wp\/v2\/types\/page"}],"author":[{"embeddable":true,"href":"https:\/\/macchiaverde-bio.shop\/sv\/wp-json\/wp\/v2\/users\/1"}],"replies":[{"embeddable":true,"href":"https:\/\/macchiaverde-bio.shop\/sv\/wp-json\/wp\/v2\/comments?post=13754"}],"version-history":[{"count":0,"href":"https:\/\/macchiaverde-bio.shop\/sv\/wp-json\/wp\/v2\/pages\/13754\/revisions"}],"wp:attachment":[{"href":"https:\/\/macchiaverde-bio.shop\/sv\/wp-json\/wp\/v2\/media?parent=13754"}],"curies":[{"name":"wp","href":"https:\/\/api.w.org\/{rel}","templated":true}]}}