{"id":13701,"date":"2019-08-21T19:34:58","date_gmt":"2019-08-21T17:34:58","guid":{"rendered":"https:\/\/macchiaverde-bio.shop\/aangerraett\/"},"modified":"2022-06-30T13:54:38","modified_gmt":"2022-06-30T11:54:38","slug":"aangerraett","status":"publish","type":"page","link":"https:\/\/macchiaverde-bio.shop\/sv\/aangerraett\/","title":{"rendered":"\u00c5ngerr\u00e4tt"},"content":{"rendered":"\n  <div id=\"page-header-1194355831\" class=\"page-header-wrapper\">\n  <div class=\"page-title dark featured-title\">\n\n    \n    <div class=\"page-title-inner container align-center flex-row medium-flex-wrap\" >\n              <div class=\"title-wrapper uppercase flex-col text-left medium-text-center\">\n          <h1 class=\"entry-title mb-0\">\n            \u00c5ngerr\u00e4tt          <\/h1>\n        <\/div>\n                    <div class=\"title-content flex-col flex-right text-right medium-text-center\">\n        <div class=\"title-breadcrumbs pb-half pt-half\"><nav class=\"woocommerce-breadcrumb breadcrumbs uppercase\" aria-label=\"Breadcrumb\">Hem<\/nav><\/div>      <\/div>\n    <\/div>\n\n       <\/div>\n    <\/div>\n  \n\n<p>\u00c4r du inte n\u00f6jd med den k\u00f6pta olivoljan eller n\u00e5gon av produkterna? H\u00e4r hittar du de formella ramvillkoren som g\u00e4ller f\u00f6r ditt k\u00f6p p\u00e5 olivenoel-muehle.de.<br>Du har lagligen r\u00e4tt till \u00e5ngerr\u00e4tt:<\/p>\n<p>Du har r\u00e4tt att fr\u00e5ntr\u00e4da detta avtal inom fjorton dagar utan att ange n\u00e5gon anledning.<\/p>\n<p>Observera att dina best\u00e4llningar automatiskt skickas till v\u00e5rt fraktcenter f\u00f6r snabb leverans och att efterf\u00f6ljande avbokning efter \u00f6verf\u00f6ring inte l\u00e4ngre \u00e4r m\u00f6jlig av processuella sk\u00e4l!<\/p>\n<p>\u00c5ngerfristen \u00e4r fjorton dagar fr\u00e5n den dag d\u00e5 du eller en av dig utn\u00e4mnd tredje part som inte \u00e4r transport\u00f6r tog varorna i besittning. F\u00f6r att ut\u00f6va din \u00e5ngerr\u00e4tt m\u00e5ste du skicka oss ett tydligt uttalande till:<\/p>\n<p><strong>Oleificio<\/strong><\/p>\n<p><strong>MACCHIA VERDE BIO<\/strong><br>di Caterina Scarola<\/p>\n<p>Via soldo Pasquale Giovanniello 1<br>70025 Grumo Appula (BA)<br>Italien<\/p>\n<p>E-postadress: <a href=\"mailto:info@macchiaverdebio.it\">info@macchiaverdebio.it<\/a><\/p>\n<p>om ditt beslut att h\u00e4va detta avtal.<\/p>\n<h3>Konsekvenser av \u00e5terkallelse<\/h3>\n<p>Om du fr\u00e5ntr\u00e4der detta avtal kommer vi att vara skyldiga dig alla betalningar som vi har f\u00e5tt fr\u00e5n dig, inklusive leveranskostnader &#8211; beroende p\u00e5 beloppet av best\u00e4llningskostnaderna (se nedan) (f\u00f6rutom de extra kostnader som f\u00f6ljer av det faktum att du v\u00e4ljer en annan typ av betalningsleverans som den billigaste standardleveransen som erbjuds av oss) omedelbart och senast inom fjorton dagar fr\u00e5n den dag d\u00e5 vi mottog meddelandet om din upps\u00e4gning av detta avtal. F\u00f6r denna \u00e5terbetalning anv\u00e4nder vi samma betalningsmedel som du anv\u00e4nde i den ursprungliga transaktionen, s\u00e5vida inte n\u00e5got annat uttryckligen \u00f6verenskommits med dig; under inga omst\u00e4ndigheter kommer du att debiteras avgifter f\u00f6r denna \u00e5terbetalning. Du m\u00e5ste returnera varorna till oss omedelbart och i alla fall senast fjorton dagar fr\u00e5n den dag d\u00e5 du informerar oss om upps\u00e4gningen av detta avtal. Tidsfristen \u00e4r uppfylld om du skickar tillbaka varorna innan fristen p\u00e5 fjorton dagar har g\u00e5tt ut.<\/p>\n<p>F\u00f6r best\u00e4llningar \u00f6ver 59 euro t\u00e4cker vi eventuella returkostnader om du har ans\u00f6kt om en returorder. Vi t\u00e4cker inte returkostnaderna f\u00f6r best\u00e4llningar under 59 euro. H\u00e4r kr\u00e4vs \u00e4ven en returorder. Denna f\u00f6reskrift g\u00e4ller \u00e4ven best\u00e4llningar som makuleras efter att best\u00e4llningen har lagts och innan de skickas, eftersom volymerna g\u00f6r det om\u00f6jligt att ingripa i processkedjan.<\/p>\n<p><strong>VIKTIG:<\/strong><br> V\u00e4nligen kontakta oss f\u00f6r att f\u00e5 en returorder och bekr\u00e4ftelse innan ! du skickar tillbaka varorna till oss. Varor eller f\u00f6rs\u00e4ndelser utan returorder kan inte accepteras eller behandlas. Du kan skapa en returorder informellt via kontaktformul\u00e4ret.<\/p>\n<p>Produkter (flaskor, burkar, baginboxar) som redan har \u00f6ppnats (t.ex. olivolja eller delikatesser) kan inte returneras.<\/p>\n\n","protected":false},"excerpt":{"rendered":"","protected":false},"author":1,"featured_media":0,"parent":0,"menu_order":13,"comment_status":"closed","ping_status":"closed","template":"","meta":{"footnotes":""},"class_list":["post-13701","page","type-page","status-publish","hentry"],"_links":{"self":[{"href":"https:\/\/macchiaverde-bio.shop\/sv\/wp-json\/wp\/v2\/pages\/13701","targetHints":{"allow":["GET"]}}],"collection":[{"href":"https:\/\/macchiaverde-bio.shop\/sv\/wp-json\/wp\/v2\/pages"}],"about":[{"href":"https:\/\/macchiaverde-bio.shop\/sv\/wp-json\/wp\/v2\/types\/page"}],"author":[{"embeddable":true,"href":"https:\/\/macchiaverde-bio.shop\/sv\/wp-json\/wp\/v2\/users\/1"}],"replies":[{"embeddable":true,"href":"https:\/\/macchiaverde-bio.shop\/sv\/wp-json\/wp\/v2\/comments?post=13701"}],"version-history":[{"count":0,"href":"https:\/\/macchiaverde-bio.shop\/sv\/wp-json\/wp\/v2\/pages\/13701\/revisions"}],"wp:attachment":[{"href":"https:\/\/macchiaverde-bio.shop\/sv\/wp-json\/wp\/v2\/media?parent=13701"}],"curies":[{"name":"wp","href":"https:\/\/api.w.org\/{rel}","templated":true}]}}