{"id":21489,"date":"2015-03-08T22:24:30","date_gmt":"2015-03-08T21:24:30","guid":{"rendered":"https:\/\/macchiaverde-bio.shop\/produkt\/bio-oljcno-olje-lo-smeraldo-steklenice-3-x-500-ml\/"},"modified":"2026-02-09T23:08:58","modified_gmt":"2026-02-09T22:08:58","slug":"bio-oljcno-olje-lo-smeraldo-steklenice-3-x-500-ml","status":"publish","type":"product","link":"https:\/\/macchiaverde-bio.shop\/sl\/produkt\/bio-oljcno-olje-lo-smeraldo-steklenice-3-x-500-ml\/","title":{"rendered":"Bio olj\u010dno olje &#8211; Lo Smeraldo &#8211; Steklenice 3 x 500 ml"},"content":{"rendered":"","protected":false},"excerpt":{"rendered":"<p>EKSTRA DEVI\u0160KO OLJ\u010cNO OLJE<br \/>\n \u2013 HLADNO STISKANO \u2013<br \/>\n<strong>&#8211; 3 \u0161katle za steklenice &#8211;<\/strong><\/p>\n<p id=\"tw-target-text\" class=\"tw-data-text tw-text-large tw-ta\" dir=\"ltr\" data-placeholder=\"\u00dcbersetzung\"><span lang=\"de\">Smeraldo (Smaragd) je bogato zeleno in polno olj\u010dno olje najvi\u0161je kakovosti, stisnjeno je iz 100% oljk Coratina. Leto za letom je sodeloval na vseh dr\u017eavnih in mednarodnih tekmovanjih in bil nagrajen do <strong>platinaste medalje<\/strong> v kategoriji <strong>\u201cFull Fruity\u201d<\/strong> .<br \/>\n<\/span><\/p>\n<p class=\"tw-data-text tw-text-large tw-ta\" dir=\"ltr\" data-placeholder=\"\u00dcbersetzung\"><span lang=\"de\">Zaradi izklju\u010dne uporabe <strong>oljk Coratina<\/strong> je za Smeraldo zna\u010dilna izjemno <strong>visoka<\/strong> <strong>vsebnost polifenolov<\/strong> . Ravno visoka vsebnost polifenolov daje olju Coratina <strong>intenziven, saden, sve\u017e<\/strong> okus. Vonj oliv je jasen in nezamenljiv, \u010dutiti je jasne note surovega sadja in note sve\u017eih zelenih mandljev.<\/span><\/p>\n<p dir=\"ltr\" data-placeholder=\"\u00dcbersetzung\">Smeraldo je idealen za <strong>pico<\/strong> in <strong>testenine<\/strong> , pa tudi za focaccio, <strong>zrezke<\/strong> in <strong>jedi z \u017eara<\/strong> . Je tudi idealno olj\u010dno olje za pripravo <strong>marinad za \u017ear<\/strong> in kislih kumaric, saj zaradi visoke vsebnosti polifenolov prodre globoko v meso in prena\u0161a arome za\u010dimb.<\/p>\n","protected":false},"featured_media":21490,"comment_status":"open","ping_status":"closed","template":"","meta":[],"product_brand":[],"product_cat":[1531],"product_tag":[1536,1535,1532],"class_list":{"0":"post-21489","1":"product","2":"type-product","3":"status-publish","4":"has-post-thumbnail","6":"product_cat-steklenice-za-olivno-olje","7":"product_tag-intenzivno","8":"product_tag-olivno-olje","9":"product_tag-sadno","11":"first","12":"instock","13":"taxable","14":"shipping-taxable","15":"purchasable","16":"product-type-simple"},"_links":{"self":[{"href":"https:\/\/macchiaverde-bio.shop\/sl\/wp-json\/wp\/v2\/product\/21489","targetHints":{"allow":["GET"]}}],"collection":[{"href":"https:\/\/macchiaverde-bio.shop\/sl\/wp-json\/wp\/v2\/product"}],"about":[{"href":"https:\/\/macchiaverde-bio.shop\/sl\/wp-json\/wp\/v2\/types\/product"}],"replies":[{"embeddable":true,"href":"https:\/\/macchiaverde-bio.shop\/sl\/wp-json\/wp\/v2\/comments?post=21489"}],"wp:featuredmedia":[{"embeddable":true,"href":"https:\/\/macchiaverde-bio.shop\/sl\/wp-json\/wp\/v2\/media\/21490"}],"wp:attachment":[{"href":"https:\/\/macchiaverde-bio.shop\/sl\/wp-json\/wp\/v2\/media?parent=21489"}],"wp:term":[{"taxonomy":"product_brand","embeddable":true,"href":"https:\/\/macchiaverde-bio.shop\/sl\/wp-json\/wp\/v2\/product_brand?post=21489"},{"taxonomy":"product_cat","embeddable":true,"href":"https:\/\/macchiaverde-bio.shop\/sl\/wp-json\/wp\/v2\/product_cat?post=21489"},{"taxonomy":"product_tag","embeddable":true,"href":"https:\/\/macchiaverde-bio.shop\/sl\/wp-json\/wp\/v2\/product_tag?post=21489"}],"curies":[{"name":"wp","href":"https:\/\/api.w.org\/{rel}","templated":true}]}}