{"id":21487,"date":"2019-02-09T15:05:01","date_gmt":"2019-02-09T14:05:01","guid":{"rendered":"https:\/\/macchiaverde-bio.shop\/produkt\/bio-oljcno-olje-lo-smeraldo-steklenice-6-x-250-ml\/"},"modified":"2019-02-09T15:05:01","modified_gmt":"2019-02-09T14:05:01","slug":"bio-oljcno-olje-lo-smeraldo-steklenice-6-x-250-ml","status":"publish","type":"product","link":"https:\/\/macchiaverde-bio.shop\/sl\/produkt\/bio-oljcno-olje-lo-smeraldo-steklenice-6-x-250-ml\/","title":{"rendered":"Bio olj\u010dno olje \u2013 Lo Smeraldo \u2013 Steklenice 6 x 250 ml"},"content":{"rendered":"","protected":false},"excerpt":{"rendered":"<p><strong>&#8211; \u0160katla s 6 steklenicami &#8211;<\/strong><\/p>\n<p>Smeraldo je bogato, polno zeleno olj\u010dno olje najvi\u0161je kakovosti, stisnjeno iz 100% oljk Coratina. Leto za letom se udele\u017euje vseh dr\u017eavnih in mednarodnih tekmovanj, osvaja zlate medalje v kategoriji \u00bbFull Fruit\u00ab in sodi v sam vrh mednarodnih izdelkov. Zahvaljujo\u010d izklju\u010dno uporabi <strong>oljk Coratina,<\/strong> je za Smeraldo zna\u010dilna <strong>zelo visoka vsebnost polifenolov<\/strong> . Predvsem visoka vsebnost polifenolov daje olju Coratina intenziven, saden in sve\u017e okus. Vonj oliv je jasen in nezgre\u0161ljiv, v ustih so note surovega sadja in pridih sve\u017eih zelenih mandljev.<\/p>\n<p>Smeraldo je idealen za <strong>pice<\/strong> in prve jedi, foka\u010do, <strong>zrezke in jedi z \u017eara<\/strong> . Je tudi idealno olj\u010dno olje za <strong>pripravo marinad<\/strong> in omak za \u017ear, saj zaradi visoke vsebnosti polifenolov prodre globoko v meso in mu daje arome.<\/p>\n","protected":false},"featured_media":21488,"comment_status":"closed","ping_status":"closed","template":"","meta":[],"product_brand":[],"product_cat":[1531],"product_tag":[1536,1558,1532],"class_list":{"0":"post-21487","1":"product","2":"type-product","3":"status-publish","4":"has-post-thumbnail","6":"product_cat-steklenice-za-olivno-olje","7":"product_tag-intenzivno","8":"product_tag-polifenoli","9":"product_tag-sadno","11":"first","12":"instock","13":"taxable","14":"shipping-taxable","15":"purchasable","16":"product-type-simple"},"_links":{"self":[{"href":"https:\/\/macchiaverde-bio.shop\/sl\/wp-json\/wp\/v2\/product\/21487","targetHints":{"allow":["GET"]}}],"collection":[{"href":"https:\/\/macchiaverde-bio.shop\/sl\/wp-json\/wp\/v2\/product"}],"about":[{"href":"https:\/\/macchiaverde-bio.shop\/sl\/wp-json\/wp\/v2\/types\/product"}],"replies":[{"embeddable":true,"href":"https:\/\/macchiaverde-bio.shop\/sl\/wp-json\/wp\/v2\/comments?post=21487"}],"wp:featuredmedia":[{"embeddable":true,"href":"https:\/\/macchiaverde-bio.shop\/sl\/wp-json\/wp\/v2\/media\/21488"}],"wp:attachment":[{"href":"https:\/\/macchiaverde-bio.shop\/sl\/wp-json\/wp\/v2\/media?parent=21487"}],"wp:term":[{"taxonomy":"product_brand","embeddable":true,"href":"https:\/\/macchiaverde-bio.shop\/sl\/wp-json\/wp\/v2\/product_brand?post=21487"},{"taxonomy":"product_cat","embeddable":true,"href":"https:\/\/macchiaverde-bio.shop\/sl\/wp-json\/wp\/v2\/product_cat?post=21487"},{"taxonomy":"product_tag","embeddable":true,"href":"https:\/\/macchiaverde-bio.shop\/sl\/wp-json\/wp\/v2\/product_tag?post=21487"}],"curies":[{"name":"wp","href":"https:\/\/api.w.org\/{rel}","templated":true}]}}