{"id":21482,"date":"2020-01-12T21:59:11","date_gmt":"2020-01-12T20:59:11","guid":{"rendered":"https:\/\/macchiaverde-bio.shop\/produkt\/trio-olivnega-olja-degustacijski-set-3-x-500-ml\/"},"modified":"2025-02-25T18:26:43","modified_gmt":"2025-02-25T17:26:43","slug":"trio-olivnega-olja-degustacijski-set-3-x-500-ml","status":"publish","type":"product","link":"https:\/\/macchiaverde-bio.shop\/sl\/produkt\/trio-olivnega-olja-degustacijski-set-3-x-500-ml\/","title":{"rendered":"Trio olivnega olja &#8211; Degustacijski set &#8211; 3 x 500 ml"},"content":{"rendered":"","protected":false},"excerpt":{"rendered":"<p>Za\u010detni set olivnega olja z na\u0161imi 3 organskimi olj\u010dnimi olji za neodlo\u010dene! Po eno 500 ml steklenico &#8220;Smeraldo&#8221;, &#8220;Eliodoro&#8221; in 500 ml &#8220;Classico&#8221; za poskus. Odlo\u010dite se, katero od treh olj vam je najbolj v\u0161e\u010d.<\/p>\n","protected":false},"featured_media":21447,"comment_status":"open","ping_status":"closed","template":"","meta":[],"product_brand":[],"product_cat":[1552,1531],"product_tag":[1557,1535,1555,1556],"class_list":{"0":"post-21482","1":"product","2":"type-product","3":"status-publish","4":"has-post-thumbnail","6":"product_cat-posebne-ponudbe","7":"product_cat-steklenice-za-olivno-olje","8":"product_tag-narocilo","9":"product_tag-olivno-olje","10":"product_tag-organsko","11":"product_tag-set-vzorcev","13":"first","14":"instock","15":"taxable","16":"shipping-taxable","17":"purchasable","18":"product-type-simple"},"_links":{"self":[{"href":"https:\/\/macchiaverde-bio.shop\/sl\/wp-json\/wp\/v2\/product\/21482","targetHints":{"allow":["GET"]}}],"collection":[{"href":"https:\/\/macchiaverde-bio.shop\/sl\/wp-json\/wp\/v2\/product"}],"about":[{"href":"https:\/\/macchiaverde-bio.shop\/sl\/wp-json\/wp\/v2\/types\/product"}],"replies":[{"embeddable":true,"href":"https:\/\/macchiaverde-bio.shop\/sl\/wp-json\/wp\/v2\/comments?post=21482"}],"wp:featuredmedia":[{"embeddable":true,"href":"https:\/\/macchiaverde-bio.shop\/sl\/wp-json\/wp\/v2\/media\/21447"}],"wp:attachment":[{"href":"https:\/\/macchiaverde-bio.shop\/sl\/wp-json\/wp\/v2\/media?parent=21482"}],"wp:term":[{"taxonomy":"product_brand","embeddable":true,"href":"https:\/\/macchiaverde-bio.shop\/sl\/wp-json\/wp\/v2\/product_brand?post=21482"},{"taxonomy":"product_cat","embeddable":true,"href":"https:\/\/macchiaverde-bio.shop\/sl\/wp-json\/wp\/v2\/product_cat?post=21482"},{"taxonomy":"product_tag","embeddable":true,"href":"https:\/\/macchiaverde-bio.shop\/sl\/wp-json\/wp\/v2\/product_tag?post=21482"}],"curies":[{"name":"wp","href":"https:\/\/api.w.org\/{rel}","templated":true}]}}