{"id":21480,"date":"2020-01-15T22:40:16","date_gmt":"2020-01-15T21:40:16","guid":{"rendered":"https:\/\/macchiaverde-bio.shop\/produkt\/bio-oljcno-olje-classic-kanister-4-x-5-l\/"},"modified":"2025-02-25T18:26:58","modified_gmt":"2025-02-25T17:26:58","slug":"bio-oljcno-olje-classic-kanister-4-x-5-l","status":"publish","type":"product","link":"https:\/\/macchiaverde-bio.shop\/sl\/produkt\/bio-oljcno-olje-classic-kanister-4-x-5-l\/","title":{"rendered":"Bio olj\u010dno olje &#8211; Classic &#8211; Kanister 4 x 5 L"},"content":{"rendered":"","protected":false},"excerpt":{"rendered":"<p><strong>\u2013 Bio olj\u010dno olje &#8211; Classic &#8211; Kanister 4 x 5 L \u2013<\/strong><br \/>\n Classic je visoko kakovostno, uravnote\u017eeno olj\u010dno olje, me\u0161anica oljk Coratina in Ogliarola. Je zlato rumene barve z zelenimi odsevi, srednje sadnega, polnega okusa, z notami mandljev in arti\u010dok. Primerno je za najrazli\u010dnej\u0161e jedi in bi mu lahko rekli tudi &#8220;olj\u010dno olje za vsak dan&#8221;.<\/p>\n","protected":false},"featured_media":21481,"comment_status":"open","ping_status":"closed","template":"","meta":[],"product_brand":[],"product_cat":[1538],"product_tag":[1536,1535,1532],"class_list":{"0":"post-21480","1":"product","2":"type-product","3":"status-publish","4":"has-post-thumbnail","6":"product_cat-kanister-za-olivno-olje","7":"product_tag-intenzivno","8":"product_tag-olivno-olje","9":"product_tag-sadno","11":"first","12":"instock","13":"taxable","14":"shipping-taxable","15":"purchasable","16":"product-type-simple"},"_links":{"self":[{"href":"https:\/\/macchiaverde-bio.shop\/sl\/wp-json\/wp\/v2\/product\/21480","targetHints":{"allow":["GET"]}}],"collection":[{"href":"https:\/\/macchiaverde-bio.shop\/sl\/wp-json\/wp\/v2\/product"}],"about":[{"href":"https:\/\/macchiaverde-bio.shop\/sl\/wp-json\/wp\/v2\/types\/product"}],"replies":[{"embeddable":true,"href":"https:\/\/macchiaverde-bio.shop\/sl\/wp-json\/wp\/v2\/comments?post=21480"}],"wp:featuredmedia":[{"embeddable":true,"href":"https:\/\/macchiaverde-bio.shop\/sl\/wp-json\/wp\/v2\/media\/21481"}],"wp:attachment":[{"href":"https:\/\/macchiaverde-bio.shop\/sl\/wp-json\/wp\/v2\/media?parent=21480"}],"wp:term":[{"taxonomy":"product_brand","embeddable":true,"href":"https:\/\/macchiaverde-bio.shop\/sl\/wp-json\/wp\/v2\/product_brand?post=21480"},{"taxonomy":"product_cat","embeddable":true,"href":"https:\/\/macchiaverde-bio.shop\/sl\/wp-json\/wp\/v2\/product_cat?post=21480"},{"taxonomy":"product_tag","embeddable":true,"href":"https:\/\/macchiaverde-bio.shop\/sl\/wp-json\/wp\/v2\/product_tag?post=21480"}],"curies":[{"name":"wp","href":"https:\/\/api.w.org\/{rel}","templated":true}]}}