{"id":21470,"date":"2020-03-13T00:39:55","date_gmt":"2020-03-12T23:39:55","guid":{"rendered":"https:\/\/macchiaverde-bio.shop\/produkt\/bio-oljcno-olje-classic-steklenice-6-x-750-ml\/"},"modified":"2025-02-25T18:28:41","modified_gmt":"2025-02-25T17:28:41","slug":"bio-oljcno-olje-classic-steklenice-6-x-750-ml","status":"publish","type":"product","link":"https:\/\/macchiaverde-bio.shop\/sl\/produkt\/bio-oljcno-olje-classic-steklenice-6-x-750-ml\/","title":{"rendered":"Bio olj\u010dno olje &#8211; Classic &#8211; Steklenice 6 x 750 ml"},"content":{"rendered":"","protected":false},"excerpt":{"rendered":"<p><strong>\u2013 \u0160katla 6 x 750 ml plastenka \u2013<\/strong><br \/>\n Classic je uravnote\u017eeno ekstra devi\u0161ko olj\u010dno olje visoke kakovosti, me\u0161anica oljk Coratina in Ogliarola. Deluje zlato rumeno z zelenimi odsevi, je srednje sadno, polnega okusa, z notami mandljev in arti\u010dok. Primerno je za najrazli\u010dnej\u0161e jedi, lahko pa bi mu rekli tudi \u00bbolj\u010dno olje za vsak dan\u00ab.<\/p>\n","protected":false},"featured_media":21471,"comment_status":"closed","ping_status":"closed","template":"","meta":[],"product_brand":[],"product_cat":[1531],"product_tag":[1533,1541,1532],"class_list":{"0":"post-21470","1":"product","2":"type-product","3":"status-publish","4":"has-post-thumbnail","6":"product_cat-steklenice-za-olivno-olje","7":"product_tag-polnega-telesa","8":"product_tag-ponudba","9":"product_tag-sadno","11":"first","12":"instock","13":"taxable","14":"shipping-taxable","15":"purchasable","16":"product-type-simple"},"_links":{"self":[{"href":"https:\/\/macchiaverde-bio.shop\/sl\/wp-json\/wp\/v2\/product\/21470","targetHints":{"allow":["GET"]}}],"collection":[{"href":"https:\/\/macchiaverde-bio.shop\/sl\/wp-json\/wp\/v2\/product"}],"about":[{"href":"https:\/\/macchiaverde-bio.shop\/sl\/wp-json\/wp\/v2\/types\/product"}],"replies":[{"embeddable":true,"href":"https:\/\/macchiaverde-bio.shop\/sl\/wp-json\/wp\/v2\/comments?post=21470"}],"wp:featuredmedia":[{"embeddable":true,"href":"https:\/\/macchiaverde-bio.shop\/sl\/wp-json\/wp\/v2\/media\/21471"}],"wp:attachment":[{"href":"https:\/\/macchiaverde-bio.shop\/sl\/wp-json\/wp\/v2\/media?parent=21470"}],"wp:term":[{"taxonomy":"product_brand","embeddable":true,"href":"https:\/\/macchiaverde-bio.shop\/sl\/wp-json\/wp\/v2\/product_brand?post=21470"},{"taxonomy":"product_cat","embeddable":true,"href":"https:\/\/macchiaverde-bio.shop\/sl\/wp-json\/wp\/v2\/product_cat?post=21470"},{"taxonomy":"product_tag","embeddable":true,"href":"https:\/\/macchiaverde-bio.shop\/sl\/wp-json\/wp\/v2\/product_tag?post=21470"}],"curies":[{"name":"wp","href":"https:\/\/api.w.org\/{rel}","templated":true}]}}