{"id":21467,"date":"2020-03-13T00:49:11","date_gmt":"2020-03-12T23:49:11","guid":{"rendered":"https:\/\/macchiaverde-bio.shop\/produkt\/bio-oljcno-olje-lo-smeraldo-steklenice-6-x-500-ml\/"},"modified":"2025-02-25T18:26:59","modified_gmt":"2025-02-25T17:26:59","slug":"bio-oljcno-olje-lo-smeraldo-steklenice-6-x-500-ml","status":"publish","type":"product","link":"https:\/\/macchiaverde-bio.shop\/sl\/produkt\/bio-oljcno-olje-lo-smeraldo-steklenice-6-x-500-ml\/","title":{"rendered":"Bio olj\u010dno olje &#8211; Lo Smeraldo &#8211; Steklenice 6 x 500 ml"},"content":{"rendered":"","protected":false},"excerpt":{"rendered":"<p>EKSTRA DEVI\u0160KO OLJ\u010cNO OLJE<br \/>\n &#8211; HLADNO STISKANO &#8211;<br \/>\n<strong>&#8211; \u0160katla s 6 steklenicami &#8211;<\/strong><\/p>\n<p>Smeraldo je bogato, polno zeleno olj\u010dno olje najvi\u0161je kakovosti, stisnjeno iz 100% oljk Coratina. Leto za letom se udele\u017euje vseh dr\u017eavnih in mednarodnih tekmovanj in sodi v sam vrh mednarodnih producentov. Zahvaljujo\u010d izklju\u010dno uporabi <strong>oljk Coratina,<\/strong> je za Smeraldo zna\u010dilna <strong>zelo visoka vsebnost polifenolov<\/strong> . Predvsem visoka vsebnost polifenolov daje olju Coratina intenziven, saden in sve\u017e okus. Vonj oliv je jasen in nezgre\u0161ljiv, v ustih so note surovega sadja in pridih sve\u017eih zelenih mandljev.<\/p>\n<p>Smeraldo je idealen za <strong>pice<\/strong> in prve jedi, foka\u010do, <strong>zrezke in jedi z \u017eara<\/strong> . Je tudi idealno olj\u010dno olje za <strong>pripravo marinad<\/strong> in omak za \u017ear, saj zaradi visoke vsebnosti polifenolov prodre globoko v meso in mu daje arome.<\/p>\n","protected":false},"featured_media":21468,"comment_status":"open","ping_status":"closed","template":"","meta":[],"product_brand":[],"product_cat":[1552,1531],"product_tag":[1536,1535,1541,1532],"class_list":{"0":"post-21467","1":"product","2":"type-product","3":"status-publish","4":"has-post-thumbnail","6":"product_cat-posebne-ponudbe","7":"product_cat-steklenice-za-olivno-olje","8":"product_tag-intenzivno","9":"product_tag-olivno-olje","10":"product_tag-ponudba","11":"product_tag-sadno","12":"product_shipping_class-stroski-posiljanja","14":"first","15":"instock","16":"taxable","17":"shipping-taxable","18":"purchasable","19":"product-type-simple"},"_links":{"self":[{"href":"https:\/\/macchiaverde-bio.shop\/sl\/wp-json\/wp\/v2\/product\/21467","targetHints":{"allow":["GET"]}}],"collection":[{"href":"https:\/\/macchiaverde-bio.shop\/sl\/wp-json\/wp\/v2\/product"}],"about":[{"href":"https:\/\/macchiaverde-bio.shop\/sl\/wp-json\/wp\/v2\/types\/product"}],"replies":[{"embeddable":true,"href":"https:\/\/macchiaverde-bio.shop\/sl\/wp-json\/wp\/v2\/comments?post=21467"}],"wp:featuredmedia":[{"embeddable":true,"href":"https:\/\/macchiaverde-bio.shop\/sl\/wp-json\/wp\/v2\/media\/21468"}],"wp:attachment":[{"href":"https:\/\/macchiaverde-bio.shop\/sl\/wp-json\/wp\/v2\/media?parent=21467"}],"wp:term":[{"taxonomy":"product_brand","embeddable":true,"href":"https:\/\/macchiaverde-bio.shop\/sl\/wp-json\/wp\/v2\/product_brand?post=21467"},{"taxonomy":"product_cat","embeddable":true,"href":"https:\/\/macchiaverde-bio.shop\/sl\/wp-json\/wp\/v2\/product_cat?post=21467"},{"taxonomy":"product_tag","embeddable":true,"href":"https:\/\/macchiaverde-bio.shop\/sl\/wp-json\/wp\/v2\/product_tag?post=21467"}],"curies":[{"name":"wp","href":"https:\/\/api.w.org\/{rel}","templated":true}]}}