{"id":21465,"date":"2020-03-16T00:31:53","date_gmt":"2020-03-15T23:31:53","guid":{"rendered":"https:\/\/macchiaverde-bio.shop\/produkt\/bio-oljcno-olje-leliodoro-vrecka-v-skatli-2-x-5-l\/"},"modified":"2020-03-16T00:31:53","modified_gmt":"2020-03-15T23:31:53","slug":"bio-oljcno-olje-leliodoro-vrecka-v-skatli-2-x-5-l","status":"publish","type":"product","link":"https:\/\/macchiaverde-bio.shop\/sl\/produkt\/bio-oljcno-olje-leliodoro-vrecka-v-skatli-2-x-5-l\/","title":{"rendered":"Bio olj\u010dno olje &#8211; L&#8217;Eliodoro &#8211; vre\u010dka v \u0161katli 2 x 5 L"},"content":{"rendered":"","protected":false},"excerpt":{"rendered":"<p>&#8211; <strong>2 x 5 litrski vre\u010di v \u0161katli &#8211;<\/strong><br \/>\n Eliodoro je zlato in uravnote\u017eeno rumeno olj\u010dno olje najvi\u0161je kakovosti, narejeno iz 70 % oljk Coratina in 30 % Ogliarola. Na dr\u017eavnih in mednarodnih tekmovanjih je bil nagrajen vse do srebrne medalje v kategoriji \u00bbSrednje sadje\u00ab, s 714 mg\/kg polifenolov je med vodilnimi v svoji kategoriji. V prakti\u010dni \u201cbag in box\u201d olj\u010dno olje ostane sve\u017ee do zadnje kapljice kot prvi dan.<\/p>\n","protected":false},"featured_media":21466,"comment_status":"open","ping_status":"closed","template":"","meta":[],"product_brand":[],"product_cat":[1552,1551],"product_tag":[1536,1535,1541,1532],"class_list":{"0":"post-21465","1":"product","2":"type-product","3":"status-publish","4":"has-post-thumbnail","6":"product_cat-posebne-ponudbe","7":"product_cat-vrecka-oljcnega-olja-v-skatli","8":"product_tag-intenzivno","9":"product_tag-olivno-olje","10":"product_tag-ponudba","11":"product_tag-sadno","13":"first","14":"instock","15":"taxable","16":"shipping-taxable","17":"purchasable","18":"product-type-simple"},"_links":{"self":[{"href":"https:\/\/macchiaverde-bio.shop\/sl\/wp-json\/wp\/v2\/product\/21465","targetHints":{"allow":["GET"]}}],"collection":[{"href":"https:\/\/macchiaverde-bio.shop\/sl\/wp-json\/wp\/v2\/product"}],"about":[{"href":"https:\/\/macchiaverde-bio.shop\/sl\/wp-json\/wp\/v2\/types\/product"}],"replies":[{"embeddable":true,"href":"https:\/\/macchiaverde-bio.shop\/sl\/wp-json\/wp\/v2\/comments?post=21465"}],"wp:featuredmedia":[{"embeddable":true,"href":"https:\/\/macchiaverde-bio.shop\/sl\/wp-json\/wp\/v2\/media\/21466"}],"wp:attachment":[{"href":"https:\/\/macchiaverde-bio.shop\/sl\/wp-json\/wp\/v2\/media?parent=21465"}],"wp:term":[{"taxonomy":"product_brand","embeddable":true,"href":"https:\/\/macchiaverde-bio.shop\/sl\/wp-json\/wp\/v2\/product_brand?post=21465"},{"taxonomy":"product_cat","embeddable":true,"href":"https:\/\/macchiaverde-bio.shop\/sl\/wp-json\/wp\/v2\/product_cat?post=21465"},{"taxonomy":"product_tag","embeddable":true,"href":"https:\/\/macchiaverde-bio.shop\/sl\/wp-json\/wp\/v2\/product_tag?post=21465"}],"curies":[{"name":"wp","href":"https:\/\/api.w.org\/{rel}","templated":true}]}}