{"id":21463,"date":"2020-03-16T01:32:16","date_gmt":"2020-03-16T00:32:16","guid":{"rendered":"https:\/\/macchiaverde-bio.shop\/produkt\/bio-oljcno-olje-lo-smeraldo-vrecka-v-skatli-2-x-5-l\/"},"modified":"2020-03-16T01:32:16","modified_gmt":"2020-03-16T00:32:16","slug":"bio-oljcno-olje-lo-smeraldo-vrecka-v-skatli-2-x-5-l","status":"publish","type":"product","link":"https:\/\/macchiaverde-bio.shop\/sl\/produkt\/bio-oljcno-olje-lo-smeraldo-vrecka-v-skatli-2-x-5-l\/","title":{"rendered":"Bio olj\u010dno olje \u2013 Lo Smeraldo \u2013 Vre\u010dka v \u0161katli 2 x 5 L"},"content":{"rendered":"","protected":false},"excerpt":{"rendered":"<p>&#8211; <strong>2 BaginBox da 5 litrov v kartonu<\/strong> &#8211;<br \/>\n Smeraldo je briljantno zeleno olje, telo visoke kakovosti, pridobljeno iz 100% oljk Coratina. Leto za letom se je udele\u017eevalo vseh dr\u017eavnih in mednarodnih tekmovanj, osvajalo zlate in platinaste medalje v kategoriji &#8220;Intense Fruit&#8221; in se s svojimi <strong>1246 mg<\/strong> \/kg polifenolov primerjalo s 5-6 naj\u017elahtnej\u0161imi olji. V prakti\u010dni &#8220;Bag in Box&#8221; olje ostane sve\u017ee kot prvi dan po zadnji stekleni\u010dki.<\/p>\n","protected":false},"featured_media":21464,"comment_status":"closed","ping_status":"closed","template":"","meta":[],"product_brand":[],"product_cat":[1552,1551],"product_tag":[1536,1535,1541,1532],"class_list":{"0":"post-21463","1":"product","2":"type-product","3":"status-publish","4":"has-post-thumbnail","6":"product_cat-posebne-ponudbe","7":"product_cat-vrecka-oljcnega-olja-v-skatli","8":"product_tag-intenzivno","9":"product_tag-olivno-olje","10":"product_tag-ponudba","11":"product_tag-sadno","12":"product_shipping_class-stroski-posiljanja","14":"first","15":"instock","16":"taxable","17":"shipping-taxable","18":"purchasable","19":"product-type-simple"},"_links":{"self":[{"href":"https:\/\/macchiaverde-bio.shop\/sl\/wp-json\/wp\/v2\/product\/21463","targetHints":{"allow":["GET"]}}],"collection":[{"href":"https:\/\/macchiaverde-bio.shop\/sl\/wp-json\/wp\/v2\/product"}],"about":[{"href":"https:\/\/macchiaverde-bio.shop\/sl\/wp-json\/wp\/v2\/types\/product"}],"replies":[{"embeddable":true,"href":"https:\/\/macchiaverde-bio.shop\/sl\/wp-json\/wp\/v2\/comments?post=21463"}],"wp:featuredmedia":[{"embeddable":true,"href":"https:\/\/macchiaverde-bio.shop\/sl\/wp-json\/wp\/v2\/media\/21464"}],"wp:attachment":[{"href":"https:\/\/macchiaverde-bio.shop\/sl\/wp-json\/wp\/v2\/media?parent=21463"}],"wp:term":[{"taxonomy":"product_brand","embeddable":true,"href":"https:\/\/macchiaverde-bio.shop\/sl\/wp-json\/wp\/v2\/product_brand?post=21463"},{"taxonomy":"product_cat","embeddable":true,"href":"https:\/\/macchiaverde-bio.shop\/sl\/wp-json\/wp\/v2\/product_cat?post=21463"},{"taxonomy":"product_tag","embeddable":true,"href":"https:\/\/macchiaverde-bio.shop\/sl\/wp-json\/wp\/v2\/product_tag?post=21463"}],"curies":[{"name":"wp","href":"https:\/\/api.w.org\/{rel}","templated":true}]}}