{"id":21461,"date":"2020-03-16T01:48:54","date_gmt":"2020-03-16T00:48:54","guid":{"rendered":"https:\/\/macchiaverde-bio.shop\/produkt\/bio-oljcno-olje-leliodoro-steklenice-6-x-500-ml\/"},"modified":"2020-03-16T01:48:54","modified_gmt":"2020-03-16T00:48:54","slug":"bio-oljcno-olje-leliodoro-steklenice-6-x-500-ml","status":"publish","type":"product","link":"https:\/\/macchiaverde-bio.shop\/sl\/produkt\/bio-oljcno-olje-leliodoro-steklenice-6-x-500-ml\/","title":{"rendered":"Bio olj\u010dno olje \u2013 L&#8217;Eliodoro &#8211; Steklenice 6 x 500 ml"},"content":{"rendered":"","protected":false},"excerpt":{"rendered":"<p>EKSTRA DEVI\u0160KO OLJ\u010cNO OLJE<br \/>\n &#8211; HLADNO STISKANO &#8211;<br \/>\n<strong>&#8211; \u0160katla s 6 steklenicami &#8211;<\/strong><br \/>\n L&#8217;Eliodoro je uravnote\u017eeno, zlato rumeno olj\u010dno olje najvi\u0161je kakovosti, pridobljeno iz 70 % oliv Coratina in 30 % Ogliarola. Prejel je nagrade na dr\u017eavnih in mednarodnih tekmovanjih, med drugim srebrno medaljo v kategoriji \u00bbMedium Fruity\u00ab in je eden najbolj\u0161ih v svoji kategoriji z vsebnostjo polifenolov 714 mg\/kg.<\/p>\n","protected":false},"featured_media":21462,"comment_status":"closed","ping_status":"closed","template":"","meta":[],"product_brand":[],"product_cat":[1552,1531],"product_tag":[1536,1535,1532],"class_list":{"0":"post-21461","1":"product","2":"type-product","3":"status-publish","4":"has-post-thumbnail","6":"product_cat-posebne-ponudbe","7":"product_cat-steklenice-za-olivno-olje","8":"product_tag-intenzivno","9":"product_tag-olivno-olje","10":"product_tag-sadno","12":"first","13":"instock","14":"taxable","15":"shipping-taxable","16":"purchasable","17":"product-type-simple"},"_links":{"self":[{"href":"https:\/\/macchiaverde-bio.shop\/sl\/wp-json\/wp\/v2\/product\/21461","targetHints":{"allow":["GET"]}}],"collection":[{"href":"https:\/\/macchiaverde-bio.shop\/sl\/wp-json\/wp\/v2\/product"}],"about":[{"href":"https:\/\/macchiaverde-bio.shop\/sl\/wp-json\/wp\/v2\/types\/product"}],"replies":[{"embeddable":true,"href":"https:\/\/macchiaverde-bio.shop\/sl\/wp-json\/wp\/v2\/comments?post=21461"}],"wp:featuredmedia":[{"embeddable":true,"href":"https:\/\/macchiaverde-bio.shop\/sl\/wp-json\/wp\/v2\/media\/21462"}],"wp:attachment":[{"href":"https:\/\/macchiaverde-bio.shop\/sl\/wp-json\/wp\/v2\/media?parent=21461"}],"wp:term":[{"taxonomy":"product_brand","embeddable":true,"href":"https:\/\/macchiaverde-bio.shop\/sl\/wp-json\/wp\/v2\/product_brand?post=21461"},{"taxonomy":"product_cat","embeddable":true,"href":"https:\/\/macchiaverde-bio.shop\/sl\/wp-json\/wp\/v2\/product_cat?post=21461"},{"taxonomy":"product_tag","embeddable":true,"href":"https:\/\/macchiaverde-bio.shop\/sl\/wp-json\/wp\/v2\/product_tag?post=21461"}],"curies":[{"name":"wp","href":"https:\/\/api.w.org\/{rel}","templated":true}]}}