{"id":21459,"date":"2020-04-05T04:05:37","date_gmt":"2020-04-05T02:05:37","guid":{"rendered":"https:\/\/macchiaverde-bio.shop\/produkt\/darilna-skatla-oljcnega-olja-1\/"},"modified":"2020-04-05T04:05:37","modified_gmt":"2020-04-05T02:05:37","slug":"darilna-skatla-oljcnega-olja-1","status":"publish","type":"product","link":"https:\/\/macchiaverde-bio.shop\/sl\/produkt\/darilna-skatla-oljcnega-olja-1\/","title":{"rendered":"Darilna \u0161katla olj\u010dnega olja 1"},"content":{"rendered":"","protected":false},"excerpt":{"rendered":"<p><strong>&#8211; darilni paket olj\u010dnega olja &#8211;<\/strong><br \/>\n Ta gurmanski darilni paket je hit med darili za zahtevne.<\/p>\n<p>Vsebuje:<br \/>\n 500 ml steklenica Smeraldo, bogato, polno zeleno olje najvi\u0161je kakovosti, stisnjeno iz 100% oljk Coratina. Leto za letom se je udele\u017eevalo vseh dr\u017eavnih in mednarodnih tekmovanj, osvajalo zlate medalje v kategoriji \u00bbFull Fruit\u00ab in je s polifenoli 1081 mg\/kg (letina 2021\/2022) v vrhu mednarodne proizvodnje olj\u010dnega olja.<\/p>\n<p>Filippo Cea&#8221; mandlji, kraljica mandljev po aromi in sestavinah (zaradi vsebnosti kalcija, magnezija, kalija ter vitaminov E in B),<\/p>\n<p>in na\u0161e velikanske slanice oljk v na\u0161em olj\u010dnem olju.<\/p>\n","protected":false},"featured_media":21460,"comment_status":"open","ping_status":"closed","template":"","meta":[],"product_brand":[],"product_cat":[1540,1531],"product_tag":[1536,1535,1541,1532],"class_list":{"0":"post-21459","1":"product","2":"type-product","3":"status-publish","4":"has-post-thumbnail","6":"product_cat-darilne-skatle","7":"product_cat-steklenice-za-olivno-olje","8":"product_tag-intenzivno","9":"product_tag-olivno-olje","10":"product_tag-ponudba","11":"product_tag-sadno","13":"first","14":"instock","15":"taxable","16":"shipping-taxable","17":"purchasable","18":"product-type-simple"},"_links":{"self":[{"href":"https:\/\/macchiaverde-bio.shop\/sl\/wp-json\/wp\/v2\/product\/21459","targetHints":{"allow":["GET"]}}],"collection":[{"href":"https:\/\/macchiaverde-bio.shop\/sl\/wp-json\/wp\/v2\/product"}],"about":[{"href":"https:\/\/macchiaverde-bio.shop\/sl\/wp-json\/wp\/v2\/types\/product"}],"replies":[{"embeddable":true,"href":"https:\/\/macchiaverde-bio.shop\/sl\/wp-json\/wp\/v2\/comments?post=21459"}],"wp:featuredmedia":[{"embeddable":true,"href":"https:\/\/macchiaverde-bio.shop\/sl\/wp-json\/wp\/v2\/media\/21460"}],"wp:attachment":[{"href":"https:\/\/macchiaverde-bio.shop\/sl\/wp-json\/wp\/v2\/media?parent=21459"}],"wp:term":[{"taxonomy":"product_brand","embeddable":true,"href":"https:\/\/macchiaverde-bio.shop\/sl\/wp-json\/wp\/v2\/product_brand?post=21459"},{"taxonomy":"product_cat","embeddable":true,"href":"https:\/\/macchiaverde-bio.shop\/sl\/wp-json\/wp\/v2\/product_cat?post=21459"},{"taxonomy":"product_tag","embeddable":true,"href":"https:\/\/macchiaverde-bio.shop\/sl\/wp-json\/wp\/v2\/product_tag?post=21459"}],"curies":[{"name":"wp","href":"https:\/\/api.w.org\/{rel}","templated":true}]}}