{"id":21453,"date":"2020-04-29T00:57:50","date_gmt":"2020-04-28T22:57:50","guid":{"rendered":"https:\/\/macchiaverde-bio.shop\/produkt\/bio-oljcno-olje-lo-smeraldo-leliodoro-vrecka-v-skatli-2-x-5-l\/"},"modified":"2020-04-29T00:57:50","modified_gmt":"2020-04-28T22:57:50","slug":"bio-oljcno-olje-lo-smeraldo-leliodoro-vrecka-v-skatli-2-x-5-l","status":"publish","type":"product","link":"https:\/\/macchiaverde-bio.shop\/sl\/produkt\/bio-oljcno-olje-lo-smeraldo-leliodoro-vrecka-v-skatli-2-x-5-l\/","title":{"rendered":"Bio olj\u010dno olje \u2013 Lo Smeraldo + L&#8217;Eliodoro &#8211; Vre\u010dka v \u0161katli 2 x 5 L"},"content":{"rendered":"","protected":false},"excerpt":{"rendered":"<p><strong>Bio olj\u010dno olje: Smeraldo + Eliodoro &#8211; 2 x 5 litrska vre\u010dka v \u0161katli &#8211;<\/strong><\/p>\n<p>Lo Smeraldo je visoko kakovostno, bogato in polno zeleno olje, stisnjeno iz 100% oljk Coratina. Leto za letom se je udele\u017eevala vseh dr\u017eavnih in mednarodnih tekmovanj in bila ve\u010dkrat nagrajena s platinasto nagrado v kategoriji \u00bbpopolnoma sadno\u00ab. S <strong>1246 mg\/kg<\/strong> polifenolov je eno vodilnih mednarodnih olj\u010dnih olj. Eliodoro je uravnote\u017eeno, zlato rumeno olje najvi\u0161je kakovosti, narejeno iz 70 odstotkov oljk Coratina in 30 odstotkov Ogliarola. Na dr\u017eavnih in mednarodnih tekmovanjih je prejel srebrne medalje v kategoriji \u00bbmedium fruity\u00ab in je s 714 mg\/kg polifenolov v vrhu te kategorije.<\/p>\n","protected":false},"featured_media":21454,"comment_status":"closed","ping_status":"closed","template":"","meta":[],"product_brand":[],"product_cat":[1552,1551],"product_tag":[1535,1532],"class_list":{"0":"post-21453","1":"product","2":"type-product","3":"status-publish","4":"has-post-thumbnail","6":"product_cat-posebne-ponudbe","7":"product_cat-vrecka-oljcnega-olja-v-skatli","8":"product_tag-olivno-olje","9":"product_tag-sadno","11":"first","12":"instock","13":"taxable","14":"shipping-taxable","15":"purchasable","16":"product-type-simple"},"_links":{"self":[{"href":"https:\/\/macchiaverde-bio.shop\/sl\/wp-json\/wp\/v2\/product\/21453","targetHints":{"allow":["GET"]}}],"collection":[{"href":"https:\/\/macchiaverde-bio.shop\/sl\/wp-json\/wp\/v2\/product"}],"about":[{"href":"https:\/\/macchiaverde-bio.shop\/sl\/wp-json\/wp\/v2\/types\/product"}],"replies":[{"embeddable":true,"href":"https:\/\/macchiaverde-bio.shop\/sl\/wp-json\/wp\/v2\/comments?post=21453"}],"wp:featuredmedia":[{"embeddable":true,"href":"https:\/\/macchiaverde-bio.shop\/sl\/wp-json\/wp\/v2\/media\/21454"}],"wp:attachment":[{"href":"https:\/\/macchiaverde-bio.shop\/sl\/wp-json\/wp\/v2\/media?parent=21453"}],"wp:term":[{"taxonomy":"product_brand","embeddable":true,"href":"https:\/\/macchiaverde-bio.shop\/sl\/wp-json\/wp\/v2\/product_brand?post=21453"},{"taxonomy":"product_cat","embeddable":true,"href":"https:\/\/macchiaverde-bio.shop\/sl\/wp-json\/wp\/v2\/product_cat?post=21453"},{"taxonomy":"product_tag","embeddable":true,"href":"https:\/\/macchiaverde-bio.shop\/sl\/wp-json\/wp\/v2\/product_tag?post=21453"}],"curies":[{"name":"wp","href":"https:\/\/api.w.org\/{rel}","templated":true}]}}