{"id":21451,"date":"2022-12-16T18:25:46","date_gmt":"2022-12-16T17:25:46","guid":{"rendered":"https:\/\/macchiaverde-bio.shop\/produkt\/organski-mandlji-2-x-500-g\/"},"modified":"2022-12-16T18:25:46","modified_gmt":"2022-12-16T17:25:46","slug":"organski-mandlji-2-x-500-g","status":"publish","type":"product","link":"https:\/\/macchiaverde-bio.shop\/sl\/produkt\/organski-mandlji-2-x-500-g\/","title":{"rendered":"Organski mandlji 2 x 500 g"},"content":{"rendered":"","protected":false},"excerpt":{"rendered":"<p>Bio mandlji sorte &#8220;Filippo Cea&#8221; 500 gx 2<br \/>\n Mandelj &#8220;Filippo Cea&#8221; med poznavalci velja za kraljico mandljev in je mandelj par excellence za sla\u0161\u010di\u010darje v Apuliji, kjer ga ve\u010dinoma pridelujejo. Neprekosljiv je ne samo po okusu, ampak tudi po vsebnosti vitaminov in elementov v sledovih. K nam prihajajo v ekolo\u0161ki kakovosti, sve\u017ee olupljeni in pakirani.<\/p>\n","protected":false},"featured_media":21452,"comment_status":"open","ping_status":"closed","template":"","meta":[],"product_brand":[],"product_cat":[1546,1548],"product_tag":[],"class_list":{"0":"post-21451","1":"product","2":"type-product","3":"status-publish","4":"has-post-thumbnail","6":"product_cat-gurmanski-seti","7":"product_cat-mandlji","8":"product_shipping_class-znizan-pavsal","10":"first","11":"instock","12":"taxable","13":"shipping-taxable","14":"purchasable","15":"product-type-simple"},"_links":{"self":[{"href":"https:\/\/macchiaverde-bio.shop\/sl\/wp-json\/wp\/v2\/product\/21451","targetHints":{"allow":["GET"]}}],"collection":[{"href":"https:\/\/macchiaverde-bio.shop\/sl\/wp-json\/wp\/v2\/product"}],"about":[{"href":"https:\/\/macchiaverde-bio.shop\/sl\/wp-json\/wp\/v2\/types\/product"}],"replies":[{"embeddable":true,"href":"https:\/\/macchiaverde-bio.shop\/sl\/wp-json\/wp\/v2\/comments?post=21451"}],"wp:featuredmedia":[{"embeddable":true,"href":"https:\/\/macchiaverde-bio.shop\/sl\/wp-json\/wp\/v2\/media\/21452"}],"wp:attachment":[{"href":"https:\/\/macchiaverde-bio.shop\/sl\/wp-json\/wp\/v2\/media?parent=21451"}],"wp:term":[{"taxonomy":"product_brand","embeddable":true,"href":"https:\/\/macchiaverde-bio.shop\/sl\/wp-json\/wp\/v2\/product_brand?post=21451"},{"taxonomy":"product_cat","embeddable":true,"href":"https:\/\/macchiaverde-bio.shop\/sl\/wp-json\/wp\/v2\/product_cat?post=21451"},{"taxonomy":"product_tag","embeddable":true,"href":"https:\/\/macchiaverde-bio.shop\/sl\/wp-json\/wp\/v2\/product_tag?post=21451"}],"curies":[{"name":"wp","href":"https:\/\/api.w.org\/{rel}","templated":true}]}}