{"id":21449,"date":"2022-12-16T18:26:19","date_gmt":"2022-12-16T17:26:19","guid":{"rendered":"https:\/\/macchiaverde-bio.shop\/produkt\/organski-mandlji-4-x-500-g\/"},"modified":"2022-12-16T18:26:19","modified_gmt":"2022-12-16T17:26:19","slug":"organski-mandlji-4-x-500-g","status":"publish","type":"product","link":"https:\/\/macchiaverde-bio.shop\/sl\/produkt\/organski-mandlji-4-x-500-g\/","title":{"rendered":"Organski mandlji 4 x 500 g"},"content":{"rendered":"","protected":false},"excerpt":{"rendered":"<p><strong>Bio mandlji sorte &#8220;Filippo Cea&#8221; 500 gx 4<br \/>\n<\/strong> Mandelj &#8220;Filippo Cea&#8221; poznavalci priznavajo kot kraljico mandljev, v Apuliji, kjer ga ve\u010dinoma gojijo, je mandelj sla\u0161\u010di\u010darjev par excellence. Ni mu para le po okusu, ampak tudi po vsebnosti vitaminov in elementov v sledovih. Ponujamo vam jih v ekolo\u0161ki kakovosti, sve\u017ee olupljene in pakirane.<\/p>\n","protected":false},"featured_media":21450,"comment_status":"open","ping_status":"closed","template":"","meta":[],"product_brand":[],"product_cat":[1546,1548],"product_tag":[],"class_list":{"0":"post-21449","1":"product","2":"type-product","3":"status-publish","4":"has-post-thumbnail","6":"product_cat-gurmanski-seti","7":"product_cat-mandlji","9":"first","10":"instock","11":"taxable","12":"shipping-taxable","13":"purchasable","14":"product-type-simple"},"_links":{"self":[{"href":"https:\/\/macchiaverde-bio.shop\/sl\/wp-json\/wp\/v2\/product\/21449","targetHints":{"allow":["GET"]}}],"collection":[{"href":"https:\/\/macchiaverde-bio.shop\/sl\/wp-json\/wp\/v2\/product"}],"about":[{"href":"https:\/\/macchiaverde-bio.shop\/sl\/wp-json\/wp\/v2\/types\/product"}],"replies":[{"embeddable":true,"href":"https:\/\/macchiaverde-bio.shop\/sl\/wp-json\/wp\/v2\/comments?post=21449"}],"wp:featuredmedia":[{"embeddable":true,"href":"https:\/\/macchiaverde-bio.shop\/sl\/wp-json\/wp\/v2\/media\/21450"}],"wp:attachment":[{"href":"https:\/\/macchiaverde-bio.shop\/sl\/wp-json\/wp\/v2\/media?parent=21449"}],"wp:term":[{"taxonomy":"product_brand","embeddable":true,"href":"https:\/\/macchiaverde-bio.shop\/sl\/wp-json\/wp\/v2\/product_brand?post=21449"},{"taxonomy":"product_cat","embeddable":true,"href":"https:\/\/macchiaverde-bio.shop\/sl\/wp-json\/wp\/v2\/product_cat?post=21449"},{"taxonomy":"product_tag","embeddable":true,"href":"https:\/\/macchiaverde-bio.shop\/sl\/wp-json\/wp\/v2\/product_tag?post=21449"}],"curies":[{"name":"wp","href":"https:\/\/api.w.org\/{rel}","templated":true}]}}