{"id":21442,"date":"2022-12-16T18:45:48","date_gmt":"2022-12-16T17:45:48","guid":{"rendered":"https:\/\/macchiaverde-bio.shop\/produkt\/olive-v-kozarcu-1-kg-gourmet-quality\/"},"modified":"2022-12-16T18:45:48","modified_gmt":"2022-12-16T17:45:48","slug":"olive-v-kozarcu-1-kg-gourmet-quality","status":"publish","type":"product","link":"https:\/\/macchiaverde-bio.shop\/sl\/produkt\/olive-v-kozarcu-1-kg-gourmet-quality\/","title":{"rendered":"Olive v kozarcu 1 kg &#8211; Gourmet Quality"},"content":{"rendered":"","protected":false},"excerpt":{"rendered":"<p><strong>Olive v kozarcu, sorta &#8220;Termiti di Bitetto&#8221; 1 kg<\/strong><br \/>\n Olive MACCHIA VERDE so vrhunski, \u010disto obrtni\u0161ki izdelek, lokalne gurmanske sorte &#8220;Termiti di Bitetto&#8221;, konzervirane v lovorjevem olju. Olive so brez kakr\u0161nih koli kemi\u010dnih manipulacij in so predelane v skladu s tradicionalnimi standardi, marinirane so z organskim olj\u010dnim oljem Macchia Verde, to pikantno lovorjevo olje uporabite tudi, ko oljke porabite.<\/p>\n","protected":false},"featured_media":21443,"comment_status":"open","ping_status":"closed","template":"","meta":[],"product_brand":[],"product_cat":[1542],"product_tag":[],"class_list":{"0":"post-21442","1":"product","2":"type-product","3":"status-publish","4":"has-post-thumbnail","6":"product_cat-olive-sl","8":"first","9":"instock","10":"taxable","11":"shipping-taxable","12":"purchasable","13":"product-type-simple"},"_links":{"self":[{"href":"https:\/\/macchiaverde-bio.shop\/sl\/wp-json\/wp\/v2\/product\/21442","targetHints":{"allow":["GET"]}}],"collection":[{"href":"https:\/\/macchiaverde-bio.shop\/sl\/wp-json\/wp\/v2\/product"}],"about":[{"href":"https:\/\/macchiaverde-bio.shop\/sl\/wp-json\/wp\/v2\/types\/product"}],"replies":[{"embeddable":true,"href":"https:\/\/macchiaverde-bio.shop\/sl\/wp-json\/wp\/v2\/comments?post=21442"}],"wp:featuredmedia":[{"embeddable":true,"href":"https:\/\/macchiaverde-bio.shop\/sl\/wp-json\/wp\/v2\/media\/21443"}],"wp:attachment":[{"href":"https:\/\/macchiaverde-bio.shop\/sl\/wp-json\/wp\/v2\/media?parent=21442"}],"wp:term":[{"taxonomy":"product_brand","embeddable":true,"href":"https:\/\/macchiaverde-bio.shop\/sl\/wp-json\/wp\/v2\/product_brand?post=21442"},{"taxonomy":"product_cat","embeddable":true,"href":"https:\/\/macchiaverde-bio.shop\/sl\/wp-json\/wp\/v2\/product_cat?post=21442"},{"taxonomy":"product_tag","embeddable":true,"href":"https:\/\/macchiaverde-bio.shop\/sl\/wp-json\/wp\/v2\/product_tag?post=21442"}],"curies":[{"name":"wp","href":"https:\/\/api.w.org\/{rel}","templated":true}]}}