{"id":21437,"date":"2022-12-16T18:51:29","date_gmt":"2022-12-16T17:51:29","guid":{"rendered":"https:\/\/macchiaverde-bio.shop\/produkt\/olive-v-kozarcu-1-kg-3x-gourmet-quality\/"},"modified":"2022-12-16T18:51:29","modified_gmt":"2022-12-16T17:51:29","slug":"olive-v-kozarcu-1-kg-3x-gourmet-quality","status":"publish","type":"product","link":"https:\/\/macchiaverde-bio.shop\/sl\/produkt\/olive-v-kozarcu-1-kg-3x-gourmet-quality\/","title":{"rendered":"Olive v kozarcu 1 kg (3x) &#8211; Gourmet Quality"},"content":{"rendered":"<p>Olive v kozarcu 1 kg (3x)<\/p>\n","protected":false},"excerpt":{"rendered":"<p><strong>Olive v kozarcu, sorta &#8220;Termiti di Bitetto&#8221; 1 Kg x 3<br \/>\n<\/strong> Olive MACCHIA VERDE so vrhunski, \u010disto obrtni\u0161ki izdelek, lokalne gurmanske sorte &#8220;Termiti di Bitetto&#8221;, konzervirane v lovorjevem olju. Olive so brez kakr\u0161nih koli kemi\u010dnih manipulacij in so predelane v skladu s tradicionalnimi standardi, marinirane so z organskim olj\u010dnim oljem Macchia Verde, to pikantno lovorjevo olje uporabite tudi, ko oljke porabite.<\/p>\n","protected":false},"featured_media":21438,"comment_status":"open","ping_status":"closed","template":"","meta":[],"product_brand":[],"product_cat":[1546,1542],"product_tag":[],"class_list":{"0":"post-21437","1":"product","2":"type-product","3":"status-publish","4":"has-post-thumbnail","6":"product_cat-gurmanski-seti","7":"product_cat-olive-sl","9":"first","10":"instock","11":"taxable","12":"shipping-taxable","13":"purchasable","14":"product-type-simple"},"_links":{"self":[{"href":"https:\/\/macchiaverde-bio.shop\/sl\/wp-json\/wp\/v2\/product\/21437","targetHints":{"allow":["GET"]}}],"collection":[{"href":"https:\/\/macchiaverde-bio.shop\/sl\/wp-json\/wp\/v2\/product"}],"about":[{"href":"https:\/\/macchiaverde-bio.shop\/sl\/wp-json\/wp\/v2\/types\/product"}],"replies":[{"embeddable":true,"href":"https:\/\/macchiaverde-bio.shop\/sl\/wp-json\/wp\/v2\/comments?post=21437"}],"wp:featuredmedia":[{"embeddable":true,"href":"https:\/\/macchiaverde-bio.shop\/sl\/wp-json\/wp\/v2\/media\/21438"}],"wp:attachment":[{"href":"https:\/\/macchiaverde-bio.shop\/sl\/wp-json\/wp\/v2\/media?parent=21437"}],"wp:term":[{"taxonomy":"product_brand","embeddable":true,"href":"https:\/\/macchiaverde-bio.shop\/sl\/wp-json\/wp\/v2\/product_brand?post=21437"},{"taxonomy":"product_cat","embeddable":true,"href":"https:\/\/macchiaverde-bio.shop\/sl\/wp-json\/wp\/v2\/product_cat?post=21437"},{"taxonomy":"product_tag","embeddable":true,"href":"https:\/\/macchiaverde-bio.shop\/sl\/wp-json\/wp\/v2\/product_tag?post=21437"}],"curies":[{"name":"wp","href":"https:\/\/api.w.org\/{rel}","templated":true}]}}