{"id":21435,"date":"2022-12-16T19:05:13","date_gmt":"2022-12-16T18:05:13","guid":{"rendered":"https:\/\/macchiaverde-bio.shop\/produkt\/namaz-smetana-mesana-220-g-3x\/"},"modified":"2022-12-16T19:05:13","modified_gmt":"2022-12-16T18:05:13","slug":"namaz-smetana-mesana-220-g-3x","status":"publish","type":"product","link":"https:\/\/macchiaverde-bio.shop\/sl\/produkt\/namaz-smetana-mesana-220-g-3x\/","title":{"rendered":"Namaz, smetana me\u0161ana 220 g (3x)"},"content":{"rendered":"","protected":false},"excerpt":{"rendered":"<p><strong>Kreme\/Kreme v kozar\u010dku 3 razli\u010dice 220 g (3x)<\/strong><\/p>\n<p> Bio namazi MACCHIA VERDE so vrhunski izdelek, ki je v celoti izdelan ro\u010dno.<br \/>\n Dobimo 3 razli\u010dne vrste krem:<\/p>\n<p> 1. iz posu\u0161enih \u010de\u0161njevih paradi\u017enikov<br \/>\n 2. iz velikih zelenih oliv<br \/>\n 3. iz razli\u010dne zelenjave s pikantnimi za\u010dimbami.<\/p>\n<p> Vse 3 sorte so brez kakr\u0161nih koli kemi\u010dnih manipulacij in so predelane v skladu s tradicionalnimi standardi, vse pa so narejene iz ekolo\u0161kega olj\u010dnega olja MACCHIA VERDE BIO.<\/p>\n<p> Set vsebuje 1 kozarec vsake sorte.<\/p>\n","protected":false},"featured_media":21436,"comment_status":"open","ping_status":"closed","template":"","meta":[],"product_brand":[],"product_cat":[1546,1547],"product_tag":[],"class_list":{"0":"post-21435","1":"product","2":"type-product","3":"status-publish","4":"has-post-thumbnail","6":"product_cat-gurmanski-seti","7":"product_cat-namazi-kreme","9":"first","10":"instock","11":"taxable","12":"shipping-taxable","13":"purchasable","14":"product-type-simple"},"_links":{"self":[{"href":"https:\/\/macchiaverde-bio.shop\/sl\/wp-json\/wp\/v2\/product\/21435","targetHints":{"allow":["GET"]}}],"collection":[{"href":"https:\/\/macchiaverde-bio.shop\/sl\/wp-json\/wp\/v2\/product"}],"about":[{"href":"https:\/\/macchiaverde-bio.shop\/sl\/wp-json\/wp\/v2\/types\/product"}],"replies":[{"embeddable":true,"href":"https:\/\/macchiaverde-bio.shop\/sl\/wp-json\/wp\/v2\/comments?post=21435"}],"wp:featuredmedia":[{"embeddable":true,"href":"https:\/\/macchiaverde-bio.shop\/sl\/wp-json\/wp\/v2\/media\/21436"}],"wp:attachment":[{"href":"https:\/\/macchiaverde-bio.shop\/sl\/wp-json\/wp\/v2\/media?parent=21435"}],"wp:term":[{"taxonomy":"product_brand","embeddable":true,"href":"https:\/\/macchiaverde-bio.shop\/sl\/wp-json\/wp\/v2\/product_brand?post=21435"},{"taxonomy":"product_cat","embeddable":true,"href":"https:\/\/macchiaverde-bio.shop\/sl\/wp-json\/wp\/v2\/product_cat?post=21435"},{"taxonomy":"product_tag","embeddable":true,"href":"https:\/\/macchiaverde-bio.shop\/sl\/wp-json\/wp\/v2\/product_tag?post=21435"}],"curies":[{"name":"wp","href":"https:\/\/api.w.org\/{rel}","templated":true}]}}