{"id":21428,"date":"2022-12-16T19:14:28","date_gmt":"2022-12-16T18:14:28","guid":{"rendered":"https:\/\/macchiaverde-bio.shop\/produkt\/mesane-olive-220-g-3x\/"},"modified":"2022-12-16T19:14:28","modified_gmt":"2022-12-16T18:14:28","slug":"mesane-olive-220-g-3x","status":"publish","type":"product","link":"https:\/\/macchiaverde-bio.shop\/sl\/produkt\/mesane-olive-220-g-3x\/","title":{"rendered":"me\u0161ane olive 220 g (3x)"},"content":{"rendered":"","protected":false},"excerpt":{"rendered":"<p><strong>Olive v kozarcu 3 sorte 220 g (3x)<\/strong><\/p>\n<p>Olive MACCHIA VERDE so izklju\u010dno obrtni\u0161ki vrhunski izdelek, dobite 3 razli\u010dne vrste oliv:<\/p>\n<p>1. Velike olive, polnjene z mandlji<br \/>\n 2. Me\u0161ane, izko\u0161\u010di\u010dene in pikantno vlo\u017eene majhne olive<br \/>\n 3. Lokalna gurmanska sorta &#8220;Termiti di Bitetto&#8221;, vlo\u017eena z lovorjem.<\/p>\n<p>Vse 3 sorte so brez kakr\u0161nih koli kemi\u010dnih manipulacij in obdelane v skladu s tradicionalnimi standardi. Vsi so marinirani z BIO olj\u010dnim oljem MACCHIA VERDE. To pikantno olje uporabite tudi, \u010de so bile olive v njem pojedene.<\/p>\n<p>Set vsebuje 1 kozarec vsake sorte.<\/p>\n","protected":false},"featured_media":21429,"comment_status":"closed","ping_status":"closed","template":"","meta":[],"product_brand":[],"product_cat":[1546],"product_tag":[],"class_list":{"0":"post-21428","1":"product","2":"type-product","3":"status-publish","4":"has-post-thumbnail","6":"product_cat-gurmanski-seti","8":"first","9":"instock","10":"taxable","11":"shipping-taxable","12":"purchasable","13":"product-type-simple"},"_links":{"self":[{"href":"https:\/\/macchiaverde-bio.shop\/sl\/wp-json\/wp\/v2\/product\/21428","targetHints":{"allow":["GET"]}}],"collection":[{"href":"https:\/\/macchiaverde-bio.shop\/sl\/wp-json\/wp\/v2\/product"}],"about":[{"href":"https:\/\/macchiaverde-bio.shop\/sl\/wp-json\/wp\/v2\/types\/product"}],"replies":[{"embeddable":true,"href":"https:\/\/macchiaverde-bio.shop\/sl\/wp-json\/wp\/v2\/comments?post=21428"}],"wp:featuredmedia":[{"embeddable":true,"href":"https:\/\/macchiaverde-bio.shop\/sl\/wp-json\/wp\/v2\/media\/21429"}],"wp:attachment":[{"href":"https:\/\/macchiaverde-bio.shop\/sl\/wp-json\/wp\/v2\/media?parent=21428"}],"wp:term":[{"taxonomy":"product_brand","embeddable":true,"href":"https:\/\/macchiaverde-bio.shop\/sl\/wp-json\/wp\/v2\/product_brand?post=21428"},{"taxonomy":"product_cat","embeddable":true,"href":"https:\/\/macchiaverde-bio.shop\/sl\/wp-json\/wp\/v2\/product_cat?post=21428"},{"taxonomy":"product_tag","embeddable":true,"href":"https:\/\/macchiaverde-bio.shop\/sl\/wp-json\/wp\/v2\/product_tag?post=21428"}],"curies":[{"name":"wp","href":"https:\/\/api.w.org\/{rel}","templated":true}]}}