{"id":21417,"date":"2022-12-22T22:43:48","date_gmt":"2022-12-22T21:43:48","guid":{"rendered":"https:\/\/macchiaverde-bio.shop\/produkt\/bio-oljcno-olje-lo-smeraldo-steklenice-12-x-250-ml\/"},"modified":"2022-12-22T22:43:48","modified_gmt":"2022-12-22T21:43:48","slug":"bio-oljcno-olje-lo-smeraldo-steklenice-12-x-250-ml","status":"publish","type":"product","link":"https:\/\/macchiaverde-bio.shop\/sl\/produkt\/bio-oljcno-olje-lo-smeraldo-steklenice-12-x-250-ml\/","title":{"rendered":"Bio olj\u010dno olje \u2013 Lo Smeraldo \u2013 Steklenice 12 x 250 ml"},"content":{"rendered":"","protected":false},"excerpt":{"rendered":"<p><strong>&#8211; \u0160katla z 12 steklenicami &#8211;<\/strong><\/p>\n<p id=\"tw-target-text\" class=\"tw-data-text tw-text-large tw-ta\" dir=\"ltr\" data-placeholder=\"\u00dcbersetzung\"><span lang=\"de\">Smeraldo je bogato zeleno olj\u010dno olje in telo visoke kakovosti, narejeno iz 100% oljk Coratina. Leto za letom je sodelovalo na vseh dr\u017eavnih in mednarodnih tekmovanjih in je bilo nagrajeno do platinastih medalj v kategorijah &#8220;Full fruity&#8221; in &#8220;Health Claim&#8221;, s \u010dimer se je pridru\u017eilo nagrajencem v mednarodni proizvodnji olj\u010dnega olja.<\/span><\/p>\n<p class=\"tw-data-text tw-text-large tw-ta\" dir=\"ltr\" data-placeholder=\"\u00dcbersetzung\"><span lang=\"de\">Zahvaljujo\u010d izklju\u010dni uporabi <strong>oljke Coratina<\/strong> je za Smeraldo zna\u010dilna <strong>visoka<\/strong> <strong>vsebnost polifenolov<\/strong> . Predvsem visoka vsebnost polifenolov daje olju Coratina <strong>intenziven, saden in sve\u017e<\/strong> okus. Vonj olj\u010dnega olja je gladek in neopazen, \u010dutiti je jasne note okusnega surovega sadja in note sve\u017eih zelenih mandljev.<\/span><\/p>\n<p dir=\"ltr\" data-placeholder=\"\u00dcbersetzung\">Smeraldo je idealen za <strong>pico<\/strong> in <strong>prve<\/strong> jedi, pa tudi za focaccio, <strong>pi\u0161kote<\/strong> in <strong>jedi z \u017eara<\/strong> . Olivno olje je idealno tudi za <strong>mariniranje, pe\u010denje na \u017earu<\/strong> in dekapsuliranje, saj velika koli\u010dina polifenolov prodre globoko v meso in prena\u0161a arome rastlin.<\/p>\n","protected":false},"featured_media":21418,"comment_status":"closed","ping_status":"closed","template":"","meta":[],"product_brand":[],"product_cat":[1531],"product_tag":[],"class_list":{"0":"post-21417","1":"product","2":"type-product","3":"status-publish","4":"has-post-thumbnail","6":"product_cat-steklenice-za-olivno-olje","8":"first","9":"instock","10":"taxable","11":"shipping-taxable","12":"purchasable","13":"product-type-simple"},"_links":{"self":[{"href":"https:\/\/macchiaverde-bio.shop\/sl\/wp-json\/wp\/v2\/product\/21417","targetHints":{"allow":["GET"]}}],"collection":[{"href":"https:\/\/macchiaverde-bio.shop\/sl\/wp-json\/wp\/v2\/product"}],"about":[{"href":"https:\/\/macchiaverde-bio.shop\/sl\/wp-json\/wp\/v2\/types\/product"}],"replies":[{"embeddable":true,"href":"https:\/\/macchiaverde-bio.shop\/sl\/wp-json\/wp\/v2\/comments?post=21417"}],"wp:featuredmedia":[{"embeddable":true,"href":"https:\/\/macchiaverde-bio.shop\/sl\/wp-json\/wp\/v2\/media\/21418"}],"wp:attachment":[{"href":"https:\/\/macchiaverde-bio.shop\/sl\/wp-json\/wp\/v2\/media?parent=21417"}],"wp:term":[{"taxonomy":"product_brand","embeddable":true,"href":"https:\/\/macchiaverde-bio.shop\/sl\/wp-json\/wp\/v2\/product_brand?post=21417"},{"taxonomy":"product_cat","embeddable":true,"href":"https:\/\/macchiaverde-bio.shop\/sl\/wp-json\/wp\/v2\/product_cat?post=21417"},{"taxonomy":"product_tag","embeddable":true,"href":"https:\/\/macchiaverde-bio.shop\/sl\/wp-json\/wp\/v2\/product_tag?post=21417"}],"curies":[{"name":"wp","href":"https:\/\/api.w.org\/{rel}","templated":true}]}}