{"id":21415,"date":"2022-12-22T22:53:08","date_gmt":"2022-12-22T21:53:08","guid":{"rendered":"https:\/\/macchiaverde-bio.shop\/produkt\/darilni-komplet-oljcnega-olja-4x\/"},"modified":"2022-12-22T22:53:08","modified_gmt":"2022-12-22T21:53:08","slug":"darilni-komplet-oljcnega-olja-4x","status":"publish","type":"product","link":"https:\/\/macchiaverde-bio.shop\/sl\/produkt\/darilni-komplet-oljcnega-olja-4x\/","title":{"rendered":"Darilni komplet olj\u010dnega olja (4x)"},"content":{"rendered":"","protected":false},"excerpt":{"rendered":"<p><strong>&#8211; Darilni komplet olj\u010dnega olja (4x) &#8211; Poslovna in zasebna<br \/>\n<\/strong><\/p>\n<p>Ta gurmanska darilna \u0161katla bo prava uspe\u0161nica, ko boste obdarovali zahtevne ljudi. Komplet vsebuje izbor ponujenih darilnih \u0161katel, izbirajte med in<br \/>\n V polje opombe ob naro\u010dilu navedite izraz: <strong>Darilna \u0161katla 1<\/strong> <strong>x 4 ali 2<\/strong> ali izbor vseh 4 \u0161katel<\/p>\n<p><strong><br \/>\n<\/strong>s strani npr. napi\u0161i <strong>darilna \u0161katla 1<\/strong> <strong>x 1, darilna \u0161katla 2 x 1, darilna \u0161katla 3 x 1, darilna \u0161katla 4 x 1<br \/>\n<\/strong><br \/>\n Smeraldo, bogato, polno zeleno olje najvi\u0161je kakovosti, je<br \/>\n je stisnjen iz 100% oljk Coratina. Leto za letom je sodeloval na vseh dr\u017eavnih in mednarodnih tekmovanjih in bil nagrajen do platinaste medalje v kategorijah zdravstvena trditev in &#8220;popolnoma sadno&#8221;. S svojimi do 1081 mg\/kg polifenolov (\u017eetev 2021\/2022) je v vrhu mednarodne proizvodnje olja.<br \/>\n 1x Eliodoro, uravnote\u017eeno, zlato rumeno olje najvi\u0161je kakovosti, je<br \/>\n je narejen iz 70% oliv Coratina in 30% oliv Ogliarola. Udele\u017eila se je vseh dr\u017eavnih in mednarodnih tekmovanj in bila nagrajena do zlate medalje v kategoriji \u00bbsrednje sadno\u00ab.    <\/p>\n","protected":false},"featured_media":21416,"comment_status":"open","ping_status":"closed","template":"","meta":[],"product_brand":[],"product_cat":[1540,1531],"product_tag":[1536,1535,1541,1532],"class_list":{"0":"post-21415","1":"product","2":"type-product","3":"status-publish","4":"has-post-thumbnail","6":"product_cat-darilne-skatle","7":"product_cat-steklenice-za-olivno-olje","8":"product_tag-intenzivno","9":"product_tag-olivno-olje","10":"product_tag-ponudba","11":"product_tag-sadno","13":"first","14":"instock","15":"taxable","16":"shipping-taxable","17":"purchasable","18":"product-type-simple"},"_links":{"self":[{"href":"https:\/\/macchiaverde-bio.shop\/sl\/wp-json\/wp\/v2\/product\/21415","targetHints":{"allow":["GET"]}}],"collection":[{"href":"https:\/\/macchiaverde-bio.shop\/sl\/wp-json\/wp\/v2\/product"}],"about":[{"href":"https:\/\/macchiaverde-bio.shop\/sl\/wp-json\/wp\/v2\/types\/product"}],"replies":[{"embeddable":true,"href":"https:\/\/macchiaverde-bio.shop\/sl\/wp-json\/wp\/v2\/comments?post=21415"}],"wp:featuredmedia":[{"embeddable":true,"href":"https:\/\/macchiaverde-bio.shop\/sl\/wp-json\/wp\/v2\/media\/21416"}],"wp:attachment":[{"href":"https:\/\/macchiaverde-bio.shop\/sl\/wp-json\/wp\/v2\/media?parent=21415"}],"wp:term":[{"taxonomy":"product_brand","embeddable":true,"href":"https:\/\/macchiaverde-bio.shop\/sl\/wp-json\/wp\/v2\/product_brand?post=21415"},{"taxonomy":"product_cat","embeddable":true,"href":"https:\/\/macchiaverde-bio.shop\/sl\/wp-json\/wp\/v2\/product_cat?post=21415"},{"taxonomy":"product_tag","embeddable":true,"href":"https:\/\/macchiaverde-bio.shop\/sl\/wp-json\/wp\/v2\/product_tag?post=21415"}],"curies":[{"name":"wp","href":"https:\/\/api.w.org\/{rel}","templated":true}]}}