{"id":21413,"date":"2023-03-06T11:54:35","date_gmt":"2023-03-06T10:54:35","guid":{"rendered":"https:\/\/macchiaverde-bio.shop\/produkt\/pikantne-olive-v-kozarcu-1-kg-gurmanska-kakovost\/"},"modified":"2023-03-06T11:54:35","modified_gmt":"2023-03-06T10:54:35","slug":"pikantne-olive-v-kozarcu-1-kg-gurmanska-kakovost","status":"publish","type":"product","link":"https:\/\/macchiaverde-bio.shop\/sl\/produkt\/pikantne-olive-v-kozarcu-1-kg-gurmanska-kakovost\/","title":{"rendered":"Pikantne olive v kozarcu 1 kg &#8211; gurmanska kakovost"},"content":{"rendered":"","protected":false},"excerpt":{"rendered":"<p><strong>Olive v kozarcu, izko\u0161\u010di\u010dene in vlo\u017eene 1 kg<\/strong><br \/>\n Olive MACCHIA VERDE so izklju\u010dno obrtni\u0161ki vrhunski izdelek, te lokalne majhne oljne sorte so skrbno izko\u0161\u010di\u010dene in vlo\u017eene z zeli\u0161\u010di in \u010dilijem, seveda z dodatkom na\u0161ega olj\u010dnega olja. Olive so brez kakr\u0161nih koli kemi\u010dnih manipulacij in so predelane v skladu s tradicionalnimi standardi, marinirane so z organskim olj\u010dnim oljem Macchia Verde, to pikantno olje uporabite tudi, ko olive porabite. <\/p>\n","protected":false},"featured_media":21401,"comment_status":"open","ping_status":"closed","template":"","meta":[],"product_brand":[],"product_cat":[1542],"product_tag":[],"class_list":{"0":"post-21413","1":"product","2":"type-product","3":"status-publish","4":"has-post-thumbnail","6":"product_cat-olive-sl","8":"first","9":"instock","10":"taxable","11":"shipping-taxable","12":"purchasable","13":"product-type-simple"},"_links":{"self":[{"href":"https:\/\/macchiaverde-bio.shop\/sl\/wp-json\/wp\/v2\/product\/21413","targetHints":{"allow":["GET"]}}],"collection":[{"href":"https:\/\/macchiaverde-bio.shop\/sl\/wp-json\/wp\/v2\/product"}],"about":[{"href":"https:\/\/macchiaverde-bio.shop\/sl\/wp-json\/wp\/v2\/types\/product"}],"replies":[{"embeddable":true,"href":"https:\/\/macchiaverde-bio.shop\/sl\/wp-json\/wp\/v2\/comments?post=21413"}],"wp:featuredmedia":[{"embeddable":true,"href":"https:\/\/macchiaverde-bio.shop\/sl\/wp-json\/wp\/v2\/media\/21401"}],"wp:attachment":[{"href":"https:\/\/macchiaverde-bio.shop\/sl\/wp-json\/wp\/v2\/media?parent=21413"}],"wp:term":[{"taxonomy":"product_brand","embeddable":true,"href":"https:\/\/macchiaverde-bio.shop\/sl\/wp-json\/wp\/v2\/product_brand?post=21413"},{"taxonomy":"product_cat","embeddable":true,"href":"https:\/\/macchiaverde-bio.shop\/sl\/wp-json\/wp\/v2\/product_cat?post=21413"},{"taxonomy":"product_tag","embeddable":true,"href":"https:\/\/macchiaverde-bio.shop\/sl\/wp-json\/wp\/v2\/product_tag?post=21413"}],"curies":[{"name":"wp","href":"https:\/\/api.w.org\/{rel}","templated":true}]}}