{"id":21405,"date":"2023-03-06T19:21:29","date_gmt":"2023-03-06T18:21:29","guid":{"rendered":"https:\/\/macchiaverde-bio.shop\/produkt\/velike-zorjene-olive-z-mandlji-v-1-kg-kozarcu-gurmanska-kvaliteta-3x\/"},"modified":"2023-03-06T19:21:29","modified_gmt":"2023-03-06T18:21:29","slug":"velike-zorjene-olive-z-mandlji-v-1-kg-kozarcu-gurmanska-kvaliteta-3x","status":"publish","type":"product","link":"https:\/\/macchiaverde-bio.shop\/sl\/produkt\/velike-zorjene-olive-z-mandlji-v-1-kg-kozarcu-gurmanska-kvaliteta-3x\/","title":{"rendered":"Velike zorjene olive z mandlji v 1 kg kozarcu &#8211; gurmanska kvaliteta (3x)"},"content":{"rendered":"","protected":false},"excerpt":{"rendered":"<p><strong>Olive velike polnjene z mandlji 1 kg<\/strong><br \/>\n Olive MACCHIA VERDE so \u010disto obrtni\u0161ki izdelek vrhunske kakovosti, ta lokalna gurmanska sorta je skrbno izko\u0161\u010di\u010dena in polnjena z mandljem sorte &#8220;Filippo Cea&#8221; (te lahko pri nas kupite tudi posebej). Olive so brez kakr\u0161nih koli kemi\u010dnih manipulacij in so predelane v skladu s tradicionalnimi standardi, marinirane so z organskim olj\u010dnim oljem Macchia Verde, to pikantno olje uporabite tudi, ko olive porabite. <\/p>\n","protected":false},"featured_media":21406,"comment_status":"closed","ping_status":"closed","template":"","meta":[],"product_brand":[],"product_cat":[1542],"product_tag":[],"class_list":{"0":"post-21405","1":"product","2":"type-product","3":"status-publish","4":"has-post-thumbnail","6":"product_cat-olive-sl","8":"first","9":"instock","10":"taxable","11":"shipping-taxable","12":"purchasable","13":"product-type-simple"},"_links":{"self":[{"href":"https:\/\/macchiaverde-bio.shop\/sl\/wp-json\/wp\/v2\/product\/21405","targetHints":{"allow":["GET"]}}],"collection":[{"href":"https:\/\/macchiaverde-bio.shop\/sl\/wp-json\/wp\/v2\/product"}],"about":[{"href":"https:\/\/macchiaverde-bio.shop\/sl\/wp-json\/wp\/v2\/types\/product"}],"replies":[{"embeddable":true,"href":"https:\/\/macchiaverde-bio.shop\/sl\/wp-json\/wp\/v2\/comments?post=21405"}],"wp:featuredmedia":[{"embeddable":true,"href":"https:\/\/macchiaverde-bio.shop\/sl\/wp-json\/wp\/v2\/media\/21406"}],"wp:attachment":[{"href":"https:\/\/macchiaverde-bio.shop\/sl\/wp-json\/wp\/v2\/media?parent=21405"}],"wp:term":[{"taxonomy":"product_brand","embeddable":true,"href":"https:\/\/macchiaverde-bio.shop\/sl\/wp-json\/wp\/v2\/product_brand?post=21405"},{"taxonomy":"product_cat","embeddable":true,"href":"https:\/\/macchiaverde-bio.shop\/sl\/wp-json\/wp\/v2\/product_cat?post=21405"},{"taxonomy":"product_tag","embeddable":true,"href":"https:\/\/macchiaverde-bio.shop\/sl\/wp-json\/wp\/v2\/product_tag?post=21405"}],"curies":[{"name":"wp","href":"https:\/\/api.w.org\/{rel}","templated":true}]}}