{"id":21397,"date":"2023-03-23T17:15:53","date_gmt":"2023-03-23T16:15:53","guid":{"rendered":"https:\/\/macchiaverde-bio.shop\/produkt\/darilna-skatla-za-oljcno-olje-3-olje-in-olive\/"},"modified":"2023-03-23T17:15:53","modified_gmt":"2023-03-23T16:15:53","slug":"darilna-skatla-za-oljcno-olje-3-olje-in-olive","status":"publish","type":"product","link":"https:\/\/macchiaverde-bio.shop\/sl\/produkt\/darilna-skatla-za-oljcno-olje-3-olje-in-olive\/","title":{"rendered":"Darilna \u0161katla za olj\u010dno olje 3 olje in olive"},"content":{"rendered":"","protected":false},"excerpt":{"rendered":"<p><strong>&#8211; Darilni paket olivno olje &amp; olive &#8211;<\/strong><br \/>\n Ta gurmanska darilna \u0161katla bo prava uspe\u0161nica, ko boste obdarovali zahtevne ljudi. Vsebuje 500 ml stekleni\u010dko na\u0161ega vrhunskega olja Smeraldo<br \/>\n in na\u0161 izbor vlo\u017eenih oliv: velike zelene olive, polnjene z mandlji, me\u0161ane majhne olive brez ko\u0161\u010dic, za\u010dinjene s pikantnimi za\u010dimbami in gurmanska sorta Termiti di Bitetto v lovorjevem olju.<br \/>\n Vse marinirano z na\u0161im bio olj\u010dnim oljem.<br \/>\n 1 x Smeraldo, bogato, polno zeleno olje najvi\u0161je kakovosti, je<br \/>\n je stisnjen iz 100% oljk Coratina. Leto za letom je sodeloval na vseh dr\u017eavnih in mednarodnih tekmovanjih in bil nagrajen do platinaste medalje v kategorijah zdravstvena trditev in &#8220;popolnoma sadno&#8221;. S 1080 mg\/kg polifenolov (letina 2019\/2020) je v vrhu mednarodne proizvodnje olja.<\/p>\n","protected":false},"featured_media":21398,"comment_status":"open","ping_status":"closed","template":"","meta":[],"product_brand":[],"product_cat":[1540,1531],"product_tag":[1536,1535,1541,1532],"class_list":{"0":"post-21397","1":"product","2":"type-product","3":"status-publish","4":"has-post-thumbnail","6":"product_cat-darilne-skatle","7":"product_cat-steklenice-za-olivno-olje","8":"product_tag-intenzivno","9":"product_tag-olivno-olje","10":"product_tag-ponudba","11":"product_tag-sadno","13":"first","14":"instock","15":"taxable","16":"shipping-taxable","17":"purchasable","18":"product-type-simple"},"_links":{"self":[{"href":"https:\/\/macchiaverde-bio.shop\/sl\/wp-json\/wp\/v2\/product\/21397","targetHints":{"allow":["GET"]}}],"collection":[{"href":"https:\/\/macchiaverde-bio.shop\/sl\/wp-json\/wp\/v2\/product"}],"about":[{"href":"https:\/\/macchiaverde-bio.shop\/sl\/wp-json\/wp\/v2\/types\/product"}],"replies":[{"embeddable":true,"href":"https:\/\/macchiaverde-bio.shop\/sl\/wp-json\/wp\/v2\/comments?post=21397"}],"wp:featuredmedia":[{"embeddable":true,"href":"https:\/\/macchiaverde-bio.shop\/sl\/wp-json\/wp\/v2\/media\/21398"}],"wp:attachment":[{"href":"https:\/\/macchiaverde-bio.shop\/sl\/wp-json\/wp\/v2\/media?parent=21397"}],"wp:term":[{"taxonomy":"product_brand","embeddable":true,"href":"https:\/\/macchiaverde-bio.shop\/sl\/wp-json\/wp\/v2\/product_brand?post=21397"},{"taxonomy":"product_cat","embeddable":true,"href":"https:\/\/macchiaverde-bio.shop\/sl\/wp-json\/wp\/v2\/product_cat?post=21397"},{"taxonomy":"product_tag","embeddable":true,"href":"https:\/\/macchiaverde-bio.shop\/sl\/wp-json\/wp\/v2\/product_tag?post=21397"}],"curies":[{"name":"wp","href":"https:\/\/api.w.org\/{rel}","templated":true}]}}