{"id":21390,"date":"2023-03-23T17:21:13","date_gmt":"2023-03-23T16:21:13","guid":{"rendered":"https:\/\/macchiaverde-bio.shop\/produkt\/darilna-skatla-oljcnega-olja-4-olja-in-paste\/"},"modified":"2023-03-23T17:21:13","modified_gmt":"2023-03-23T16:21:13","slug":"darilna-skatla-oljcnega-olja-4-olja-in-paste","status":"publish","type":"product","link":"https:\/\/macchiaverde-bio.shop\/sl\/produkt\/darilna-skatla-oljcnega-olja-4-olja-in-paste\/","title":{"rendered":"Darilna \u0161katla olj\u010dnega olja 4 olja in paste"},"content":{"rendered":"","protected":false},"excerpt":{"rendered":"<p><strong>&#8211; Darilni paket olj\u010dnega olja in namazov &#8211;<\/strong><br \/>\n Ta gurmanska darilna \u0161katla bo prava uspe\u0161nica, ko boste obdarovali zahtevne ljudi.<\/p>\n<p>Vsebuje 500 ml stekleni\u010dko na\u0161ega vrhunskega olja Eliodoro<br \/>\n in na\u0161 izbor mazav: zelene olive, su\u0161eni paradi\u017eniki in pikantna zelenjava.<br \/>\n Vse pripravljeno z na\u0161im bio olj\u010dnim oljem.<\/p>\n<p>1x Eliodoro, uravnote\u017eeno, zlato rumeno olje najvi\u0161je kakovosti, je pridobljeno iz 70% oliv Coratina in 30% Ogliarola. Udele\u017eila se je vseh dr\u017eavnih in mednarodnih tekmovanj in bila nagrajena do zlate medalje v kategoriji \u00bbsrednje sadno\u00ab.<\/p>\n","protected":false},"featured_media":21391,"comment_status":"open","ping_status":"closed","template":"","meta":[],"product_brand":[],"product_cat":[1540,1531],"product_tag":[1536,1535,1541,1532],"class_list":{"0":"post-21390","1":"product","2":"type-product","3":"status-publish","4":"has-post-thumbnail","6":"product_cat-darilne-skatle","7":"product_cat-steklenice-za-olivno-olje","8":"product_tag-intenzivno","9":"product_tag-olivno-olje","10":"product_tag-ponudba","11":"product_tag-sadno","13":"first","14":"instock","15":"taxable","16":"shipping-taxable","17":"purchasable","18":"product-type-simple"},"_links":{"self":[{"href":"https:\/\/macchiaverde-bio.shop\/sl\/wp-json\/wp\/v2\/product\/21390","targetHints":{"allow":["GET"]}}],"collection":[{"href":"https:\/\/macchiaverde-bio.shop\/sl\/wp-json\/wp\/v2\/product"}],"about":[{"href":"https:\/\/macchiaverde-bio.shop\/sl\/wp-json\/wp\/v2\/types\/product"}],"replies":[{"embeddable":true,"href":"https:\/\/macchiaverde-bio.shop\/sl\/wp-json\/wp\/v2\/comments?post=21390"}],"wp:featuredmedia":[{"embeddable":true,"href":"https:\/\/macchiaverde-bio.shop\/sl\/wp-json\/wp\/v2\/media\/21391"}],"wp:attachment":[{"href":"https:\/\/macchiaverde-bio.shop\/sl\/wp-json\/wp\/v2\/media?parent=21390"}],"wp:term":[{"taxonomy":"product_brand","embeddable":true,"href":"https:\/\/macchiaverde-bio.shop\/sl\/wp-json\/wp\/v2\/product_brand?post=21390"},{"taxonomy":"product_cat","embeddable":true,"href":"https:\/\/macchiaverde-bio.shop\/sl\/wp-json\/wp\/v2\/product_cat?post=21390"},{"taxonomy":"product_tag","embeddable":true,"href":"https:\/\/macchiaverde-bio.shop\/sl\/wp-json\/wp\/v2\/product_tag?post=21390"}],"curies":[{"name":"wp","href":"https:\/\/api.w.org\/{rel}","templated":true}]}}