{"id":21513,"date":"2021-12-22T11:53:59","date_gmt":"2021-12-22T10:53:59","guid":{"rendered":"https:\/\/macchiaverde-bio.shop\/politika-vracil-in-vracil\/"},"modified":"2025-02-01T16:40:25","modified_gmt":"2025-02-01T15:40:25","slug":"politika-vracil-in-vracil","status":"publish","type":"page","link":"https:\/\/macchiaverde-bio.shop\/sl\/politika-vracil-in-vracil\/","title":{"rendered":"Politika vra\u010dil in vra\u010dil"},"content":{"rendered":"\n<p><b>To je vzor\u010dna stran.<\/b><\/p>\n\n<p><\/p><h3>Overview<\/h3>\n\n<p>Na\u0161a politika vra\u010dil in vra\u010dil traja 30 dni. \u010ce je od va\u0161ega nakupa minilo 30 dni, vam ne moremo ponuditi celotnega vra\u010dila ali zamenjave.<\/p>\n\n<p>Da bi bil va\u0161 artikel upravi\u010den do vra\u010dila, mora biti neuporabljen in v enakem stanju, kot ste ga prejeli. Prav tako mora biti v originalni embala\u017ei.<\/p>\n\n<p>Ve\u010d vrst blaga je izvzetih iz vra\u010dila. Pokvarljivega blaga, kot so hrana, ro\u017ee, \u010dasopisi ali revije, ni mogo\u010de vrniti. Prav tako ne sprejemamo izdelkov, ki so intimni ali sanitarni izdelki, nevarni materiali ali vnetljive teko\u010dine ali plini.<\/p>\n\n<p>Dodatni predmeti, ki jih ni mogo\u010de vrniti:<\/p>\n\n<ul class=\"wp-block-list\"><li>Darilne kartice<\/li><li>Prenosljivi programski izdelki<\/li><li>Nekateri izdelki za zdravje in osebno nego<\/li><\/ul>\n\n<p>Za dokon\u010danje va\u0161ega vra\u010dila potrebujemo ra\u010dun ali dokazilo o nakupu.<\/p>\n\n<p>Prosimo, da svojega nakupa ne po\u0161iljate nazaj proizvajalcu.<\/p>\n\n<p>V dolo\u010denih primerih so odobrena samo delna povra\u010dila:<\/p>\n\n<ul class=\"wp-block-list\"><li>Knjiga z vidnimi znaki uporabe<\/li><li>CD, DVD, VHS trak, programska oprema, video igra, kaseta ali vinilna plo\u0161\u010da, ki je bila odprta.<\/li><li>Vsak predmet, ki ni v prvotnem stanju, je po\u0161kodovan ali manjkajo\u010di deli iz razlogov, ki niso posledica na\u0161e napake.<\/li><li>Vsak artikel, ki je vrnjen ve\u010d kot 30 dni po dostavi<\/li><\/ul>\n\n<p><\/p><h2>povra\u010dila<\/h2>\n\n<p>Ko bo va\u0161e vra\u010dilo prejeto in pregledano, vam bomo poslali e-po\u0161tno sporo\u010dilo, da vas bomo obvestili, da smo prejeli va\u0161 vrnjeni izdelek. Prav tako vas bomo obvestili o odobritvi ali zavrnitvi va\u0161ega vra\u010dila.<\/p>\n\n<p>\u010ce ste odobreni, bo va\u0161e vra\u010dilo obdelano in kredit bo samodejno pripisan va\u0161i kreditni kartici ali prvotnemu na\u010dinu pla\u010dila v dolo\u010denem \u0161tevilu dni.<\/p>\n\n<p><b>Pozna ali manjkajo\u010da vra\u010dila<\/b><\/p>\n\n<p>\u010ce \u0161e niste prejeli vra\u010dila, najprej znova preverite svoj ban\u010dni ra\u010dun.<\/p>\n\n<p>Nato se obrnite na izdajatelja kreditne kartice; lahko traja nekaj \u010dasa, preden bo va\u0161e vra\u010dilo uradno objavljeno.<\/p>\n\n<p>Nato se obrnite na svojo banko. Pogosto traja nekaj \u010dasa za obdelavo, preden je vra\u010dilo objavljeno.<\/p>\n\n<p>\u010ce ste storili vse to in \u0161e vedno niste prejeli vra\u010dila, nas kontaktirajte na {e-po\u0161tni naslov}.<\/p>\n\n<p><b>Razprodajni artikli<\/b><\/p>\n\n<p>Vra\u010dilo je mo\u017eno samo za izdelke po rednih cenah. Za artikle v prodaji ni mogo\u010de povrniti denarja.<\/p>\n\n<p><\/p><h2>Izmenjave<\/h2>\n\n<p>Artikle zamenjamo le, \u010de so okvarjeni ali po\u0161kodovani. \u010ce ga morate zamenjati za isti artikel, nam po\u0161ljite e-po\u0161to na {e-po\u0161tni naslov} in po\u0161ljite svoj artikel na: {fizi\u010dni naslov}.<\/p>\n\n<p><\/p><h2>darila<\/h2>\n\n<p>\u010ce je bil artikel ob nakupu ozna\u010den kot darilo in poslan neposredno vam, boste prejeli darilni dobropis v vrednosti va\u0161ega vra\u010dila. Po prejemu vrnjenega artikla vam bomo po po\u0161ti poslali darilni bon.<\/p>\n\n<p>\u010ce artikel ob nakupu ni bil ozna\u010den kot darilo ali je obdarovalec dal naro\u010dilo poslati sebi, da vam ga izro\u010di pozneje, bomo darilcu vrnili kupnino in izvedel bo za va\u0161e vra\u010dilo.<\/p>\n\n<p><\/p><h2>Po\u0161iljanje vra\u010dil<\/h2>\n\n<p>\u010ce \u017eelite izdelek vrniti, ga po\u0161ljite po po\u0161ti na: {fizi\u010dni naslov}.<\/p>\n\n<p>Sami boste odgovorni za pla\u010dilo stro\u0161kov po\u0161iljanja za vra\u010dilo va\u0161ega predmeta. Stro\u0161ki po\u0161iljanja so nevra\u010dljivi. \u010ce prejmete vra\u010dilo, bo stro\u0161ek povratne po\u0161iljke od\u0161tet od va\u0161ega vra\u010dila.<\/p>\n\n<p>Odvisno od tega, kje \u017eivite, se lahko \u010das, ki traja, da va\u0161 zamenjani izdelek dose\u017ee, razlikuje.<\/p>\n\n<p>\u010ce vra\u010date dra\u017eje izdelke, lahko razmislite o uporabi sledljive storitve po\u0161iljanja ali nakupu zavarovanja po\u0161iljanja. Ne jam\u010dimo, da bomo prejeli va\u0161 vrnjeni izdelek.<\/p>\n\n<p><\/p><h2>Potrebujete pomo\u010d?<\/h2>\n\n<p>Pi\u0161ite nam na{email} za vpra\u0161anja v zvezi z vra\u010dili in vra\u010dili.<\/p>\n","protected":false},"excerpt":{"rendered":"<p>To je vzor\u010dna stran. Overview Na\u0161a politika vra\u010dil in vra\u010dil traja 30 dni. \u010ce je od va\u0161ega nakupa minilo 30 dni, vam ne moremo ponuditi celotnega vra\u010dila ali zamenjave. Da bi bil va\u0161 artikel upravi\u010den do vra\u010dila, mora biti neuporabljen in v enakem stanju, kot ste ga prejeli. Prav tako mora biti v originalni embala\u017ei. [&#8230;]\n","protected":false},"author":1,"featured_media":0,"parent":0,"menu_order":15,"comment_status":"closed","ping_status":"closed","template":"","meta":{"footnotes":""},"class_list":["post-21513","page","type-page","status-publish","hentry"],"_links":{"self":[{"href":"https:\/\/macchiaverde-bio.shop\/sl\/wp-json\/wp\/v2\/pages\/21513","targetHints":{"allow":["GET"]}}],"collection":[{"href":"https:\/\/macchiaverde-bio.shop\/sl\/wp-json\/wp\/v2\/pages"}],"about":[{"href":"https:\/\/macchiaverde-bio.shop\/sl\/wp-json\/wp\/v2\/types\/page"}],"author":[{"embeddable":true,"href":"https:\/\/macchiaverde-bio.shop\/sl\/wp-json\/wp\/v2\/users\/1"}],"replies":[{"embeddable":true,"href":"https:\/\/macchiaverde-bio.shop\/sl\/wp-json\/wp\/v2\/comments?post=21513"}],"version-history":[{"count":0,"href":"https:\/\/macchiaverde-bio.shop\/sl\/wp-json\/wp\/v2\/pages\/21513\/revisions"}],"wp:attachment":[{"href":"https:\/\/macchiaverde-bio.shop\/sl\/wp-json\/wp\/v2\/media?parent=21513"}],"curies":[{"name":"wp","href":"https:\/\/api.w.org\/{rel}","templated":true}]}}