{"id":21511,"date":"2019-08-21T19:34:58","date_gmt":"2019-08-21T17:34:58","guid":{"rendered":"https:\/\/macchiaverde-bio.shop\/metode-posiljanja\/"},"modified":"2025-02-01T16:38:09","modified_gmt":"2025-02-01T15:38:09","slug":"metode-posiljanja","status":"publish","type":"page","link":"https:\/\/macchiaverde-bio.shop\/sl\/metode-posiljanja\/","title":{"rendered":"metode po\u0161iljanja"},"content":{"rendered":"\n<div class=\"container section-title-container\" ><h1 class=\"section-title section-title-normal\"><b aria-hidden=\"true\"><\/b><span class=\"section-title-main\" >metode po\u0161iljanja<\/span><b aria-hidden=\"true\"><\/b><\/h1><\/div>\n\n<p> <\/p>\n<h3><span style=\"color: #555555;\"><span style=\"caret-color: #555555;\">Dr\u017eavni ukazi<br><\/span><\/span><\/h3>\n<p>Za vsa naro\u010dila na macchiaverde-bio.shop v <strong>Nem\u010diji<\/strong> in <strong>Avstriji<\/strong> <strong>ne zara\u010dunamo nobenih stro\u0161kov po\u0161iljanja<\/strong> .<br> To velja za vse po\u0161iljke s skupno te\u017eo do 16,5 kg.<br> Va\u0161e naro\u010dilo olj\u010dnega olja bo poslano neposredno iz Italije z razli\u010dnimi kurirji.<\/p>\n<p> <\/p>\n<h3><span style=\"color: #555555;\"><span style=\"caret-color: #555555;\">Mednarodna naro\u010dila<br><\/span><\/span><\/h3>\n<p>Dostavljamo\/po\u0161iljamo v naslednje dr\u017eave:<\/p>\n<div class=\"row row-small\" style=\"max-width:75%\" id=\"row-603153018\">\n\n\n\t<div id=\"col-796722240\" class=\"col medium-3 small-12 large-3\"  >\n\t\t\t\t<div class=\"col-inner\"  >\n\t\t\t\n\t\t\t\n\n<ul>\n<li class=\"av-special-heading-tag\">Belgija<\/li>\n<li>Danska<\/li>\n<li>Anglija<\/li>\n<li>Finska<\/li>\n<li>Francija<\/li>\n<li class=\"av-special-heading-tag\">Liechtenstein<\/li>\n<\/ul>\n\n\t\t<\/div>\n\t\t\t\t\t<\/div>\n\n\t\n\n\t<div id=\"col-178953771\" class=\"col medium-3 small-12 large-3\"  >\n\t\t\t\t<div class=\"col-inner\"  >\n\t\t\t\n\t\t\t\n\n<ul>\n<li class=\"av-special-heading-tag\">Luksemburg<\/li>\n<li class=\"av-special-heading-tag\">Nizozemska<\/li>\n<li>Norve\u0161ka<\/li>\n<li class=\"av-special-heading-tag\">Poljska<\/li>\n<li>\u0160vedska<\/li>\n<\/ul>\n\n\t\t<\/div>\n\t\t\t\t\t<\/div>\n\n\t\n\n\t<div id=\"col-255813587\" class=\"col medium-3 small-12 large-3\"  >\n\t\t\t\t<div class=\"col-inner\"  >\n\t\t\t\n\t\t\t\n\n<ul>\n<li class=\"av-special-heading-tag\">\u0160vica<\/li>\n<li class=\"av-special-heading-tag\">Slova\u0161ka<\/li>\n<li class=\"av-special-heading-tag\">Slovenija<\/li>\n<li class=\"av-special-heading-tag\">\u010ce\u0161ka<\/li>\n<li class=\"av-special-heading-tag\">Mad\u017earska<\/li>\n<\/ul>\n\n\t\t<\/div>\n\t\t\t\t\t<\/div>\n\n\t\n\n<\/div>\n<h3>Mednarodni stro\u0161ki po\u0161iljanja<\/h3>\n<p>Zaradi vi\u0161jih stro\u0161kov po\u0161iljanja zara\u010dunamo stro\u0161ke po\u0161iljanja 14,90 EUR.<\/p>\n<div class=\"is-divider divider clearfix\" style=\"max-width:100%;height:1px;\"><\/div>\n\n<h3 class=\"av-special-heading-tag\">Na\u0161i partnerji za dostavo<\/h3>\n<div class=\"row align-middle align-center\"  id=\"row-1560151609\">\n\n\n\t<div id=\"col-2006849683\" class=\"col medium-3 small-6 large-3\"  >\n\t\t\t\t<div class=\"col-inner\"  >\n\t\t\t\n\t\t\t\n\n\t<div class=\"img has-hover x md-x lg-x y md-y lg-y\" id=\"image_1885349850\">\n\t\t\t\t\t\t\t\t<div class=\"img-inner dark\" >\n\t\t\t\t\t\t\t\t\t\n\t\t\t\t\t<\/div>\n\t\t\t\t\t\t\t\t\n<style>\n#image_1885349850 {\n  width: 100%;\n}\n<\/style>\n\t<\/div>\n\t\n\n\n\t\t<\/div>\n\t\t\t\t\t<\/div>\n\n\t\n\n\t<div id=\"col-889895919\" class=\"col medium-3 small-6 large-3\"  >\n\t\t\t\t<div class=\"col-inner\"  >\n\t\t\t\n\t\t\t\n\n\t<div class=\"img has-hover x md-x lg-x y md-y lg-y\" id=\"image_1410469723\">\n\t\t\t\t\t\t\t\t<div class=\"img-inner dark\" >\n\t\t\t\t\t\t\t\t\t\n\t\t\t\t\t<\/div>\n\t\t\t\t\t\t\t\t\n<style>\n#image_1410469723 {\n  width: 100%;\n}\n<\/style>\n\t<\/div>\n\t\n\n\n\t\t<\/div>\n\t\t\t\t\t<\/div>\n\n\t\n\n\t<div id=\"col-796114228\" class=\"col medium-3 small-6 large-3\"  >\n\t\t\t\t<div class=\"col-inner\"  >\n\t\t\t\n\t\t\t\n\n\t<div class=\"img has-hover x md-x lg-x y md-y lg-y\" id=\"image_1647637742\">\n\t\t\t\t\t\t\t\t<div class=\"img-inner dark\" >\n\t\t\t\t\t\t\t\t\t\n\t\t\t\t\t<\/div>\n\t\t\t\t\t\t\t\t\n<style>\n#image_1647637742 {\n  width: 100%;\n}\n<\/style>\n\t<\/div>\n\t\n\n\n\t\t<\/div>\n\t\t\t\t\t<\/div>\n\n\t\n\n\t<div id=\"col-1213486176\" class=\"col medium-3 small-6 large-3\"  >\n\t\t\t\t<div class=\"col-inner\"  >\n\t\t\t\n\t\t\t\n\n\t<div class=\"img has-hover x md-x lg-x y md-y lg-y\" id=\"image_465699254\">\n\t\t\t\t\t\t\t\t<div class=\"img-inner dark\" >\n\t\t\t\t\t\t\t\t\t\n\t\t\t\t\t<\/div>\n\t\t\t\t\t\t\t\t\n<style>\n#image_465699254 {\n  width: 100%;\n}\n<\/style>\n\t<\/div>\n\t\n\n\n\t\t<\/div>\n\t\t\t\t\t<\/div>\n\n\t\n\n<\/div>\n\n","protected":false},"excerpt":{"rendered":"","protected":false},"author":1,"featured_media":0,"parent":0,"menu_order":12,"comment_status":"closed","ping_status":"closed","template":"","meta":{"footnotes":""},"class_list":["post-21511","page","type-page","status-publish","hentry"],"_links":{"self":[{"href":"https:\/\/macchiaverde-bio.shop\/sl\/wp-json\/wp\/v2\/pages\/21511","targetHints":{"allow":["GET"]}}],"collection":[{"href":"https:\/\/macchiaverde-bio.shop\/sl\/wp-json\/wp\/v2\/pages"}],"about":[{"href":"https:\/\/macchiaverde-bio.shop\/sl\/wp-json\/wp\/v2\/types\/page"}],"author":[{"embeddable":true,"href":"https:\/\/macchiaverde-bio.shop\/sl\/wp-json\/wp\/v2\/users\/1"}],"replies":[{"embeddable":true,"href":"https:\/\/macchiaverde-bio.shop\/sl\/wp-json\/wp\/v2\/comments?post=21511"}],"version-history":[{"count":0,"href":"https:\/\/macchiaverde-bio.shop\/sl\/wp-json\/wp\/v2\/pages\/21511\/revisions"}],"wp:attachment":[{"href":"https:\/\/macchiaverde-bio.shop\/sl\/wp-json\/wp\/v2\/media?parent=21511"}],"curies":[{"name":"wp","href":"https:\/\/api.w.org\/{rel}","templated":true}]}}